{"id":13070,"date":"2018-10-10T08:14:11","date_gmt":"2018-10-10T07:14:11","guid":{"rendered":"https:\/\/test.dagic.es\/?post_type=product&#038;p=13070"},"modified":"2020-03-20T13:53:29","modified_gmt":"2020-03-20T12:53:29","slug":"sillon-carton-ondulado-faceta","status":"publish","type":"product","link":"https:\/\/test.dagic.es\/fr\/producto\/sillon-carton-ondulado-faceta\/","title":{"rendered":"Banco modelo Faceta | Sill\u00f3n de cart\u00f3n de 2 plazas"},"excerpt":{"rendered":"<p><strong>Sill\u00f3n de cart\u00f3n<\/strong> ondulado modelo <strong>Faceta<\/strong>. Asiento de 2 plazas. Muy ligero y resistente.\u00a0 Disponible en exclusiva s\u00f3lo a trav\u00e9s de nuestra web <strong>test.dagic.es<\/strong>. Ideal para eventos, decoraci\u00f3n sostenible, o mobiliario auxiliar. Podemos producirlo en acabado b\u00e1sico marr\u00f3n kraft pero tambi\u00e9n podemos fabricarlo impreso en cualquier color o incluyendo im\u00e1genes, logotipos, etc.<\/p>\n","protected":false},"featured_media":15666,"comment_status":"open","ping_status":"closed","template":"","meta":{"_acf_changed":false,"inline_featured_image":false},"product_brand":[],"product_cat":[3031,3018,3036],"product_tag":[],"class_list":{"0":"post-13070","1":"product","2":"type-product","3":"status-publish","4":"has-post-thumbnail","6":"product_cat-chaises-et-bancs","7":"product_cat-muebles-en-carton","8":"product_cat-mobilier-pour-evenements-durables","9":"product_shipping_class-producto-grande","11":"first","12":"instock","13":"taxable","14":"shipping-taxable","15":"product-type-simple"},"acf":[],"yoast_head":"<!-- This site is optimized with the Yoast SEO plugin v27.2 - https:\/\/yoast.com\/product\/yoast-seo-wordpress\/ -->\n<title>Sill\u00f3n de cart\u00f3n | l\u00ednea FACETA | Compra Online dise\u00f1o ecol\u00f3gico<\/title>\n<meta name=\"description\" content=\"Sill\u00f3n de cart\u00f3n ondulado. Original y resistente. Producci\u00f3n con materiales ecol\u00f3gicos. Ideal eventos y decoraci\u00f3n sostenible. Dise\u00f1o exclusivo Cartonlab.\" \/>\n<meta name=\"robots\" content=\"index, follow, max-snippet:-1, max-image-preview:large, max-video-preview:-1\" \/>\n<link rel=\"canonical\" href=\"https:\/\/test.dagic.es\/fr\/producto\/sillon-carton-ondulado-faceta\/\" \/>\n<meta property=\"og:locale\" content=\"fr_FR\" \/>\n<meta property=\"og:type\" content=\"article\" \/>\n<meta property=\"og:title\" content=\"Sill\u00f3n de cart\u00f3n | l\u00ednea FACETA | Compra Online dise\u00f1o ecol\u00f3gico\" \/>\n<meta property=\"og:description\" content=\"Sill\u00f3n de cart\u00f3n ondulado. Original y resistente. Producci\u00f3n con materiales ecol\u00f3gicos. Ideal eventos y decoraci\u00f3n sostenible. Dise\u00f1o exclusivo Cartonlab.\" \/>\n<meta property=\"og:url\" content=\"https:\/\/test.dagic.es\/fr\/producto\/sillon-carton-ondulado-faceta\/\" \/>\n<meta property=\"og:site_name\" content=\"Cartonlab FR\" \/>\n<meta property=\"article:modified_time\" content=\"2020-03-20T12:53:29+00:00\" \/>\n<meta property=\"og:image\" content=\"https:\/\/test.dagic.es\/fr\/wp-content\/uploads\/sites\/5\/2018\/10\/sillon-de-carton-faceta-asiento-retoc-4.jpg\" \/>\n\t<meta property=\"og:image:width\" content=\"800\" \/>\n\t<meta property=\"og:image:height\" content=\"800\" \/>\n\t<meta property=\"og:image:type\" content=\"image\/jpeg\" \/>\n<meta name=\"twitter:card\" content=\"summary_large_image\" \/>\n<script type=\"application\/ld+json\" class=\"yoast-schema-graph\">{\"@context\":\"https:\/\/schema.org\",\"@graph\":[{\"@type\":\"WebPage\",\"@id\":\"https:\/\/test.dagic.es\/fr\/producto\/sillon-carton-ondulado-faceta\/\",\"url\":\"https:\/\/test.dagic.es\/fr\/producto\/sillon-carton-ondulado-faceta\/\",\"name\":\"Sill\u00f3n de cart\u00f3n | l\u00ednea FACETA | Compra Online dise\u00f1o ecol\u00f3gico\",\"isPartOf\":{\"@id\":\"https:\/\/test.dagic.es\/fr\/#website\"},\"primaryImageOfPage\":{\"@id\":\"https:\/\/test.dagic.es\/fr\/producto\/sillon-carton-ondulado-faceta\/#primaryimage\"},\"image\":{\"@id\":\"https:\/\/test.dagic.es\/fr\/producto\/sillon-carton-ondulado-faceta\/#primaryimage\"},\"thumbnailUrl\":\"https:\/\/test.dagic.es\/fr\/wp-content\/uploads\/sites\/5\/2018\/10\/sillon-de-carton-faceta-asiento-retoc-4.jpg\",\"datePublished\":\"2018-10-10T07:14:11+00:00\",\"dateModified\":\"2020-03-20T12:53:29+00:00\",\"description\":\"Sill\u00f3n de cart\u00f3n ondulado. Original y resistente. Producci\u00f3n con materiales ecol\u00f3gicos. Ideal eventos y decoraci\u00f3n sostenible. Dise\u00f1o exclusivo Cartonlab.\",\"breadcrumb\":{\"@id\":\"https:\/\/test.dagic.es\/fr\/producto\/sillon-carton-ondulado-faceta\/#breadcrumb\"},\"inLanguage\":\"fr-FR\",\"potentialAction\":[{\"@type\":\"ReadAction\",\"target\":[\"https:\/\/test.dagic.es\/fr\/producto\/sillon-carton-ondulado-faceta\/\"]}]},{\"@type\":\"ImageObject\",\"inLanguage\":\"fr-FR\",\"@id\":\"https:\/\/test.dagic.es\/fr\/producto\/sillon-carton-ondulado-faceta\/#primaryimage\",\"url\":\"https:\/\/test.dagic.es\/fr\/wp-content\/uploads\/sites\/5\/2018\/10\/sillon-de-carton-faceta-asiento-retoc-4.jpg\",\"contentUrl\":\"https:\/\/test.dagic.es\/fr\/wp-content\/uploads\/sites\/5\/2018\/10\/sillon-de-carton-faceta-asiento-retoc-4.jpg\",\"width\":800,\"height\":800},{\"@type\":\"BreadcrumbList\",\"@id\":\"https:\/\/test.dagic.es\/fr\/producto\/sillon-carton-ondulado-faceta\/#breadcrumb\",\"itemListElement\":[{\"@type\":\"ListItem\",\"position\":1,\"name\":\"Accueil\",\"item\":\"https:\/\/test.dagic.es\/fr\/\"},{\"@type\":\"ListItem\",\"position\":2,\"name\":\"Produits\",\"item\":\"https:\/\/test.dagic.es\/fr\/shop\/\"},{\"@type\":\"ListItem\",\"position\":3,\"name\":\"Banco modelo Faceta | Sill\u00f3n de cart\u00f3n de 2 plazas\"}]},{\"@type\":\"WebSite\",\"@id\":\"https:\/\/test.dagic.es\/fr\/#website\",\"url\":\"https:\/\/test.dagic.es\/fr\/\",\"name\":\"Cartonlab FR\",\"description\":\"Cartonlab | Projets internationaux pour \u00e9v\u00e9nements et stands\",\"publisher\":{\"@id\":\"https:\/\/test.dagic.es\/fr\/#organization\"},\"potentialAction\":[{\"@type\":\"SearchAction\",\"target\":{\"@type\":\"EntryPoint\",\"urlTemplate\":\"https:\/\/test.dagic.es\/fr\/?s={search_term_string}\"},\"query-input\":{\"@type\":\"PropertyValueSpecification\",\"valueRequired\":true,\"valueName\":\"search_term_string\"}}],\"inLanguage\":\"fr-FR\"},{\"@type\":\"Organization\",\"@id\":\"https:\/\/test.dagic.es\/fr\/#organization\",\"name\":\"Cartonlab FR\",\"url\":\"https:\/\/test.dagic.es\/fr\/\",\"logo\":{\"@type\":\"ImageObject\",\"inLanguage\":\"fr-FR\",\"@id\":\"https:\/\/test.dagic.es\/fr\/#\/schema\/logo\/image\/\",\"url\":\"https:\/\/test.dagic.es\/fr\/wp-content\/uploads\/sites\/5\/2023\/07\/logo.svg\",\"contentUrl\":\"https:\/\/test.dagic.es\/fr\/wp-content\/uploads\/sites\/5\/2023\/07\/logo.svg\",\"width\":163,\"height\":44,\"caption\":\"Cartonlab FR\"},\"image\":{\"@id\":\"https:\/\/test.dagic.es\/fr\/#\/schema\/logo\/image\/\"}}]}<\/script>\n<!-- \/ Yoast SEO plugin. -->","yoast_head_json":{"title":"Sill\u00f3n de cart\u00f3n | l\u00ednea FACETA | Compra Online dise\u00f1o ecol\u00f3gico","description":"Sill\u00f3n de cart\u00f3n ondulado. Original y resistente. Producci\u00f3n con materiales ecol\u00f3gicos. Ideal eventos y decoraci\u00f3n sostenible. Dise\u00f1o exclusivo Cartonlab.","robots":{"index":"index","follow":"follow","max-snippet":"max-snippet:-1","max-image-preview":"max-image-preview:large","max-video-preview":"max-video-preview:-1"},"canonical":"https:\/\/test.dagic.es\/fr\/producto\/sillon-carton-ondulado-faceta\/","og_locale":"fr_FR","og_type":"article","og_title":"Sill\u00f3n de cart\u00f3n | l\u00ednea FACETA | Compra Online dise\u00f1o ecol\u00f3gico","og_description":"Sill\u00f3n de cart\u00f3n ondulado. Original y resistente. Producci\u00f3n con materiales ecol\u00f3gicos. Ideal eventos y decoraci\u00f3n sostenible. Dise\u00f1o exclusivo Cartonlab.","og_url":"https:\/\/test.dagic.es\/fr\/producto\/sillon-carton-ondulado-faceta\/","og_site_name":"Cartonlab FR","article_modified_time":"2020-03-20T12:53:29+00:00","og_image":[{"width":800,"height":800,"url":"https:\/\/test.dagic.es\/fr\/wp-content\/uploads\/sites\/5\/2018\/10\/sillon-de-carton-faceta-asiento-retoc-4.jpg","type":"image\/jpeg"}],"twitter_card":"summary_large_image","schema":{"@context":"https:\/\/schema.org","@graph":[{"@type":"WebPage","@id":"https:\/\/test.dagic.es\/fr\/producto\/sillon-carton-ondulado-faceta\/","url":"https:\/\/test.dagic.es\/fr\/producto\/sillon-carton-ondulado-faceta\/","name":"Sill\u00f3n de cart\u00f3n | l\u00ednea FACETA | Compra Online dise\u00f1o ecol\u00f3gico","isPartOf":{"@id":"https:\/\/test.dagic.es\/fr\/#website"},"primaryImageOfPage":{"@id":"https:\/\/test.dagic.es\/fr\/producto\/sillon-carton-ondulado-faceta\/#primaryimage"},"image":{"@id":"https:\/\/test.dagic.es\/fr\/producto\/sillon-carton-ondulado-faceta\/#primaryimage"},"thumbnailUrl":"https:\/\/test.dagic.es\/fr\/wp-content\/uploads\/sites\/5\/2018\/10\/sillon-de-carton-faceta-asiento-retoc-4.jpg","datePublished":"2018-10-10T07:14:11+00:00","dateModified":"2020-03-20T12:53:29+00:00","description":"Sill\u00f3n de cart\u00f3n ondulado. Original y resistente. Producci\u00f3n con materiales ecol\u00f3gicos. Ideal eventos y decoraci\u00f3n sostenible. Dise\u00f1o exclusivo Cartonlab.","breadcrumb":{"@id":"https:\/\/test.dagic.es\/fr\/producto\/sillon-carton-ondulado-faceta\/#breadcrumb"},"inLanguage":"fr-FR","potentialAction":[{"@type":"ReadAction","target":["https:\/\/test.dagic.es\/fr\/producto\/sillon-carton-ondulado-faceta\/"]}]},{"@type":"ImageObject","inLanguage":"fr-FR","@id":"https:\/\/test.dagic.es\/fr\/producto\/sillon-carton-ondulado-faceta\/#primaryimage","url":"https:\/\/test.dagic.es\/fr\/wp-content\/uploads\/sites\/5\/2018\/10\/sillon-de-carton-faceta-asiento-retoc-4.jpg","contentUrl":"https:\/\/test.dagic.es\/fr\/wp-content\/uploads\/sites\/5\/2018\/10\/sillon-de-carton-faceta-asiento-retoc-4.jpg","width":800,"height":800},{"@type":"BreadcrumbList","@id":"https:\/\/test.dagic.es\/fr\/producto\/sillon-carton-ondulado-faceta\/#breadcrumb","itemListElement":[{"@type":"ListItem","position":1,"name":"Accueil","item":"https:\/\/test.dagic.es\/fr\/"},{"@type":"ListItem","position":2,"name":"Produits","item":"https:\/\/test.dagic.es\/fr\/shop\/"},{"@type":"ListItem","position":3,"name":"Banco modelo Faceta | Sill\u00f3n de cart\u00f3n de 2 plazas"}]},{"@type":"WebSite","@id":"https:\/\/test.dagic.es\/fr\/#website","url":"https:\/\/test.dagic.es\/fr\/","name":"Cartonlab FR","description":"Cartonlab | Projets internationaux pour \u00e9v\u00e9nements et stands","publisher":{"@id":"https:\/\/test.dagic.es\/fr\/#organization"},"potentialAction":[{"@type":"SearchAction","target":{"@type":"EntryPoint","urlTemplate":"https:\/\/test.dagic.es\/fr\/?s={search_term_string}"},"query-input":{"@type":"PropertyValueSpecification","valueRequired":true,"valueName":"search_term_string"}}],"inLanguage":"fr-FR"},{"@type":"Organization","@id":"https:\/\/test.dagic.es\/fr\/#organization","name":"Cartonlab FR","url":"https:\/\/test.dagic.es\/fr\/","logo":{"@type":"ImageObject","inLanguage":"fr-FR","@id":"https:\/\/test.dagic.es\/fr\/#\/schema\/logo\/image\/","url":"https:\/\/test.dagic.es\/fr\/wp-content\/uploads\/sites\/5\/2023\/07\/logo.svg","contentUrl":"https:\/\/test.dagic.es\/fr\/wp-content\/uploads\/sites\/5\/2023\/07\/logo.svg","width":163,"height":44,"caption":"Cartonlab FR"},"image":{"@id":"https:\/\/test.dagic.es\/fr\/#\/schema\/logo\/image\/"}}]}},"_links":{"self":[{"href":"https:\/\/test.dagic.es\/fr\/wp-json\/wp\/v2\/product\/13070","targetHints":{"allow":["GET"]}}],"collection":[{"href":"https:\/\/test.dagic.es\/fr\/wp-json\/wp\/v2\/product"}],"about":[{"href":"https:\/\/test.dagic.es\/fr\/wp-json\/wp\/v2\/types\/product"}],"replies":[{"embeddable":true,"href":"https:\/\/test.dagic.es\/fr\/wp-json\/wp\/v2\/comments?post=13070"}],"wp:featuredmedia":[{"embeddable":true,"href":"https:\/\/test.dagic.es\/fr\/wp-json\/wp\/v2\/media\/15666"}],"wp:attachment":[{"href":"https:\/\/test.dagic.es\/fr\/wp-json\/wp\/v2\/media?parent=13070"}],"wp:term":[{"taxonomy":"product_brand","embeddable":true,"href":"https:\/\/test.dagic.es\/fr\/wp-json\/wp\/v2\/product_brand?post=13070"},{"taxonomy":"product_cat","embeddable":true,"href":"https:\/\/test.dagic.es\/fr\/wp-json\/wp\/v2\/product_cat?post=13070"},{"taxonomy":"product_tag","embeddable":true,"href":"https:\/\/test.dagic.es\/fr\/wp-json\/wp\/v2\/product_tag?post=13070"}],"curies":[{"name":"wp","href":"https:\/\/api.w.org\/{rel}","templated":true}]}}