{"id":12749,"date":"2018-10-08T12:41:12","date_gmt":"2018-10-08T11:41:12","guid":{"rendered":"https:\/\/test.dagic.es\/?post_type=product&#038;p=12749"},"modified":"2020-02-10T10:23:51","modified_gmt":"2020-02-10T09:23:51","slug":"arbol-de-navidad-gigante","status":"publish","type":"product","link":"https:\/\/test.dagic.es\/fr\/producto\/arbol-de-navidad-gigante\/","title":{"rendered":"\u00c1rbol de navidad gigante | 4 metros de altura"},"excerpt":{"rendered":"<p><strong>\u00c1rbol de navidad gigante,<\/strong>\u00a0 ideal para <strong>espacios p\u00fablicos interiores<\/strong>, centros comerciales, hoteles, halls de empresas e instituciones. Este abeto de navidad de gran formato est\u00e1 producido 100% en cart\u00f3n estructural.\u00a0 Se entrega desmontado en un <strong>paquete plano<\/strong>. Dos personas lo instalan en 20 minutos sin necesidad de herramientas, escalera o piezas especiales. C\u00f3modo para almacenar y reutilizar en sucesivas campa\u00f1as de Navidad.\u00a0 Se puede pintar y decorar de mil formas. Preg\u00fantanos tambi\u00e9n por otros acabados personalizados (color, etc&#8230;) a info@test.dagic.es.<\/p>\n<p>Aqu\u00ed puedes ver algunos de nuestros dise\u00f1os y proyectos para Navidad:<\/p>\n<p><a href=\"\/proyecto\/actividades-infantiles-en-centros-comerciales\/\" target=\"_blank\" rel=\"noopener noreferrer\">Decoraci\u00f3n de Navidad en Centro Comercial<\/a><\/p>\n<p><a href=\"\/proyecto\/decoracion-arbol-navidad-chamartin\/\" target=\"_blank\" rel=\"noopener noreferrer\">Decoraci\u00f3n Navide\u00f1a en Estaciones de tren<\/a><\/p>\n<p><a href=\"\/blog\/decoracion-navidad-original-empresas\/\" target=\"_blank\" rel=\"noopener noreferrer\">Decoraci\u00f3n para Navidad en empresas<\/a><\/p>\n<p><a href=\"\/proyecto\/decoracion-navidad-centro-comercial-econavidad\/\">Econavidad. Decoraci\u00f3n Navide\u00f1a en Centro Comercial Islazul Madrid<\/a><\/p>\n<p><a href=\"\/proyecto\/arbol-gigante-de-carton\/\" target=\"_blank\" rel=\"noopener noreferrer\">\u00c1rbol gigante de cart\u00f3n para eventos<\/a><\/p>\n","protected":false},"featured_media":12907,"comment_status":"open","ping_status":"closed","template":"","meta":{"_acf_changed":false,"inline_featured_image":false},"product_brand":[],"product_cat":[3095,3038,3041,3043],"product_tag":[],"class_list":{"0":"post-12749","1":"product","2":"type-product","3":"status-publish","4":"has-post-thumbnail","6":"product_cat-arbres-en-carton","7":"product_cat-arbres-en-carton-de-decoration","8":"product_cat-decor","9":"product_cat-decorations-de-noel","10":"product_shipping_class-producto-muy-grande","12":"first","13":"instock","14":"taxable","15":"shipping-taxable","16":"product-type-simple"},"acf":[],"yoast_head":"<!-- This site is optimized with the Yoast SEO plugin v27.2 - https:\/\/yoast.com\/product\/yoast-seo-wordpress\/ -->\n<title>\u00c1rbol de navidad gigante de 4 metros | Ecol\u00f3gico y f\u00e1cil de montar | Compra Online<\/title>\n<meta name=\"description\" content=\"\u00c1rbol de navidad gigante ecol\u00f3gico. F\u00e1cil montaje. 4m de altura. Dise\u00f1ado y producido en Espa\u00f1a con cart\u00f3n estructural. Ideal espacios p\u00fablicos interiores.\" \/>\n<meta name=\"robots\" content=\"index, follow, max-snippet:-1, max-image-preview:large, max-video-preview:-1\" \/>\n<link rel=\"canonical\" href=\"https:\/\/test.dagic.es\/fr\/producto\/arbol-de-navidad-gigante\/\" \/>\n<meta property=\"og:locale\" content=\"fr_FR\" \/>\n<meta property=\"og:type\" content=\"article\" \/>\n<meta property=\"og:title\" content=\"\u00c1rbol de navidad gigante de 4 metros | Ecol\u00f3gico y f\u00e1cil de montar | Compra Online\" \/>\n<meta property=\"og:description\" content=\"\u00c1rbol de navidad gigante ecol\u00f3gico. F\u00e1cil montaje. 4m de altura. Dise\u00f1ado y producido en Espa\u00f1a con cart\u00f3n estructural. Ideal espacios p\u00fablicos interiores.\" \/>\n<meta property=\"og:url\" content=\"https:\/\/test.dagic.es\/fr\/producto\/arbol-de-navidad-gigante\/\" \/>\n<meta property=\"og:site_name\" content=\"Cartonlab FR\" \/>\n<meta property=\"article:modified_time\" content=\"2020-02-10T09:23:51+00:00\" \/>\n<meta property=\"og:image\" content=\"https:\/\/test.dagic.es\/fr\/wp-content\/uploads\/sites\/5\/2018\/10\/arbol-de-navidad-gigante-carton-ecologico-01.jpg\" \/>\n\t<meta property=\"og:image:width\" content=\"800\" \/>\n\t<meta property=\"og:image:height\" content=\"800\" \/>\n\t<meta property=\"og:image:type\" content=\"image\/jpeg\" \/>\n<meta name=\"twitter:card\" content=\"summary_large_image\" \/>\n<script type=\"application\/ld+json\" class=\"yoast-schema-graph\">{\"@context\":\"https:\/\/schema.org\",\"@graph\":[{\"@type\":\"WebPage\",\"@id\":\"https:\/\/test.dagic.es\/fr\/producto\/arbol-de-navidad-gigante\/\",\"url\":\"https:\/\/test.dagic.es\/fr\/producto\/arbol-de-navidad-gigante\/\",\"name\":\"\u00c1rbol de navidad gigante de 4 metros | Ecol\u00f3gico y f\u00e1cil de montar | Compra Online\",\"isPartOf\":{\"@id\":\"https:\/\/test.dagic.es\/fr\/#website\"},\"primaryImageOfPage\":{\"@id\":\"https:\/\/test.dagic.es\/fr\/producto\/arbol-de-navidad-gigante\/#primaryimage\"},\"image\":{\"@id\":\"https:\/\/test.dagic.es\/fr\/producto\/arbol-de-navidad-gigante\/#primaryimage\"},\"thumbnailUrl\":\"https:\/\/test.dagic.es\/fr\/wp-content\/uploads\/sites\/5\/2018\/10\/arbol-de-navidad-gigante-carton-ecologico-01.jpg\",\"datePublished\":\"2018-10-08T11:41:12+00:00\",\"dateModified\":\"2020-02-10T09:23:51+00:00\",\"description\":\"\u00c1rbol de navidad gigante ecol\u00f3gico. F\u00e1cil montaje. 4m de altura. Dise\u00f1ado y producido en Espa\u00f1a con cart\u00f3n estructural. Ideal espacios p\u00fablicos interiores.\",\"breadcrumb\":{\"@id\":\"https:\/\/test.dagic.es\/fr\/producto\/arbol-de-navidad-gigante\/#breadcrumb\"},\"inLanguage\":\"fr-FR\",\"potentialAction\":[{\"@type\":\"ReadAction\",\"target\":[\"https:\/\/test.dagic.es\/fr\/producto\/arbol-de-navidad-gigante\/\"]}]},{\"@type\":\"ImageObject\",\"inLanguage\":\"fr-FR\",\"@id\":\"https:\/\/test.dagic.es\/fr\/producto\/arbol-de-navidad-gigante\/#primaryimage\",\"url\":\"https:\/\/test.dagic.es\/fr\/wp-content\/uploads\/sites\/5\/2018\/10\/arbol-de-navidad-gigante-carton-ecologico-01.jpg\",\"contentUrl\":\"https:\/\/test.dagic.es\/fr\/wp-content\/uploads\/sites\/5\/2018\/10\/arbol-de-navidad-gigante-carton-ecologico-01.jpg\",\"width\":800,\"height\":800,\"caption\":\"\u00e1rbol de navidad gigante ecol\u00f3gico\"},{\"@type\":\"BreadcrumbList\",\"@id\":\"https:\/\/test.dagic.es\/fr\/producto\/arbol-de-navidad-gigante\/#breadcrumb\",\"itemListElement\":[{\"@type\":\"ListItem\",\"position\":1,\"name\":\"Accueil\",\"item\":\"https:\/\/test.dagic.es\/fr\/\"},{\"@type\":\"ListItem\",\"position\":2,\"name\":\"Produits\",\"item\":\"https:\/\/test.dagic.es\/fr\/shop\/\"},{\"@type\":\"ListItem\",\"position\":3,\"name\":\"\u00c1rbol de navidad gigante | 4 metros de altura\"}]},{\"@type\":\"WebSite\",\"@id\":\"https:\/\/test.dagic.es\/fr\/#website\",\"url\":\"https:\/\/test.dagic.es\/fr\/\",\"name\":\"Cartonlab FR\",\"description\":\"Cartonlab | Projets internationaux pour \u00e9v\u00e9nements et stands\",\"publisher\":{\"@id\":\"https:\/\/test.dagic.es\/fr\/#organization\"},\"potentialAction\":[{\"@type\":\"SearchAction\",\"target\":{\"@type\":\"EntryPoint\",\"urlTemplate\":\"https:\/\/test.dagic.es\/fr\/?s={search_term_string}\"},\"query-input\":{\"@type\":\"PropertyValueSpecification\",\"valueRequired\":true,\"valueName\":\"search_term_string\"}}],\"inLanguage\":\"fr-FR\"},{\"@type\":\"Organization\",\"@id\":\"https:\/\/test.dagic.es\/fr\/#organization\",\"name\":\"Cartonlab FR\",\"url\":\"https:\/\/test.dagic.es\/fr\/\",\"logo\":{\"@type\":\"ImageObject\",\"inLanguage\":\"fr-FR\",\"@id\":\"https:\/\/test.dagic.es\/fr\/#\/schema\/logo\/image\/\",\"url\":\"https:\/\/test.dagic.es\/fr\/wp-content\/uploads\/sites\/5\/2023\/07\/logo.svg\",\"contentUrl\":\"https:\/\/test.dagic.es\/fr\/wp-content\/uploads\/sites\/5\/2023\/07\/logo.svg\",\"width\":163,\"height\":44,\"caption\":\"Cartonlab FR\"},\"image\":{\"@id\":\"https:\/\/test.dagic.es\/fr\/#\/schema\/logo\/image\/\"}}]}<\/script>\n<!-- \/ Yoast SEO plugin. -->","yoast_head_json":{"title":"\u00c1rbol de navidad gigante de 4 metros | Ecol\u00f3gico y f\u00e1cil de montar | Compra Online","description":"\u00c1rbol de navidad gigante ecol\u00f3gico. F\u00e1cil montaje. 4m de altura. Dise\u00f1ado y producido en Espa\u00f1a con cart\u00f3n estructural. Ideal espacios p\u00fablicos interiores.","robots":{"index":"index","follow":"follow","max-snippet":"max-snippet:-1","max-image-preview":"max-image-preview:large","max-video-preview":"max-video-preview:-1"},"canonical":"https:\/\/test.dagic.es\/fr\/producto\/arbol-de-navidad-gigante\/","og_locale":"fr_FR","og_type":"article","og_title":"\u00c1rbol de navidad gigante de 4 metros | Ecol\u00f3gico y f\u00e1cil de montar | Compra Online","og_description":"\u00c1rbol de navidad gigante ecol\u00f3gico. F\u00e1cil montaje. 4m de altura. Dise\u00f1ado y producido en Espa\u00f1a con cart\u00f3n estructural. Ideal espacios p\u00fablicos interiores.","og_url":"https:\/\/test.dagic.es\/fr\/producto\/arbol-de-navidad-gigante\/","og_site_name":"Cartonlab FR","article_modified_time":"2020-02-10T09:23:51+00:00","og_image":[{"width":800,"height":800,"url":"https:\/\/test.dagic.es\/fr\/wp-content\/uploads\/sites\/5\/2018\/10\/arbol-de-navidad-gigante-carton-ecologico-01.jpg","type":"image\/jpeg"}],"twitter_card":"summary_large_image","schema":{"@context":"https:\/\/schema.org","@graph":[{"@type":"WebPage","@id":"https:\/\/test.dagic.es\/fr\/producto\/arbol-de-navidad-gigante\/","url":"https:\/\/test.dagic.es\/fr\/producto\/arbol-de-navidad-gigante\/","name":"\u00c1rbol de navidad gigante de 4 metros | Ecol\u00f3gico y f\u00e1cil de montar | Compra Online","isPartOf":{"@id":"https:\/\/test.dagic.es\/fr\/#website"},"primaryImageOfPage":{"@id":"https:\/\/test.dagic.es\/fr\/producto\/arbol-de-navidad-gigante\/#primaryimage"},"image":{"@id":"https:\/\/test.dagic.es\/fr\/producto\/arbol-de-navidad-gigante\/#primaryimage"},"thumbnailUrl":"https:\/\/test.dagic.es\/fr\/wp-content\/uploads\/sites\/5\/2018\/10\/arbol-de-navidad-gigante-carton-ecologico-01.jpg","datePublished":"2018-10-08T11:41:12+00:00","dateModified":"2020-02-10T09:23:51+00:00","description":"\u00c1rbol de navidad gigante ecol\u00f3gico. F\u00e1cil montaje. 4m de altura. Dise\u00f1ado y producido en Espa\u00f1a con cart\u00f3n estructural. Ideal espacios p\u00fablicos interiores.","breadcrumb":{"@id":"https:\/\/test.dagic.es\/fr\/producto\/arbol-de-navidad-gigante\/#breadcrumb"},"inLanguage":"fr-FR","potentialAction":[{"@type":"ReadAction","target":["https:\/\/test.dagic.es\/fr\/producto\/arbol-de-navidad-gigante\/"]}]},{"@type":"ImageObject","inLanguage":"fr-FR","@id":"https:\/\/test.dagic.es\/fr\/producto\/arbol-de-navidad-gigante\/#primaryimage","url":"https:\/\/test.dagic.es\/fr\/wp-content\/uploads\/sites\/5\/2018\/10\/arbol-de-navidad-gigante-carton-ecologico-01.jpg","contentUrl":"https:\/\/test.dagic.es\/fr\/wp-content\/uploads\/sites\/5\/2018\/10\/arbol-de-navidad-gigante-carton-ecologico-01.jpg","width":800,"height":800,"caption":"\u00e1rbol de navidad gigante ecol\u00f3gico"},{"@type":"BreadcrumbList","@id":"https:\/\/test.dagic.es\/fr\/producto\/arbol-de-navidad-gigante\/#breadcrumb","itemListElement":[{"@type":"ListItem","position":1,"name":"Accueil","item":"https:\/\/test.dagic.es\/fr\/"},{"@type":"ListItem","position":2,"name":"Produits","item":"https:\/\/test.dagic.es\/fr\/shop\/"},{"@type":"ListItem","position":3,"name":"\u00c1rbol de navidad gigante | 4 metros de altura"}]},{"@type":"WebSite","@id":"https:\/\/test.dagic.es\/fr\/#website","url":"https:\/\/test.dagic.es\/fr\/","name":"Cartonlab FR","description":"Cartonlab | Projets internationaux pour \u00e9v\u00e9nements et stands","publisher":{"@id":"https:\/\/test.dagic.es\/fr\/#organization"},"potentialAction":[{"@type":"SearchAction","target":{"@type":"EntryPoint","urlTemplate":"https:\/\/test.dagic.es\/fr\/?s={search_term_string}"},"query-input":{"@type":"PropertyValueSpecification","valueRequired":true,"valueName":"search_term_string"}}],"inLanguage":"fr-FR"},{"@type":"Organization","@id":"https:\/\/test.dagic.es\/fr\/#organization","name":"Cartonlab FR","url":"https:\/\/test.dagic.es\/fr\/","logo":{"@type":"ImageObject","inLanguage":"fr-FR","@id":"https:\/\/test.dagic.es\/fr\/#\/schema\/logo\/image\/","url":"https:\/\/test.dagic.es\/fr\/wp-content\/uploads\/sites\/5\/2023\/07\/logo.svg","contentUrl":"https:\/\/test.dagic.es\/fr\/wp-content\/uploads\/sites\/5\/2023\/07\/logo.svg","width":163,"height":44,"caption":"Cartonlab FR"},"image":{"@id":"https:\/\/test.dagic.es\/fr\/#\/schema\/logo\/image\/"}}]}},"_links":{"self":[{"href":"https:\/\/test.dagic.es\/fr\/wp-json\/wp\/v2\/product\/12749","targetHints":{"allow":["GET"]}}],"collection":[{"href":"https:\/\/test.dagic.es\/fr\/wp-json\/wp\/v2\/product"}],"about":[{"href":"https:\/\/test.dagic.es\/fr\/wp-json\/wp\/v2\/types\/product"}],"replies":[{"embeddable":true,"href":"https:\/\/test.dagic.es\/fr\/wp-json\/wp\/v2\/comments?post=12749"}],"wp:featuredmedia":[{"embeddable":true,"href":"https:\/\/test.dagic.es\/fr\/wp-json\/wp\/v2\/media\/12907"}],"wp:attachment":[{"href":"https:\/\/test.dagic.es\/fr\/wp-json\/wp\/v2\/media?parent=12749"}],"wp:term":[{"taxonomy":"product_brand","embeddable":true,"href":"https:\/\/test.dagic.es\/fr\/wp-json\/wp\/v2\/product_brand?post=12749"},{"taxonomy":"product_cat","embeddable":true,"href":"https:\/\/test.dagic.es\/fr\/wp-json\/wp\/v2\/product_cat?post=12749"},{"taxonomy":"product_tag","embeddable":true,"href":"https:\/\/test.dagic.es\/fr\/wp-json\/wp\/v2\/product_tag?post=12749"}],"curies":[{"name":"wp","href":"https:\/\/api.w.org\/{rel}","templated":true}]}}