{"id":12712,"date":"2018-10-09T10:47:51","date_gmt":"2018-10-09T09:47:51","guid":{"rendered":"https:\/\/test.dagic.es\/?post_type=product&#038;p=12712"},"modified":"2020-11-17T11:56:50","modified_gmt":"2020-11-17T10:56:50","slug":"armario-perchero","status":"publish","type":"product","link":"https:\/\/test.dagic.es\/fr\/producto\/armario-perchero\/","title":{"rendered":"Armario perchero | Expositor para tiendas de ropa"},"excerpt":{"rendered":"<p><strong>Armario perchero ecol\u00f3gico<\/strong>. Mobiliario especialmente dise\u00f1ado para tiendas de ropa. Ideal para retail, pop up stores, y mobiliario comercial.\u00a0 Incluye barra perchero y 2 estanter\u00edas inferiores para exposici\u00f3n y almacenaje.\u00a0 Pr\u00e1ctico para desmontar, almacenar y reutilizar. Consulta para dise\u00f1os con otras medidas, colores o formatos personalizados v\u00eda email a <em>info@test.dagic.es.<\/em><\/p>\n<p>Adem\u00e1s, con cada perchero ecol\u00f3gico incluimos un kit de <a href=\"\/producto\/perchas-de-carton\/\" target=\"_blank\" rel=\"noopener noreferrer\"><strong>10 perchas de cart\u00f3n.<\/strong><\/a><\/p>\n<p>Consulta el proyecto de <strong><a href=\"\/proyecto\/pop-up-shop-design\/\" target=\"_blank\" rel=\"noopener noreferrer\">pop up store\u00a0 en UPCT Cartagena,<\/a><\/strong> en el que puedes ver este dise\u00f1o.<\/p>\n<p>&nbsp;<\/p>\n<p>&nbsp;<\/p>\n<p>&nbsp;<\/p>\n","protected":false},"featured_media":15854,"comment_status":"open","ping_status":"closed","template":"","meta":{"_acf_changed":false,"inline_featured_image":false},"product_brand":[],"product_cat":[3024,3026,3023],"product_tag":[],"class_list":{"0":"post-12712","1":"product","2":"type-product","3":"status-publish","4":"has-post-thumbnail","6":"product_cat-presentoirs-designs-speciaux","7":"product_cat-presentoirs-mur-etagere","8":"product_cat-presentoirs-pour-produits","9":"product_shipping_class-producto-grande","11":"first","12":"instock","13":"taxable","14":"shipping-taxable","15":"product-type-simple"},"acf":[],"yoast_head":"<!-- This site is optimized with the Yoast SEO plugin v27.2 - https:\/\/yoast.com\/product\/yoast-seo-wordpress\/ -->\n<title>Armario perchero | mobiliario expositor para tiendas de ropa | Compra Online<\/title>\n<meta name=\"description\" content=\"Armario perchero con estanter\u00edas. Fabricado en cart\u00f3n. Ligero, resistente y desmontable. Ideal tiendas de ropa y pop up store. Dise\u00f1o exclusivo Cartonlab.\" \/>\n<meta name=\"robots\" content=\"index, follow, max-snippet:-1, max-image-preview:large, max-video-preview:-1\" \/>\n<link rel=\"canonical\" href=\"https:\/\/test.dagic.es\/fr\/producto\/armario-perchero\/\" \/>\n<meta property=\"og:locale\" content=\"fr_FR\" \/>\n<meta property=\"og:type\" content=\"article\" \/>\n<meta property=\"og:title\" content=\"Armario perchero | mobiliario expositor para tiendas de ropa | Compra Online\" \/>\n<meta property=\"og:description\" content=\"Armario perchero con estanter\u00edas. Fabricado en cart\u00f3n. Ligero, resistente y desmontable. Ideal tiendas de ropa y pop up store. Dise\u00f1o exclusivo Cartonlab.\" \/>\n<meta property=\"og:url\" content=\"https:\/\/test.dagic.es\/fr\/producto\/armario-perchero\/\" \/>\n<meta property=\"og:site_name\" content=\"Cartonlab FR\" \/>\n<meta property=\"article:modified_time\" content=\"2020-11-17T10:56:50+00:00\" \/>\n<meta property=\"og:image\" content=\"https:\/\/test.dagic.es\/fr\/wp-content\/uploads\/sites\/5\/2018\/10\/armario-perchero-carton-expositor-ropa-2.jpg\" \/>\n\t<meta property=\"og:image:width\" content=\"800\" \/>\n\t<meta property=\"og:image:height\" content=\"800\" \/>\n\t<meta property=\"og:image:type\" content=\"image\/jpeg\" \/>\n<meta name=\"twitter:card\" content=\"summary_large_image\" \/>\n<script type=\"application\/ld+json\" class=\"yoast-schema-graph\">{\"@context\":\"https:\/\/schema.org\",\"@graph\":[{\"@type\":\"WebPage\",\"@id\":\"https:\/\/test.dagic.es\/fr\/producto\/armario-perchero\/\",\"url\":\"https:\/\/test.dagic.es\/fr\/producto\/armario-perchero\/\",\"name\":\"Armario perchero | mobiliario expositor para tiendas de ropa | Compra Online\",\"isPartOf\":{\"@id\":\"https:\/\/test.dagic.es\/fr\/#website\"},\"primaryImageOfPage\":{\"@id\":\"https:\/\/test.dagic.es\/fr\/producto\/armario-perchero\/#primaryimage\"},\"image\":{\"@id\":\"https:\/\/test.dagic.es\/fr\/producto\/armario-perchero\/#primaryimage\"},\"thumbnailUrl\":\"https:\/\/test.dagic.es\/fr\/wp-content\/uploads\/sites\/5\/2018\/10\/armario-perchero-carton-expositor-ropa-2.jpg\",\"datePublished\":\"2018-10-09T09:47:51+00:00\",\"dateModified\":\"2020-11-17T10:56:50+00:00\",\"description\":\"Armario perchero con estanter\u00edas. Fabricado en cart\u00f3n. Ligero, resistente y desmontable. Ideal tiendas de ropa y pop up store. Dise\u00f1o exclusivo Cartonlab.\",\"breadcrumb\":{\"@id\":\"https:\/\/test.dagic.es\/fr\/producto\/armario-perchero\/#breadcrumb\"},\"inLanguage\":\"fr-FR\",\"potentialAction\":[{\"@type\":\"ReadAction\",\"target\":[\"https:\/\/test.dagic.es\/fr\/producto\/armario-perchero\/\"]}]},{\"@type\":\"ImageObject\",\"inLanguage\":\"fr-FR\",\"@id\":\"https:\/\/test.dagic.es\/fr\/producto\/armario-perchero\/#primaryimage\",\"url\":\"https:\/\/test.dagic.es\/fr\/wp-content\/uploads\/sites\/5\/2018\/10\/armario-perchero-carton-expositor-ropa-2.jpg\",\"contentUrl\":\"https:\/\/test.dagic.es\/fr\/wp-content\/uploads\/sites\/5\/2018\/10\/armario-perchero-carton-expositor-ropa-2.jpg\",\"width\":800,\"height\":800,\"caption\":\"armario perchero cart\u00f3n girado\"},{\"@type\":\"BreadcrumbList\",\"@id\":\"https:\/\/test.dagic.es\/fr\/producto\/armario-perchero\/#breadcrumb\",\"itemListElement\":[{\"@type\":\"ListItem\",\"position\":1,\"name\":\"Accueil\",\"item\":\"https:\/\/test.dagic.es\/fr\/\"},{\"@type\":\"ListItem\",\"position\":2,\"name\":\"Produits\",\"item\":\"https:\/\/test.dagic.es\/fr\/shop\/\"},{\"@type\":\"ListItem\",\"position\":3,\"name\":\"Armario perchero | Expositor para tiendas de ropa\"}]},{\"@type\":\"WebSite\",\"@id\":\"https:\/\/test.dagic.es\/fr\/#website\",\"url\":\"https:\/\/test.dagic.es\/fr\/\",\"name\":\"Cartonlab FR\",\"description\":\"Cartonlab | Projets internationaux pour \u00e9v\u00e9nements et stands\",\"publisher\":{\"@id\":\"https:\/\/test.dagic.es\/fr\/#organization\"},\"potentialAction\":[{\"@type\":\"SearchAction\",\"target\":{\"@type\":\"EntryPoint\",\"urlTemplate\":\"https:\/\/test.dagic.es\/fr\/?s={search_term_string}\"},\"query-input\":{\"@type\":\"PropertyValueSpecification\",\"valueRequired\":true,\"valueName\":\"search_term_string\"}}],\"inLanguage\":\"fr-FR\"},{\"@type\":\"Organization\",\"@id\":\"https:\/\/test.dagic.es\/fr\/#organization\",\"name\":\"Cartonlab FR\",\"url\":\"https:\/\/test.dagic.es\/fr\/\",\"logo\":{\"@type\":\"ImageObject\",\"inLanguage\":\"fr-FR\",\"@id\":\"https:\/\/test.dagic.es\/fr\/#\/schema\/logo\/image\/\",\"url\":\"https:\/\/test.dagic.es\/fr\/wp-content\/uploads\/sites\/5\/2023\/07\/logo.svg\",\"contentUrl\":\"https:\/\/test.dagic.es\/fr\/wp-content\/uploads\/sites\/5\/2023\/07\/logo.svg\",\"width\":163,\"height\":44,\"caption\":\"Cartonlab FR\"},\"image\":{\"@id\":\"https:\/\/test.dagic.es\/fr\/#\/schema\/logo\/image\/\"}}]}<\/script>\n<!-- \/ Yoast SEO plugin. -->","yoast_head_json":{"title":"Armario perchero | mobiliario expositor para tiendas de ropa | Compra Online","description":"Armario perchero con estanter\u00edas. Fabricado en cart\u00f3n. Ligero, resistente y desmontable. Ideal tiendas de ropa y pop up store. Dise\u00f1o exclusivo Cartonlab.","robots":{"index":"index","follow":"follow","max-snippet":"max-snippet:-1","max-image-preview":"max-image-preview:large","max-video-preview":"max-video-preview:-1"},"canonical":"https:\/\/test.dagic.es\/fr\/producto\/armario-perchero\/","og_locale":"fr_FR","og_type":"article","og_title":"Armario perchero | mobiliario expositor para tiendas de ropa | Compra Online","og_description":"Armario perchero con estanter\u00edas. Fabricado en cart\u00f3n. Ligero, resistente y desmontable. Ideal tiendas de ropa y pop up store. Dise\u00f1o exclusivo Cartonlab.","og_url":"https:\/\/test.dagic.es\/fr\/producto\/armario-perchero\/","og_site_name":"Cartonlab FR","article_modified_time":"2020-11-17T10:56:50+00:00","og_image":[{"width":800,"height":800,"url":"https:\/\/test.dagic.es\/fr\/wp-content\/uploads\/sites\/5\/2018\/10\/armario-perchero-carton-expositor-ropa-2.jpg","type":"image\/jpeg"}],"twitter_card":"summary_large_image","schema":{"@context":"https:\/\/schema.org","@graph":[{"@type":"WebPage","@id":"https:\/\/test.dagic.es\/fr\/producto\/armario-perchero\/","url":"https:\/\/test.dagic.es\/fr\/producto\/armario-perchero\/","name":"Armario perchero | mobiliario expositor para tiendas de ropa | Compra Online","isPartOf":{"@id":"https:\/\/test.dagic.es\/fr\/#website"},"primaryImageOfPage":{"@id":"https:\/\/test.dagic.es\/fr\/producto\/armario-perchero\/#primaryimage"},"image":{"@id":"https:\/\/test.dagic.es\/fr\/producto\/armario-perchero\/#primaryimage"},"thumbnailUrl":"https:\/\/test.dagic.es\/fr\/wp-content\/uploads\/sites\/5\/2018\/10\/armario-perchero-carton-expositor-ropa-2.jpg","datePublished":"2018-10-09T09:47:51+00:00","dateModified":"2020-11-17T10:56:50+00:00","description":"Armario perchero con estanter\u00edas. Fabricado en cart\u00f3n. Ligero, resistente y desmontable. Ideal tiendas de ropa y pop up store. Dise\u00f1o exclusivo Cartonlab.","breadcrumb":{"@id":"https:\/\/test.dagic.es\/fr\/producto\/armario-perchero\/#breadcrumb"},"inLanguage":"fr-FR","potentialAction":[{"@type":"ReadAction","target":["https:\/\/test.dagic.es\/fr\/producto\/armario-perchero\/"]}]},{"@type":"ImageObject","inLanguage":"fr-FR","@id":"https:\/\/test.dagic.es\/fr\/producto\/armario-perchero\/#primaryimage","url":"https:\/\/test.dagic.es\/fr\/wp-content\/uploads\/sites\/5\/2018\/10\/armario-perchero-carton-expositor-ropa-2.jpg","contentUrl":"https:\/\/test.dagic.es\/fr\/wp-content\/uploads\/sites\/5\/2018\/10\/armario-perchero-carton-expositor-ropa-2.jpg","width":800,"height":800,"caption":"armario perchero cart\u00f3n girado"},{"@type":"BreadcrumbList","@id":"https:\/\/test.dagic.es\/fr\/producto\/armario-perchero\/#breadcrumb","itemListElement":[{"@type":"ListItem","position":1,"name":"Accueil","item":"https:\/\/test.dagic.es\/fr\/"},{"@type":"ListItem","position":2,"name":"Produits","item":"https:\/\/test.dagic.es\/fr\/shop\/"},{"@type":"ListItem","position":3,"name":"Armario perchero | Expositor para tiendas de ropa"}]},{"@type":"WebSite","@id":"https:\/\/test.dagic.es\/fr\/#website","url":"https:\/\/test.dagic.es\/fr\/","name":"Cartonlab FR","description":"Cartonlab | Projets internationaux pour \u00e9v\u00e9nements et stands","publisher":{"@id":"https:\/\/test.dagic.es\/fr\/#organization"},"potentialAction":[{"@type":"SearchAction","target":{"@type":"EntryPoint","urlTemplate":"https:\/\/test.dagic.es\/fr\/?s={search_term_string}"},"query-input":{"@type":"PropertyValueSpecification","valueRequired":true,"valueName":"search_term_string"}}],"inLanguage":"fr-FR"},{"@type":"Organization","@id":"https:\/\/test.dagic.es\/fr\/#organization","name":"Cartonlab FR","url":"https:\/\/test.dagic.es\/fr\/","logo":{"@type":"ImageObject","inLanguage":"fr-FR","@id":"https:\/\/test.dagic.es\/fr\/#\/schema\/logo\/image\/","url":"https:\/\/test.dagic.es\/fr\/wp-content\/uploads\/sites\/5\/2023\/07\/logo.svg","contentUrl":"https:\/\/test.dagic.es\/fr\/wp-content\/uploads\/sites\/5\/2023\/07\/logo.svg","width":163,"height":44,"caption":"Cartonlab FR"},"image":{"@id":"https:\/\/test.dagic.es\/fr\/#\/schema\/logo\/image\/"}}]}},"_links":{"self":[{"href":"https:\/\/test.dagic.es\/fr\/wp-json\/wp\/v2\/product\/12712","targetHints":{"allow":["GET"]}}],"collection":[{"href":"https:\/\/test.dagic.es\/fr\/wp-json\/wp\/v2\/product"}],"about":[{"href":"https:\/\/test.dagic.es\/fr\/wp-json\/wp\/v2\/types\/product"}],"replies":[{"embeddable":true,"href":"https:\/\/test.dagic.es\/fr\/wp-json\/wp\/v2\/comments?post=12712"}],"wp:featuredmedia":[{"embeddable":true,"href":"https:\/\/test.dagic.es\/fr\/wp-json\/wp\/v2\/media\/15854"}],"wp:attachment":[{"href":"https:\/\/test.dagic.es\/fr\/wp-json\/wp\/v2\/media?parent=12712"}],"wp:term":[{"taxonomy":"product_brand","embeddable":true,"href":"https:\/\/test.dagic.es\/fr\/wp-json\/wp\/v2\/product_brand?post=12712"},{"taxonomy":"product_cat","embeddable":true,"href":"https:\/\/test.dagic.es\/fr\/wp-json\/wp\/v2\/product_cat?post=12712"},{"taxonomy":"product_tag","embeddable":true,"href":"https:\/\/test.dagic.es\/fr\/wp-json\/wp\/v2\/product_tag?post=12712"}],"curies":[{"name":"wp","href":"https:\/\/api.w.org\/{rel}","templated":true}]}}