{"id":12552,"date":"2018-09-28T09:19:33","date_gmt":"2018-09-28T08:19:33","guid":{"rendered":"https:\/\/test.dagic.es\/?post_type=product&#038;p=12552"},"modified":"2020-03-05T10:37:02","modified_gmt":"2020-03-05T09:37:02","slug":"taburete-alto-carton-faceta","status":"publish","type":"product","link":"https:\/\/test.dagic.es\/fr\/producto\/taburete-alto-carton-faceta\/","title":{"rendered":"Taburete alto de cart\u00f3n | Modelo Faceta | Pack 2 uds."},"excerpt":{"rendered":"<p><strong>Pack 2 taburetes. Taburete alto<\/strong> de cart\u00f3n modelo <strong>Faceta<\/strong>.\u00a0 Ideal para zonas de atenci\u00f3n al p\u00fablico, mostradores, stands, puntos de informaci\u00f3n, eventos y acciones de marketing y comunicaci\u00f3n. El taburete se entrega desmontado con todas las piezas necesarias para su instalaci\u00f3n incluidas en un paquete plano con instrucciones de montaje. No son necesarias herramientas adicionales ni pegamento. Este es un dise\u00f1o exclusivo de venta online \u00fanicamente a trav\u00e9s de nuestra web test.dagic.es<\/p>\n<p>&nbsp;<\/p>\n","protected":false},"featured_media":15669,"comment_status":"open","ping_status":"closed","template":"","meta":{"_acf_changed":false,"inline_featured_image":false},"product_brand":[],"product_cat":[3031,3018,3036,3033],"product_tag":[],"class_list":{"0":"post-12552","1":"product","2":"type-product","3":"status-publish","4":"has-post-thumbnail","6":"product_cat-chaises-et-bancs","7":"product_cat-muebles-en-carton","8":"product_cat-mobilier-pour-evenements-durables","9":"product_cat-tabourets","10":"product_shipping_class-producto-grande","12":"first","13":"instock","14":"taxable","15":"shipping-taxable","16":"product-type-simple"},"acf":[],"yoast_head":"<!-- This site is optimized with the Yoast SEO plugin v27.2 - https:\/\/yoast.com\/product\/yoast-seo-wordpress\/ -->\n<title>Taburete alto de cart\u00f3n | ligero, ecol\u00f3gico y resistente | Compra Online<\/title>\n<meta name=\"description\" content=\"Taburete alto de cart\u00f3n, serie exclusiva Faceta dise\u00f1ada por Cartonlab. Ideal para eventos. Desmontable y reutilizable. Consultanos para personalizaci\u00f3n.\" \/>\n<meta name=\"robots\" content=\"index, follow, max-snippet:-1, max-image-preview:large, max-video-preview:-1\" \/>\n<link rel=\"canonical\" href=\"https:\/\/test.dagic.es\/fr\/producto\/taburete-alto-carton-faceta\/\" \/>\n<meta property=\"og:locale\" content=\"fr_FR\" \/>\n<meta property=\"og:type\" content=\"article\" \/>\n<meta property=\"og:title\" content=\"Taburete alto de cart\u00f3n | ligero, ecol\u00f3gico y resistente | Compra Online\" \/>\n<meta property=\"og:description\" content=\"Taburete alto de cart\u00f3n, serie exclusiva Faceta dise\u00f1ada por Cartonlab. Ideal para eventos. Desmontable y reutilizable. Consultanos para personalizaci\u00f3n.\" \/>\n<meta property=\"og:url\" content=\"https:\/\/test.dagic.es\/fr\/producto\/taburete-alto-carton-faceta\/\" \/>\n<meta property=\"og:site_name\" content=\"Cartonlab FR\" \/>\n<meta property=\"article:modified_time\" content=\"2020-03-05T09:37:02+00:00\" \/>\n<meta property=\"og:image\" content=\"https:\/\/test.dagic.es\/fr\/wp-content\/uploads\/sites\/5\/2018\/09\/taburete-alto-carton-serie-faceta-cartonlab-eventos-retoc.jpg\" \/>\n\t<meta property=\"og:image:width\" content=\"800\" \/>\n\t<meta property=\"og:image:height\" content=\"800\" \/>\n\t<meta property=\"og:image:type\" content=\"image\/jpeg\" \/>\n<meta name=\"twitter:card\" content=\"summary_large_image\" \/>\n<script type=\"application\/ld+json\" class=\"yoast-schema-graph\">{\"@context\":\"https:\/\/schema.org\",\"@graph\":[{\"@type\":\"WebPage\",\"@id\":\"https:\/\/test.dagic.es\/fr\/producto\/taburete-alto-carton-faceta\/\",\"url\":\"https:\/\/test.dagic.es\/fr\/producto\/taburete-alto-carton-faceta\/\",\"name\":\"Taburete alto de cart\u00f3n | ligero, ecol\u00f3gico y resistente | Compra Online\",\"isPartOf\":{\"@id\":\"https:\/\/test.dagic.es\/fr\/#website\"},\"primaryImageOfPage\":{\"@id\":\"https:\/\/test.dagic.es\/fr\/producto\/taburete-alto-carton-faceta\/#primaryimage\"},\"image\":{\"@id\":\"https:\/\/test.dagic.es\/fr\/producto\/taburete-alto-carton-faceta\/#primaryimage\"},\"thumbnailUrl\":\"https:\/\/test.dagic.es\/fr\/wp-content\/uploads\/sites\/5\/2018\/09\/taburete-alto-carton-serie-faceta-cartonlab-eventos-retoc.jpg\",\"datePublished\":\"2018-09-28T08:19:33+00:00\",\"dateModified\":\"2020-03-05T09:37:02+00:00\",\"description\":\"Taburete alto de cart\u00f3n, serie exclusiva Faceta dise\u00f1ada por Cartonlab. Ideal para eventos. Desmontable y reutilizable. Consultanos para personalizaci\u00f3n.\",\"breadcrumb\":{\"@id\":\"https:\/\/test.dagic.es\/fr\/producto\/taburete-alto-carton-faceta\/#breadcrumb\"},\"inLanguage\":\"fr-FR\",\"potentialAction\":[{\"@type\":\"ReadAction\",\"target\":[\"https:\/\/test.dagic.es\/fr\/producto\/taburete-alto-carton-faceta\/\"]}]},{\"@type\":\"ImageObject\",\"inLanguage\":\"fr-FR\",\"@id\":\"https:\/\/test.dagic.es\/fr\/producto\/taburete-alto-carton-faceta\/#primaryimage\",\"url\":\"https:\/\/test.dagic.es\/fr\/wp-content\/uploads\/sites\/5\/2018\/09\/taburete-alto-carton-serie-faceta-cartonlab-eventos-retoc.jpg\",\"contentUrl\":\"https:\/\/test.dagic.es\/fr\/wp-content\/uploads\/sites\/5\/2018\/09\/taburete-alto-carton-serie-faceta-cartonlab-eventos-retoc.jpg\",\"width\":800,\"height\":800,\"caption\":\"taburete alto faceta principal\"},{\"@type\":\"BreadcrumbList\",\"@id\":\"https:\/\/test.dagic.es\/fr\/producto\/taburete-alto-carton-faceta\/#breadcrumb\",\"itemListElement\":[{\"@type\":\"ListItem\",\"position\":1,\"name\":\"Accueil\",\"item\":\"https:\/\/test.dagic.es\/fr\/\"},{\"@type\":\"ListItem\",\"position\":2,\"name\":\"Produits\",\"item\":\"https:\/\/test.dagic.es\/fr\/shop\/\"},{\"@type\":\"ListItem\",\"position\":3,\"name\":\"Taburete alto de cart\u00f3n | Modelo Faceta | Pack 2 uds.\"}]},{\"@type\":\"WebSite\",\"@id\":\"https:\/\/test.dagic.es\/fr\/#website\",\"url\":\"https:\/\/test.dagic.es\/fr\/\",\"name\":\"Cartonlab FR\",\"description\":\"Cartonlab | Projets internationaux pour \u00e9v\u00e9nements et stands\",\"publisher\":{\"@id\":\"https:\/\/test.dagic.es\/fr\/#organization\"},\"potentialAction\":[{\"@type\":\"SearchAction\",\"target\":{\"@type\":\"EntryPoint\",\"urlTemplate\":\"https:\/\/test.dagic.es\/fr\/?s={search_term_string}\"},\"query-input\":{\"@type\":\"PropertyValueSpecification\",\"valueRequired\":true,\"valueName\":\"search_term_string\"}}],\"inLanguage\":\"fr-FR\"},{\"@type\":\"Organization\",\"@id\":\"https:\/\/test.dagic.es\/fr\/#organization\",\"name\":\"Cartonlab FR\",\"url\":\"https:\/\/test.dagic.es\/fr\/\",\"logo\":{\"@type\":\"ImageObject\",\"inLanguage\":\"fr-FR\",\"@id\":\"https:\/\/test.dagic.es\/fr\/#\/schema\/logo\/image\/\",\"url\":\"https:\/\/test.dagic.es\/fr\/wp-content\/uploads\/sites\/5\/2023\/07\/logo.svg\",\"contentUrl\":\"https:\/\/test.dagic.es\/fr\/wp-content\/uploads\/sites\/5\/2023\/07\/logo.svg\",\"width\":163,\"height\":44,\"caption\":\"Cartonlab FR\"},\"image\":{\"@id\":\"https:\/\/test.dagic.es\/fr\/#\/schema\/logo\/image\/\"}}]}<\/script>\n<!-- \/ Yoast SEO plugin. -->","yoast_head_json":{"title":"Taburete alto de cart\u00f3n | ligero, ecol\u00f3gico y resistente | Compra Online","description":"Taburete alto de cart\u00f3n, serie exclusiva Faceta dise\u00f1ada por Cartonlab. Ideal para eventos. Desmontable y reutilizable. Consultanos para personalizaci\u00f3n.","robots":{"index":"index","follow":"follow","max-snippet":"max-snippet:-1","max-image-preview":"max-image-preview:large","max-video-preview":"max-video-preview:-1"},"canonical":"https:\/\/test.dagic.es\/fr\/producto\/taburete-alto-carton-faceta\/","og_locale":"fr_FR","og_type":"article","og_title":"Taburete alto de cart\u00f3n | ligero, ecol\u00f3gico y resistente | Compra Online","og_description":"Taburete alto de cart\u00f3n, serie exclusiva Faceta dise\u00f1ada por Cartonlab. Ideal para eventos. Desmontable y reutilizable. Consultanos para personalizaci\u00f3n.","og_url":"https:\/\/test.dagic.es\/fr\/producto\/taburete-alto-carton-faceta\/","og_site_name":"Cartonlab FR","article_modified_time":"2020-03-05T09:37:02+00:00","og_image":[{"width":800,"height":800,"url":"https:\/\/test.dagic.es\/fr\/wp-content\/uploads\/sites\/5\/2018\/09\/taburete-alto-carton-serie-faceta-cartonlab-eventos-retoc.jpg","type":"image\/jpeg"}],"twitter_card":"summary_large_image","schema":{"@context":"https:\/\/schema.org","@graph":[{"@type":"WebPage","@id":"https:\/\/test.dagic.es\/fr\/producto\/taburete-alto-carton-faceta\/","url":"https:\/\/test.dagic.es\/fr\/producto\/taburete-alto-carton-faceta\/","name":"Taburete alto de cart\u00f3n | ligero, ecol\u00f3gico y resistente | Compra Online","isPartOf":{"@id":"https:\/\/test.dagic.es\/fr\/#website"},"primaryImageOfPage":{"@id":"https:\/\/test.dagic.es\/fr\/producto\/taburete-alto-carton-faceta\/#primaryimage"},"image":{"@id":"https:\/\/test.dagic.es\/fr\/producto\/taburete-alto-carton-faceta\/#primaryimage"},"thumbnailUrl":"https:\/\/test.dagic.es\/fr\/wp-content\/uploads\/sites\/5\/2018\/09\/taburete-alto-carton-serie-faceta-cartonlab-eventos-retoc.jpg","datePublished":"2018-09-28T08:19:33+00:00","dateModified":"2020-03-05T09:37:02+00:00","description":"Taburete alto de cart\u00f3n, serie exclusiva Faceta dise\u00f1ada por Cartonlab. Ideal para eventos. Desmontable y reutilizable. Consultanos para personalizaci\u00f3n.","breadcrumb":{"@id":"https:\/\/test.dagic.es\/fr\/producto\/taburete-alto-carton-faceta\/#breadcrumb"},"inLanguage":"fr-FR","potentialAction":[{"@type":"ReadAction","target":["https:\/\/test.dagic.es\/fr\/producto\/taburete-alto-carton-faceta\/"]}]},{"@type":"ImageObject","inLanguage":"fr-FR","@id":"https:\/\/test.dagic.es\/fr\/producto\/taburete-alto-carton-faceta\/#primaryimage","url":"https:\/\/test.dagic.es\/fr\/wp-content\/uploads\/sites\/5\/2018\/09\/taburete-alto-carton-serie-faceta-cartonlab-eventos-retoc.jpg","contentUrl":"https:\/\/test.dagic.es\/fr\/wp-content\/uploads\/sites\/5\/2018\/09\/taburete-alto-carton-serie-faceta-cartonlab-eventos-retoc.jpg","width":800,"height":800,"caption":"taburete alto faceta principal"},{"@type":"BreadcrumbList","@id":"https:\/\/test.dagic.es\/fr\/producto\/taburete-alto-carton-faceta\/#breadcrumb","itemListElement":[{"@type":"ListItem","position":1,"name":"Accueil","item":"https:\/\/test.dagic.es\/fr\/"},{"@type":"ListItem","position":2,"name":"Produits","item":"https:\/\/test.dagic.es\/fr\/shop\/"},{"@type":"ListItem","position":3,"name":"Taburete alto de cart\u00f3n | Modelo Faceta | Pack 2 uds."}]},{"@type":"WebSite","@id":"https:\/\/test.dagic.es\/fr\/#website","url":"https:\/\/test.dagic.es\/fr\/","name":"Cartonlab FR","description":"Cartonlab | Projets internationaux pour \u00e9v\u00e9nements et stands","publisher":{"@id":"https:\/\/test.dagic.es\/fr\/#organization"},"potentialAction":[{"@type":"SearchAction","target":{"@type":"EntryPoint","urlTemplate":"https:\/\/test.dagic.es\/fr\/?s={search_term_string}"},"query-input":{"@type":"PropertyValueSpecification","valueRequired":true,"valueName":"search_term_string"}}],"inLanguage":"fr-FR"},{"@type":"Organization","@id":"https:\/\/test.dagic.es\/fr\/#organization","name":"Cartonlab FR","url":"https:\/\/test.dagic.es\/fr\/","logo":{"@type":"ImageObject","inLanguage":"fr-FR","@id":"https:\/\/test.dagic.es\/fr\/#\/schema\/logo\/image\/","url":"https:\/\/test.dagic.es\/fr\/wp-content\/uploads\/sites\/5\/2023\/07\/logo.svg","contentUrl":"https:\/\/test.dagic.es\/fr\/wp-content\/uploads\/sites\/5\/2023\/07\/logo.svg","width":163,"height":44,"caption":"Cartonlab FR"},"image":{"@id":"https:\/\/test.dagic.es\/fr\/#\/schema\/logo\/image\/"}}]}},"_links":{"self":[{"href":"https:\/\/test.dagic.es\/fr\/wp-json\/wp\/v2\/product\/12552","targetHints":{"allow":["GET"]}}],"collection":[{"href":"https:\/\/test.dagic.es\/fr\/wp-json\/wp\/v2\/product"}],"about":[{"href":"https:\/\/test.dagic.es\/fr\/wp-json\/wp\/v2\/types\/product"}],"replies":[{"embeddable":true,"href":"https:\/\/test.dagic.es\/fr\/wp-json\/wp\/v2\/comments?post=12552"}],"wp:featuredmedia":[{"embeddable":true,"href":"https:\/\/test.dagic.es\/fr\/wp-json\/wp\/v2\/media\/15669"}],"wp:attachment":[{"href":"https:\/\/test.dagic.es\/fr\/wp-json\/wp\/v2\/media?parent=12552"}],"wp:term":[{"taxonomy":"product_brand","embeddable":true,"href":"https:\/\/test.dagic.es\/fr\/wp-json\/wp\/v2\/product_brand?post=12552"},{"taxonomy":"product_cat","embeddable":true,"href":"https:\/\/test.dagic.es\/fr\/wp-json\/wp\/v2\/product_cat?post=12552"},{"taxonomy":"product_tag","embeddable":true,"href":"https:\/\/test.dagic.es\/fr\/wp-json\/wp\/v2\/product_tag?post=12552"}],"curies":[{"name":"wp","href":"https:\/\/api.w.org\/{rel}","templated":true}]}}