{"id":12499,"date":"2018-09-27T12:36:31","date_gmt":"2018-09-27T11:36:31","guid":{"rendered":"https:\/\/test.dagic.es\/?post_type=product&#038;p=12499"},"modified":"2020-03-09T11:46:57","modified_gmt":"2020-03-09T10:46:57","slug":"expositor-gafas","status":"publish","type":"product","link":"https:\/\/test.dagic.es\/fr\/producto\/expositor-gafas\/","title":{"rendered":"Expositor para gafas | Dise\u00f1o original para mostrador y escaparate | Pack 10 unidades"},"excerpt":{"rendered":"<p><strong>Expositor para gafas. Pack 10 unidades.\u00a0<\/strong>Desmontable,\u00a0\u00a0resistente y ecol\u00f3gico. Permite m\u00faltiples posiciones. Dise\u00f1ado por Cartonlab\u00a0 y fabricado en Espa\u00f1a con materiales certificados.\u00a0 Ideal para firmas de moda ecol\u00f3gicas, \u00f3pticas, ferias y mercados de productos de dise\u00f1o. Puedes incluir en este expositor de gafas tu<strong>\u00a0nombre<\/strong>\u00a0y hacer que funcione como\u00a0tu mejor tarjeta de visita. Consultanos <strong>personalizaci\u00f3n<\/strong> para pedidos de m\u00e1s de 50 unidades.<\/p>\n<p>Proyecto Relacionado: <a href=\"\/proyecto\/expositor-gafas-escaparate\/\" target=\"_blank\" rel=\"noopener noreferrer\">Expositor para gafas Mortima,<\/a><\/p>\n","protected":false},"featured_media":15850,"comment_status":"open","ping_status":"closed","template":"","meta":{"_acf_changed":false,"inline_featured_image":false},"product_brand":[],"product_cat":[3024,3023],"product_tag":[],"class_list":{"0":"post-12499","1":"product","2":"type-product","3":"status-publish","4":"has-post-thumbnail","6":"product_cat-presentoirs-designs-speciaux","7":"product_cat-presentoirs-pour-produits","8":"product_shipping_class-productomediano","10":"first","11":"instock","12":"taxable","13":"shipping-taxable","14":"product-type-simple"},"acf":[],"yoast_head":"<!-- This site is optimized with the Yoast SEO plugin v27.2 - https:\/\/yoast.com\/product\/yoast-seo-wordpress\/ -->\n<title>Expositor para gafas de sobremesa | Dise\u00f1o personalizado | Compra Online.<\/title>\n<meta name=\"description\" content=\"Expositor para gafas de sobremesa. Dise\u00f1o exclusivo.F\u00e1cil de montar. Personalizable con tu logo o gr\u00e1fica. Escaparatismo, ferias y mostrador de tienda.\" \/>\n<meta name=\"robots\" content=\"index, follow, max-snippet:-1, max-image-preview:large, max-video-preview:-1\" \/>\n<link rel=\"canonical\" href=\"https:\/\/test.dagic.es\/fr\/producto\/expositor-gafas\/\" \/>\n<meta property=\"og:locale\" content=\"fr_FR\" \/>\n<meta property=\"og:type\" content=\"article\" \/>\n<meta property=\"og:title\" content=\"Expositor para gafas de sobremesa | Dise\u00f1o personalizado | Compra Online.\" \/>\n<meta property=\"og:description\" content=\"Expositor para gafas de sobremesa. Dise\u00f1o exclusivo.F\u00e1cil de montar. Personalizable con tu logo o gr\u00e1fica. Escaparatismo, ferias y mostrador de tienda.\" \/>\n<meta property=\"og:url\" content=\"https:\/\/test.dagic.es\/fr\/producto\/expositor-gafas\/\" \/>\n<meta property=\"og:site_name\" content=\"Cartonlab FR\" \/>\n<meta property=\"article:modified_time\" content=\"2020-03-09T10:46:57+00:00\" \/>\n<meta property=\"og:image\" content=\"https:\/\/test.dagic.es\/fr\/wp-content\/uploads\/sites\/5\/2018\/09\/expositor-para-gafas-sobremesa-escaparate-carton.jpg\" \/>\n\t<meta property=\"og:image:width\" content=\"800\" \/>\n\t<meta property=\"og:image:height\" content=\"800\" \/>\n\t<meta property=\"og:image:type\" content=\"image\/jpeg\" \/>\n<meta name=\"twitter:card\" content=\"summary_large_image\" \/>\n<script type=\"application\/ld+json\" class=\"yoast-schema-graph\">{\"@context\":\"https:\/\/schema.org\",\"@graph\":[{\"@type\":\"WebPage\",\"@id\":\"https:\/\/test.dagic.es\/fr\/producto\/expositor-gafas\/\",\"url\":\"https:\/\/test.dagic.es\/fr\/producto\/expositor-gafas\/\",\"name\":\"Expositor para gafas de sobremesa | Dise\u00f1o personalizado | Compra Online.\",\"isPartOf\":{\"@id\":\"https:\/\/test.dagic.es\/fr\/#website\"},\"primaryImageOfPage\":{\"@id\":\"https:\/\/test.dagic.es\/fr\/producto\/expositor-gafas\/#primaryimage\"},\"image\":{\"@id\":\"https:\/\/test.dagic.es\/fr\/producto\/expositor-gafas\/#primaryimage\"},\"thumbnailUrl\":\"https:\/\/test.dagic.es\/fr\/wp-content\/uploads\/sites\/5\/2018\/09\/expositor-para-gafas-sobremesa-escaparate-carton.jpg\",\"datePublished\":\"2018-09-27T11:36:31+00:00\",\"dateModified\":\"2020-03-09T10:46:57+00:00\",\"description\":\"Expositor para gafas de sobremesa. Dise\u00f1o exclusivo.F\u00e1cil de montar. Personalizable con tu logo o gr\u00e1fica. Escaparatismo, ferias y mostrador de tienda.\",\"breadcrumb\":{\"@id\":\"https:\/\/test.dagic.es\/fr\/producto\/expositor-gafas\/#breadcrumb\"},\"inLanguage\":\"fr-FR\",\"potentialAction\":[{\"@type\":\"ReadAction\",\"target\":[\"https:\/\/test.dagic.es\/fr\/producto\/expositor-gafas\/\"]}]},{\"@type\":\"ImageObject\",\"inLanguage\":\"fr-FR\",\"@id\":\"https:\/\/test.dagic.es\/fr\/producto\/expositor-gafas\/#primaryimage\",\"url\":\"https:\/\/test.dagic.es\/fr\/wp-content\/uploads\/sites\/5\/2018\/09\/expositor-para-gafas-sobremesa-escaparate-carton.jpg\",\"contentUrl\":\"https:\/\/test.dagic.es\/fr\/wp-content\/uploads\/sites\/5\/2018\/09\/expositor-para-gafas-sobremesa-escaparate-carton.jpg\",\"width\":800,\"height\":800,\"caption\":\"expositor gafas Mortima 1\"},{\"@type\":\"BreadcrumbList\",\"@id\":\"https:\/\/test.dagic.es\/fr\/producto\/expositor-gafas\/#breadcrumb\",\"itemListElement\":[{\"@type\":\"ListItem\",\"position\":1,\"name\":\"Accueil\",\"item\":\"https:\/\/test.dagic.es\/fr\/\"},{\"@type\":\"ListItem\",\"position\":2,\"name\":\"Produits\",\"item\":\"https:\/\/test.dagic.es\/fr\/shop\/\"},{\"@type\":\"ListItem\",\"position\":3,\"name\":\"Expositor para gafas | Dise\u00f1o original para mostrador y escaparate | Pack 10 unidades\"}]},{\"@type\":\"WebSite\",\"@id\":\"https:\/\/test.dagic.es\/fr\/#website\",\"url\":\"https:\/\/test.dagic.es\/fr\/\",\"name\":\"Cartonlab FR\",\"description\":\"Cartonlab | Projets internationaux pour \u00e9v\u00e9nements et stands\",\"publisher\":{\"@id\":\"https:\/\/test.dagic.es\/fr\/#organization\"},\"potentialAction\":[{\"@type\":\"SearchAction\",\"target\":{\"@type\":\"EntryPoint\",\"urlTemplate\":\"https:\/\/test.dagic.es\/fr\/?s={search_term_string}\"},\"query-input\":{\"@type\":\"PropertyValueSpecification\",\"valueRequired\":true,\"valueName\":\"search_term_string\"}}],\"inLanguage\":\"fr-FR\"},{\"@type\":\"Organization\",\"@id\":\"https:\/\/test.dagic.es\/fr\/#organization\",\"name\":\"Cartonlab FR\",\"url\":\"https:\/\/test.dagic.es\/fr\/\",\"logo\":{\"@type\":\"ImageObject\",\"inLanguage\":\"fr-FR\",\"@id\":\"https:\/\/test.dagic.es\/fr\/#\/schema\/logo\/image\/\",\"url\":\"https:\/\/test.dagic.es\/fr\/wp-content\/uploads\/sites\/5\/2023\/07\/logo.svg\",\"contentUrl\":\"https:\/\/test.dagic.es\/fr\/wp-content\/uploads\/sites\/5\/2023\/07\/logo.svg\",\"width\":163,\"height\":44,\"caption\":\"Cartonlab FR\"},\"image\":{\"@id\":\"https:\/\/test.dagic.es\/fr\/#\/schema\/logo\/image\/\"}}]}<\/script>\n<!-- \/ Yoast SEO plugin. -->","yoast_head_json":{"title":"Expositor para gafas de sobremesa | Dise\u00f1o personalizado | Compra Online.","description":"Expositor para gafas de sobremesa. Dise\u00f1o exclusivo.F\u00e1cil de montar. Personalizable con tu logo o gr\u00e1fica. Escaparatismo, ferias y mostrador de tienda.","robots":{"index":"index","follow":"follow","max-snippet":"max-snippet:-1","max-image-preview":"max-image-preview:large","max-video-preview":"max-video-preview:-1"},"canonical":"https:\/\/test.dagic.es\/fr\/producto\/expositor-gafas\/","og_locale":"fr_FR","og_type":"article","og_title":"Expositor para gafas de sobremesa | Dise\u00f1o personalizado | Compra Online.","og_description":"Expositor para gafas de sobremesa. Dise\u00f1o exclusivo.F\u00e1cil de montar. Personalizable con tu logo o gr\u00e1fica. Escaparatismo, ferias y mostrador de tienda.","og_url":"https:\/\/test.dagic.es\/fr\/producto\/expositor-gafas\/","og_site_name":"Cartonlab FR","article_modified_time":"2020-03-09T10:46:57+00:00","og_image":[{"width":800,"height":800,"url":"https:\/\/test.dagic.es\/fr\/wp-content\/uploads\/sites\/5\/2018\/09\/expositor-para-gafas-sobremesa-escaparate-carton.jpg","type":"image\/jpeg"}],"twitter_card":"summary_large_image","schema":{"@context":"https:\/\/schema.org","@graph":[{"@type":"WebPage","@id":"https:\/\/test.dagic.es\/fr\/producto\/expositor-gafas\/","url":"https:\/\/test.dagic.es\/fr\/producto\/expositor-gafas\/","name":"Expositor para gafas de sobremesa | Dise\u00f1o personalizado | Compra Online.","isPartOf":{"@id":"https:\/\/test.dagic.es\/fr\/#website"},"primaryImageOfPage":{"@id":"https:\/\/test.dagic.es\/fr\/producto\/expositor-gafas\/#primaryimage"},"image":{"@id":"https:\/\/test.dagic.es\/fr\/producto\/expositor-gafas\/#primaryimage"},"thumbnailUrl":"https:\/\/test.dagic.es\/fr\/wp-content\/uploads\/sites\/5\/2018\/09\/expositor-para-gafas-sobremesa-escaparate-carton.jpg","datePublished":"2018-09-27T11:36:31+00:00","dateModified":"2020-03-09T10:46:57+00:00","description":"Expositor para gafas de sobremesa. Dise\u00f1o exclusivo.F\u00e1cil de montar. Personalizable con tu logo o gr\u00e1fica. Escaparatismo, ferias y mostrador de tienda.","breadcrumb":{"@id":"https:\/\/test.dagic.es\/fr\/producto\/expositor-gafas\/#breadcrumb"},"inLanguage":"fr-FR","potentialAction":[{"@type":"ReadAction","target":["https:\/\/test.dagic.es\/fr\/producto\/expositor-gafas\/"]}]},{"@type":"ImageObject","inLanguage":"fr-FR","@id":"https:\/\/test.dagic.es\/fr\/producto\/expositor-gafas\/#primaryimage","url":"https:\/\/test.dagic.es\/fr\/wp-content\/uploads\/sites\/5\/2018\/09\/expositor-para-gafas-sobremesa-escaparate-carton.jpg","contentUrl":"https:\/\/test.dagic.es\/fr\/wp-content\/uploads\/sites\/5\/2018\/09\/expositor-para-gafas-sobremesa-escaparate-carton.jpg","width":800,"height":800,"caption":"expositor gafas Mortima 1"},{"@type":"BreadcrumbList","@id":"https:\/\/test.dagic.es\/fr\/producto\/expositor-gafas\/#breadcrumb","itemListElement":[{"@type":"ListItem","position":1,"name":"Accueil","item":"https:\/\/test.dagic.es\/fr\/"},{"@type":"ListItem","position":2,"name":"Produits","item":"https:\/\/test.dagic.es\/fr\/shop\/"},{"@type":"ListItem","position":3,"name":"Expositor para gafas | Dise\u00f1o original para mostrador y escaparate | Pack 10 unidades"}]},{"@type":"WebSite","@id":"https:\/\/test.dagic.es\/fr\/#website","url":"https:\/\/test.dagic.es\/fr\/","name":"Cartonlab FR","description":"Cartonlab | Projets internationaux pour \u00e9v\u00e9nements et stands","publisher":{"@id":"https:\/\/test.dagic.es\/fr\/#organization"},"potentialAction":[{"@type":"SearchAction","target":{"@type":"EntryPoint","urlTemplate":"https:\/\/test.dagic.es\/fr\/?s={search_term_string}"},"query-input":{"@type":"PropertyValueSpecification","valueRequired":true,"valueName":"search_term_string"}}],"inLanguage":"fr-FR"},{"@type":"Organization","@id":"https:\/\/test.dagic.es\/fr\/#organization","name":"Cartonlab FR","url":"https:\/\/test.dagic.es\/fr\/","logo":{"@type":"ImageObject","inLanguage":"fr-FR","@id":"https:\/\/test.dagic.es\/fr\/#\/schema\/logo\/image\/","url":"https:\/\/test.dagic.es\/fr\/wp-content\/uploads\/sites\/5\/2023\/07\/logo.svg","contentUrl":"https:\/\/test.dagic.es\/fr\/wp-content\/uploads\/sites\/5\/2023\/07\/logo.svg","width":163,"height":44,"caption":"Cartonlab FR"},"image":{"@id":"https:\/\/test.dagic.es\/fr\/#\/schema\/logo\/image\/"}}]}},"_links":{"self":[{"href":"https:\/\/test.dagic.es\/fr\/wp-json\/wp\/v2\/product\/12499","targetHints":{"allow":["GET"]}}],"collection":[{"href":"https:\/\/test.dagic.es\/fr\/wp-json\/wp\/v2\/product"}],"about":[{"href":"https:\/\/test.dagic.es\/fr\/wp-json\/wp\/v2\/types\/product"}],"replies":[{"embeddable":true,"href":"https:\/\/test.dagic.es\/fr\/wp-json\/wp\/v2\/comments?post=12499"}],"wp:featuredmedia":[{"embeddable":true,"href":"https:\/\/test.dagic.es\/fr\/wp-json\/wp\/v2\/media\/15850"}],"wp:attachment":[{"href":"https:\/\/test.dagic.es\/fr\/wp-json\/wp\/v2\/media?parent=12499"}],"wp:term":[{"taxonomy":"product_brand","embeddable":true,"href":"https:\/\/test.dagic.es\/fr\/wp-json\/wp\/v2\/product_brand?post=12499"},{"taxonomy":"product_cat","embeddable":true,"href":"https:\/\/test.dagic.es\/fr\/wp-json\/wp\/v2\/product_cat?post=12499"},{"taxonomy":"product_tag","embeddable":true,"href":"https:\/\/test.dagic.es\/fr\/wp-json\/wp\/v2\/product_tag?post=12499"}],"curies":[{"name":"wp","href":"https:\/\/api.w.org\/{rel}","templated":true}]}}