{"id":12492,"date":"2018-09-28T12:44:26","date_gmt":"2018-09-28T11:44:26","guid":{"rendered":"https:\/\/test.dagic.es\/?post_type=product&#038;p=12492"},"modified":"2020-11-17T11:57:07","modified_gmt":"2020-11-17T10:57:07","slug":"portafolletos-de-pie","status":"publish","type":"product","link":"https:\/\/test.dagic.es\/fr\/producto\/portafolletos-de-pie\/","title":{"rendered":"Portafolletos de pie | Pack 2 uds."},"excerpt":{"rendered":"<p><strong>Pack 2 unidades. Portafolletos<\/strong> de pie producido en cart\u00f3n. Ideal\u00a0 para colocaci\u00f3n de publicaciones, cat\u00e1logos promocionales, tarjetas, etc. Una soluci\u00f3n din\u00e1mica para eventos corporativos, ferias y espacios comerciales.\u00a0 Ligero y resistente.\u00a0 Acabado kraft (marr\u00f3n). Se entrega desmontado en un paquete plano que incluye\u00a0 las\u00a0 piezas de cart\u00f3n necesarias para su instalaci\u00f3n. No son necesarias herramientas ni pegamento.<\/p>\n<p>Puedes personalizar tu dise\u00f1o para pedidos de m\u00e1s de 10 unidades a\u00f1adiendo el nombre de tu empresa troquelado en la parte superior.<\/p>\n","protected":false},"featured_media":15765,"comment_status":"open","ping_status":"closed","template":"","meta":{"_acf_changed":false,"inline_featured_image":false},"product_brand":[],"product_cat":[3034,3018,3036,3026,3023,3035],"product_tag":[],"class_list":{"0":"post-12492","1":"product","2":"type-product","3":"status-publish","4":"has-post-thumbnail","6":"product_cat-etageres","7":"product_cat-muebles-en-carton","8":"product_cat-mobilier-pour-evenements-durables","9":"product_cat-presentoirs-mur-etagere","10":"product_cat-presentoirs-pour-produits","11":"product_cat-produits-pour-evenements-durables","12":"product_shipping_class-productomediano","14":"first","15":"instock","16":"taxable","17":"shipping-taxable","18":"product-type-simple"},"acf":[],"yoast_head":"<!-- This site is optimized with the Yoast SEO plugin v27.2 - https:\/\/yoast.com\/product\/yoast-seo-wordpress\/ -->\n<title>Portafolletos de pie | Ligero y f\u00e1cil de montar | Compra Online en Cartonlab<\/title>\n<meta name=\"description\" content=\"Portafolletos d epie para eventos corporativos y espacios comerciales. F\u00e1cil montaje y transporte. Dise\u00f1o exclusivo en Cartonlab.com\" \/>\n<meta name=\"robots\" content=\"index, follow, max-snippet:-1, max-image-preview:large, max-video-preview:-1\" \/>\n<link rel=\"canonical\" href=\"https:\/\/test.dagic.es\/fr\/producto\/portafolletos-de-pie\/\" \/>\n<meta property=\"og:locale\" content=\"fr_FR\" \/>\n<meta property=\"og:type\" content=\"article\" \/>\n<meta property=\"og:title\" content=\"Portafolletos de pie | Ligero y f\u00e1cil de montar | Compra Online en Cartonlab\" \/>\n<meta property=\"og:description\" content=\"Portafolletos d epie para eventos corporativos y espacios comerciales. F\u00e1cil montaje y transporte. Dise\u00f1o exclusivo en Cartonlab.com\" \/>\n<meta property=\"og:url\" content=\"https:\/\/test.dagic.es\/fr\/producto\/portafolletos-de-pie\/\" \/>\n<meta property=\"og:site_name\" content=\"Cartonlab FR\" \/>\n<meta property=\"article:modified_time\" content=\"2020-11-17T10:57:07+00:00\" \/>\n<meta property=\"og:image\" content=\"https:\/\/test.dagic.es\/fr\/wp-content\/uploads\/sites\/5\/2018\/09\/portafolletos-de-pie-desmontable-carton-ligero-2.jpg\" \/>\n\t<meta property=\"og:image:width\" content=\"800\" \/>\n\t<meta property=\"og:image:height\" content=\"800\" \/>\n\t<meta property=\"og:image:type\" content=\"image\/jpeg\" \/>\n<meta name=\"twitter:card\" content=\"summary_large_image\" \/>\n<script type=\"application\/ld+json\" class=\"yoast-schema-graph\">{\"@context\":\"https:\/\/schema.org\",\"@graph\":[{\"@type\":\"WebPage\",\"@id\":\"https:\/\/test.dagic.es\/fr\/producto\/portafolletos-de-pie\/\",\"url\":\"https:\/\/test.dagic.es\/fr\/producto\/portafolletos-de-pie\/\",\"name\":\"Portafolletos de pie | Ligero y f\u00e1cil de montar | Compra Online en Cartonlab\",\"isPartOf\":{\"@id\":\"https:\/\/test.dagic.es\/fr\/#website\"},\"primaryImageOfPage\":{\"@id\":\"https:\/\/test.dagic.es\/fr\/producto\/portafolletos-de-pie\/#primaryimage\"},\"image\":{\"@id\":\"https:\/\/test.dagic.es\/fr\/producto\/portafolletos-de-pie\/#primaryimage\"},\"thumbnailUrl\":\"https:\/\/test.dagic.es\/fr\/wp-content\/uploads\/sites\/5\/2018\/09\/portafolletos-de-pie-desmontable-carton-ligero-2.jpg\",\"datePublished\":\"2018-09-28T11:44:26+00:00\",\"dateModified\":\"2020-11-17T10:57:07+00:00\",\"description\":\"Portafolletos d epie para eventos corporativos y espacios comerciales. F\u00e1cil montaje y transporte. Dise\u00f1o exclusivo en Cartonlab.com\",\"breadcrumb\":{\"@id\":\"https:\/\/test.dagic.es\/fr\/producto\/portafolletos-de-pie\/#breadcrumb\"},\"inLanguage\":\"fr-FR\",\"potentialAction\":[{\"@type\":\"ReadAction\",\"target\":[\"https:\/\/test.dagic.es\/fr\/producto\/portafolletos-de-pie\/\"]}]},{\"@type\":\"ImageObject\",\"inLanguage\":\"fr-FR\",\"@id\":\"https:\/\/test.dagic.es\/fr\/producto\/portafolletos-de-pie\/#primaryimage\",\"url\":\"https:\/\/test.dagic.es\/fr\/wp-content\/uploads\/sites\/5\/2018\/09\/portafolletos-de-pie-desmontable-carton-ligero-2.jpg\",\"contentUrl\":\"https:\/\/test.dagic.es\/fr\/wp-content\/uploads\/sites\/5\/2018\/09\/portafolletos-de-pie-desmontable-carton-ligero-2.jpg\",\"width\":800,\"height\":800,\"caption\":\"portafolletos pie carton girado\"},{\"@type\":\"BreadcrumbList\",\"@id\":\"https:\/\/test.dagic.es\/fr\/producto\/portafolletos-de-pie\/#breadcrumb\",\"itemListElement\":[{\"@type\":\"ListItem\",\"position\":1,\"name\":\"Accueil\",\"item\":\"https:\/\/test.dagic.es\/fr\/\"},{\"@type\":\"ListItem\",\"position\":2,\"name\":\"Produits\",\"item\":\"https:\/\/test.dagic.es\/fr\/shop\/\"},{\"@type\":\"ListItem\",\"position\":3,\"name\":\"Portafolletos de pie | Pack 2 uds.\"}]},{\"@type\":\"WebSite\",\"@id\":\"https:\/\/test.dagic.es\/fr\/#website\",\"url\":\"https:\/\/test.dagic.es\/fr\/\",\"name\":\"Cartonlab FR\",\"description\":\"Cartonlab | Projets internationaux pour \u00e9v\u00e9nements et stands\",\"publisher\":{\"@id\":\"https:\/\/test.dagic.es\/fr\/#organization\"},\"potentialAction\":[{\"@type\":\"SearchAction\",\"target\":{\"@type\":\"EntryPoint\",\"urlTemplate\":\"https:\/\/test.dagic.es\/fr\/?s={search_term_string}\"},\"query-input\":{\"@type\":\"PropertyValueSpecification\",\"valueRequired\":true,\"valueName\":\"search_term_string\"}}],\"inLanguage\":\"fr-FR\"},{\"@type\":\"Organization\",\"@id\":\"https:\/\/test.dagic.es\/fr\/#organization\",\"name\":\"Cartonlab FR\",\"url\":\"https:\/\/test.dagic.es\/fr\/\",\"logo\":{\"@type\":\"ImageObject\",\"inLanguage\":\"fr-FR\",\"@id\":\"https:\/\/test.dagic.es\/fr\/#\/schema\/logo\/image\/\",\"url\":\"https:\/\/test.dagic.es\/fr\/wp-content\/uploads\/sites\/5\/2023\/07\/logo.svg\",\"contentUrl\":\"https:\/\/test.dagic.es\/fr\/wp-content\/uploads\/sites\/5\/2023\/07\/logo.svg\",\"width\":163,\"height\":44,\"caption\":\"Cartonlab FR\"},\"image\":{\"@id\":\"https:\/\/test.dagic.es\/fr\/#\/schema\/logo\/image\/\"}}]}<\/script>\n<!-- \/ Yoast SEO plugin. -->","yoast_head_json":{"title":"Portafolletos de pie | Ligero y f\u00e1cil de montar | Compra Online en Cartonlab","description":"Portafolletos d epie para eventos corporativos y espacios comerciales. F\u00e1cil montaje y transporte. Dise\u00f1o exclusivo en Cartonlab.com","robots":{"index":"index","follow":"follow","max-snippet":"max-snippet:-1","max-image-preview":"max-image-preview:large","max-video-preview":"max-video-preview:-1"},"canonical":"https:\/\/test.dagic.es\/fr\/producto\/portafolletos-de-pie\/","og_locale":"fr_FR","og_type":"article","og_title":"Portafolletos de pie | Ligero y f\u00e1cil de montar | Compra Online en Cartonlab","og_description":"Portafolletos d epie para eventos corporativos y espacios comerciales. F\u00e1cil montaje y transporte. Dise\u00f1o exclusivo en Cartonlab.com","og_url":"https:\/\/test.dagic.es\/fr\/producto\/portafolletos-de-pie\/","og_site_name":"Cartonlab FR","article_modified_time":"2020-11-17T10:57:07+00:00","og_image":[{"width":800,"height":800,"url":"https:\/\/test.dagic.es\/fr\/wp-content\/uploads\/sites\/5\/2018\/09\/portafolletos-de-pie-desmontable-carton-ligero-2.jpg","type":"image\/jpeg"}],"twitter_card":"summary_large_image","schema":{"@context":"https:\/\/schema.org","@graph":[{"@type":"WebPage","@id":"https:\/\/test.dagic.es\/fr\/producto\/portafolletos-de-pie\/","url":"https:\/\/test.dagic.es\/fr\/producto\/portafolletos-de-pie\/","name":"Portafolletos de pie | Ligero y f\u00e1cil de montar | Compra Online en Cartonlab","isPartOf":{"@id":"https:\/\/test.dagic.es\/fr\/#website"},"primaryImageOfPage":{"@id":"https:\/\/test.dagic.es\/fr\/producto\/portafolletos-de-pie\/#primaryimage"},"image":{"@id":"https:\/\/test.dagic.es\/fr\/producto\/portafolletos-de-pie\/#primaryimage"},"thumbnailUrl":"https:\/\/test.dagic.es\/fr\/wp-content\/uploads\/sites\/5\/2018\/09\/portafolletos-de-pie-desmontable-carton-ligero-2.jpg","datePublished":"2018-09-28T11:44:26+00:00","dateModified":"2020-11-17T10:57:07+00:00","description":"Portafolletos d epie para eventos corporativos y espacios comerciales. F\u00e1cil montaje y transporte. Dise\u00f1o exclusivo en Cartonlab.com","breadcrumb":{"@id":"https:\/\/test.dagic.es\/fr\/producto\/portafolletos-de-pie\/#breadcrumb"},"inLanguage":"fr-FR","potentialAction":[{"@type":"ReadAction","target":["https:\/\/test.dagic.es\/fr\/producto\/portafolletos-de-pie\/"]}]},{"@type":"ImageObject","inLanguage":"fr-FR","@id":"https:\/\/test.dagic.es\/fr\/producto\/portafolletos-de-pie\/#primaryimage","url":"https:\/\/test.dagic.es\/fr\/wp-content\/uploads\/sites\/5\/2018\/09\/portafolletos-de-pie-desmontable-carton-ligero-2.jpg","contentUrl":"https:\/\/test.dagic.es\/fr\/wp-content\/uploads\/sites\/5\/2018\/09\/portafolletos-de-pie-desmontable-carton-ligero-2.jpg","width":800,"height":800,"caption":"portafolletos pie carton girado"},{"@type":"BreadcrumbList","@id":"https:\/\/test.dagic.es\/fr\/producto\/portafolletos-de-pie\/#breadcrumb","itemListElement":[{"@type":"ListItem","position":1,"name":"Accueil","item":"https:\/\/test.dagic.es\/fr\/"},{"@type":"ListItem","position":2,"name":"Produits","item":"https:\/\/test.dagic.es\/fr\/shop\/"},{"@type":"ListItem","position":3,"name":"Portafolletos de pie | Pack 2 uds."}]},{"@type":"WebSite","@id":"https:\/\/test.dagic.es\/fr\/#website","url":"https:\/\/test.dagic.es\/fr\/","name":"Cartonlab FR","description":"Cartonlab | Projets internationaux pour \u00e9v\u00e9nements et stands","publisher":{"@id":"https:\/\/test.dagic.es\/fr\/#organization"},"potentialAction":[{"@type":"SearchAction","target":{"@type":"EntryPoint","urlTemplate":"https:\/\/test.dagic.es\/fr\/?s={search_term_string}"},"query-input":{"@type":"PropertyValueSpecification","valueRequired":true,"valueName":"search_term_string"}}],"inLanguage":"fr-FR"},{"@type":"Organization","@id":"https:\/\/test.dagic.es\/fr\/#organization","name":"Cartonlab FR","url":"https:\/\/test.dagic.es\/fr\/","logo":{"@type":"ImageObject","inLanguage":"fr-FR","@id":"https:\/\/test.dagic.es\/fr\/#\/schema\/logo\/image\/","url":"https:\/\/test.dagic.es\/fr\/wp-content\/uploads\/sites\/5\/2023\/07\/logo.svg","contentUrl":"https:\/\/test.dagic.es\/fr\/wp-content\/uploads\/sites\/5\/2023\/07\/logo.svg","width":163,"height":44,"caption":"Cartonlab FR"},"image":{"@id":"https:\/\/test.dagic.es\/fr\/#\/schema\/logo\/image\/"}}]}},"_links":{"self":[{"href":"https:\/\/test.dagic.es\/fr\/wp-json\/wp\/v2\/product\/12492","targetHints":{"allow":["GET"]}}],"collection":[{"href":"https:\/\/test.dagic.es\/fr\/wp-json\/wp\/v2\/product"}],"about":[{"href":"https:\/\/test.dagic.es\/fr\/wp-json\/wp\/v2\/types\/product"}],"replies":[{"embeddable":true,"href":"https:\/\/test.dagic.es\/fr\/wp-json\/wp\/v2\/comments?post=12492"}],"wp:featuredmedia":[{"embeddable":true,"href":"https:\/\/test.dagic.es\/fr\/wp-json\/wp\/v2\/media\/15765"}],"wp:attachment":[{"href":"https:\/\/test.dagic.es\/fr\/wp-json\/wp\/v2\/media?parent=12492"}],"wp:term":[{"taxonomy":"product_brand","embeddable":true,"href":"https:\/\/test.dagic.es\/fr\/wp-json\/wp\/v2\/product_brand?post=12492"},{"taxonomy":"product_cat","embeddable":true,"href":"https:\/\/test.dagic.es\/fr\/wp-json\/wp\/v2\/product_cat?post=12492"},{"taxonomy":"product_tag","embeddable":true,"href":"https:\/\/test.dagic.es\/fr\/wp-json\/wp\/v2\/product_tag?post=12492"}],"curies":[{"name":"wp","href":"https:\/\/api.w.org\/{rel}","templated":true}]}}