{"id":12487,"date":"2018-09-27T12:09:59","date_gmt":"2018-09-27T11:09:59","guid":{"rendered":"https:\/\/test.dagic.es\/?post_type=product&#038;p=12487"},"modified":"2020-09-08T11:27:26","modified_gmt":"2020-09-08T10:27:26","slug":"display-sobremesa-impreso","status":"publish","type":"product","link":"https:\/\/test.dagic.es\/fr\/producto\/display-sobremesa-impreso\/","title":{"rendered":"Display expositor de sobremesa | Pack 10 unidades"},"excerpt":{"rendered":"<p><strong>Display expositor de sobremesa<\/strong>. Pack de 10 unidades. Un dise\u00f1o vers\u00e1til y din\u00e1mico pensado para mostrar informaci\u00f3n de producto en eventos corporativos, ferias, espacios comerciales, etc. Se entrega desmontado en un paquete plano. Consta de cartela principal\u00a0 din A3 de altura (42cm) impresa y troquelada en digital a todo color\u00a0 y 2 peanas de apoyo que se encajan f\u00e1cilmente.\u00a0 Ligero, resistente y ecol\u00f3gico.<\/p>\n<p>Proyecto Relacionado: <a href=\"\/proyecto\/display-expositor-carton\/\" target=\"_blank\" rel=\"noopener noreferrer\">Expositor de sobremesa en cart\u00f3n para Lefrik.<\/a><\/p>\n","protected":false},"featured_media":15767,"comment_status":"open","ping_status":"closed","template":"","meta":{"_acf_changed":false,"inline_featured_image":false},"product_brand":[],"product_cat":[3027,3024,3023,3035,3039],"product_tag":[],"class_list":{"0":"post-12487","1":"product","2":"type-product","3":"status-publish","4":"has-post-thumbnail","6":"product_cat-presentoirs-de-table","7":"product_cat-presentoirs-designs-speciaux","8":"product_cat-presentoirs-pour-produits","9":"product_cat-produits-pour-evenements-durables","10":"product_cat-supports-et-totems","11":"product_shipping_class-productomediano","13":"first","14":"instock","15":"taxable","16":"shipping-taxable","17":"product-type-variable","18":"has-default-attributes"},"acf":[],"yoast_head":"<!-- This site is optimized with the Yoast SEO plugin v27.2 - https:\/\/yoast.com\/product\/yoast-seo-wordpress\/ -->\n<title>Display expositor de sobremesa en cart\u00f3n | Personalizado. Compra Online.<\/title>\n<meta name=\"description\" content=\"Display expositor de sobremesa con impresi\u00f3n personalizada. Ideal para tiendas, eventos, y campa\u00f1as comerciales. Cons\u00faltanos presupuesto. Cartonlab.com\" \/>\n<meta name=\"robots\" content=\"index, follow, max-snippet:-1, max-image-preview:large, max-video-preview:-1\" \/>\n<link rel=\"canonical\" href=\"https:\/\/test.dagic.es\/fr\/producto\/display-sobremesa-impreso\/\" \/>\n<meta property=\"og:locale\" content=\"fr_FR\" \/>\n<meta property=\"og:type\" content=\"article\" \/>\n<meta property=\"og:title\" content=\"Display expositor de sobremesa en cart\u00f3n | Personalizado. Compra Online.\" \/>\n<meta property=\"og:description\" content=\"Display expositor de sobremesa con impresi\u00f3n personalizada. Ideal para tiendas, eventos, y campa\u00f1as comerciales. Cons\u00faltanos presupuesto. Cartonlab.com\" \/>\n<meta property=\"og:url\" content=\"https:\/\/test.dagic.es\/fr\/producto\/display-sobremesa-impreso\/\" \/>\n<meta property=\"og:site_name\" content=\"Cartonlab FR\" \/>\n<meta property=\"article:modified_time\" content=\"2020-09-08T10:27:26+00:00\" \/>\n<meta property=\"og:image\" content=\"https:\/\/test.dagic.es\/fr\/wp-content\/uploads\/sites\/5\/2018\/09\/expositor-sobremesa-carton-nido-de-abeja-display.jpg\" \/>\n\t<meta property=\"og:image:width\" content=\"800\" \/>\n\t<meta property=\"og:image:height\" content=\"800\" \/>\n\t<meta property=\"og:image:type\" content=\"image\/jpeg\" \/>\n<meta name=\"twitter:card\" content=\"summary_large_image\" \/>\n<script type=\"application\/ld+json\" class=\"yoast-schema-graph\">{\"@context\":\"https:\/\/schema.org\",\"@graph\":[{\"@type\":\"WebPage\",\"@id\":\"https:\/\/test.dagic.es\/fr\/producto\/display-sobremesa-impreso\/\",\"url\":\"https:\/\/test.dagic.es\/fr\/producto\/display-sobremesa-impreso\/\",\"name\":\"Display expositor de sobremesa en cart\u00f3n | Personalizado. Compra Online.\",\"isPartOf\":{\"@id\":\"https:\/\/test.dagic.es\/fr\/#website\"},\"primaryImageOfPage\":{\"@id\":\"https:\/\/test.dagic.es\/fr\/producto\/display-sobremesa-impreso\/#primaryimage\"},\"image\":{\"@id\":\"https:\/\/test.dagic.es\/fr\/producto\/display-sobremesa-impreso\/#primaryimage\"},\"thumbnailUrl\":\"https:\/\/test.dagic.es\/fr\/wp-content\/uploads\/sites\/5\/2018\/09\/expositor-sobremesa-carton-nido-de-abeja-display.jpg\",\"datePublished\":\"2018-09-27T11:09:59+00:00\",\"dateModified\":\"2020-09-08T10:27:26+00:00\",\"description\":\"Display expositor de sobremesa con impresi\u00f3n personalizada. Ideal para tiendas, eventos, y campa\u00f1as comerciales. Cons\u00faltanos presupuesto. Cartonlab.com\",\"breadcrumb\":{\"@id\":\"https:\/\/test.dagic.es\/fr\/producto\/display-sobremesa-impreso\/#breadcrumb\"},\"inLanguage\":\"fr-FR\",\"potentialAction\":[{\"@type\":\"ReadAction\",\"target\":[\"https:\/\/test.dagic.es\/fr\/producto\/display-sobremesa-impreso\/\"]}]},{\"@type\":\"ImageObject\",\"inLanguage\":\"fr-FR\",\"@id\":\"https:\/\/test.dagic.es\/fr\/producto\/display-sobremesa-impreso\/#primaryimage\",\"url\":\"https:\/\/test.dagic.es\/fr\/wp-content\/uploads\/sites\/5\/2018\/09\/expositor-sobremesa-carton-nido-de-abeja-display.jpg\",\"contentUrl\":\"https:\/\/test.dagic.es\/fr\/wp-content\/uploads\/sites\/5\/2018\/09\/expositor-sobremesa-carton-nido-de-abeja-display.jpg\",\"width\":800,\"height\":800,\"caption\":\"panel carton modular sobremesa frontal\"},{\"@type\":\"BreadcrumbList\",\"@id\":\"https:\/\/test.dagic.es\/fr\/producto\/display-sobremesa-impreso\/#breadcrumb\",\"itemListElement\":[{\"@type\":\"ListItem\",\"position\":1,\"name\":\"Accueil\",\"item\":\"https:\/\/test.dagic.es\/fr\/\"},{\"@type\":\"ListItem\",\"position\":2,\"name\":\"Produits\",\"item\":\"https:\/\/test.dagic.es\/fr\/shop\/\"},{\"@type\":\"ListItem\",\"position\":3,\"name\":\"Display expositor de sobremesa | Pack 10 unidades\"}]},{\"@type\":\"WebSite\",\"@id\":\"https:\/\/test.dagic.es\/fr\/#website\",\"url\":\"https:\/\/test.dagic.es\/fr\/\",\"name\":\"Cartonlab FR\",\"description\":\"Cartonlab | Projets internationaux pour \u00e9v\u00e9nements et stands\",\"publisher\":{\"@id\":\"https:\/\/test.dagic.es\/fr\/#organization\"},\"potentialAction\":[{\"@type\":\"SearchAction\",\"target\":{\"@type\":\"EntryPoint\",\"urlTemplate\":\"https:\/\/test.dagic.es\/fr\/?s={search_term_string}\"},\"query-input\":{\"@type\":\"PropertyValueSpecification\",\"valueRequired\":true,\"valueName\":\"search_term_string\"}}],\"inLanguage\":\"fr-FR\"},{\"@type\":\"Organization\",\"@id\":\"https:\/\/test.dagic.es\/fr\/#organization\",\"name\":\"Cartonlab FR\",\"url\":\"https:\/\/test.dagic.es\/fr\/\",\"logo\":{\"@type\":\"ImageObject\",\"inLanguage\":\"fr-FR\",\"@id\":\"https:\/\/test.dagic.es\/fr\/#\/schema\/logo\/image\/\",\"url\":\"https:\/\/test.dagic.es\/fr\/wp-content\/uploads\/sites\/5\/2023\/07\/logo.svg\",\"contentUrl\":\"https:\/\/test.dagic.es\/fr\/wp-content\/uploads\/sites\/5\/2023\/07\/logo.svg\",\"width\":163,\"height\":44,\"caption\":\"Cartonlab FR\"},\"image\":{\"@id\":\"https:\/\/test.dagic.es\/fr\/#\/schema\/logo\/image\/\"}}]}<\/script>\n<!-- \/ Yoast SEO plugin. -->","yoast_head_json":{"title":"Display expositor de sobremesa en cart\u00f3n | Personalizado. Compra Online.","description":"Display expositor de sobremesa con impresi\u00f3n personalizada. Ideal para tiendas, eventos, y campa\u00f1as comerciales. Cons\u00faltanos presupuesto. Cartonlab.com","robots":{"index":"index","follow":"follow","max-snippet":"max-snippet:-1","max-image-preview":"max-image-preview:large","max-video-preview":"max-video-preview:-1"},"canonical":"https:\/\/test.dagic.es\/fr\/producto\/display-sobremesa-impreso\/","og_locale":"fr_FR","og_type":"article","og_title":"Display expositor de sobremesa en cart\u00f3n | Personalizado. Compra Online.","og_description":"Display expositor de sobremesa con impresi\u00f3n personalizada. Ideal para tiendas, eventos, y campa\u00f1as comerciales. Cons\u00faltanos presupuesto. Cartonlab.com","og_url":"https:\/\/test.dagic.es\/fr\/producto\/display-sobremesa-impreso\/","og_site_name":"Cartonlab FR","article_modified_time":"2020-09-08T10:27:26+00:00","og_image":[{"width":800,"height":800,"url":"https:\/\/test.dagic.es\/fr\/wp-content\/uploads\/sites\/5\/2018\/09\/expositor-sobremesa-carton-nido-de-abeja-display.jpg","type":"image\/jpeg"}],"twitter_card":"summary_large_image","schema":{"@context":"https:\/\/schema.org","@graph":[{"@type":"WebPage","@id":"https:\/\/test.dagic.es\/fr\/producto\/display-sobremesa-impreso\/","url":"https:\/\/test.dagic.es\/fr\/producto\/display-sobremesa-impreso\/","name":"Display expositor de sobremesa en cart\u00f3n | Personalizado. Compra Online.","isPartOf":{"@id":"https:\/\/test.dagic.es\/fr\/#website"},"primaryImageOfPage":{"@id":"https:\/\/test.dagic.es\/fr\/producto\/display-sobremesa-impreso\/#primaryimage"},"image":{"@id":"https:\/\/test.dagic.es\/fr\/producto\/display-sobremesa-impreso\/#primaryimage"},"thumbnailUrl":"https:\/\/test.dagic.es\/fr\/wp-content\/uploads\/sites\/5\/2018\/09\/expositor-sobremesa-carton-nido-de-abeja-display.jpg","datePublished":"2018-09-27T11:09:59+00:00","dateModified":"2020-09-08T10:27:26+00:00","description":"Display expositor de sobremesa con impresi\u00f3n personalizada. Ideal para tiendas, eventos, y campa\u00f1as comerciales. Cons\u00faltanos presupuesto. Cartonlab.com","breadcrumb":{"@id":"https:\/\/test.dagic.es\/fr\/producto\/display-sobremesa-impreso\/#breadcrumb"},"inLanguage":"fr-FR","potentialAction":[{"@type":"ReadAction","target":["https:\/\/test.dagic.es\/fr\/producto\/display-sobremesa-impreso\/"]}]},{"@type":"ImageObject","inLanguage":"fr-FR","@id":"https:\/\/test.dagic.es\/fr\/producto\/display-sobremesa-impreso\/#primaryimage","url":"https:\/\/test.dagic.es\/fr\/wp-content\/uploads\/sites\/5\/2018\/09\/expositor-sobremesa-carton-nido-de-abeja-display.jpg","contentUrl":"https:\/\/test.dagic.es\/fr\/wp-content\/uploads\/sites\/5\/2018\/09\/expositor-sobremesa-carton-nido-de-abeja-display.jpg","width":800,"height":800,"caption":"panel carton modular sobremesa frontal"},{"@type":"BreadcrumbList","@id":"https:\/\/test.dagic.es\/fr\/producto\/display-sobremesa-impreso\/#breadcrumb","itemListElement":[{"@type":"ListItem","position":1,"name":"Accueil","item":"https:\/\/test.dagic.es\/fr\/"},{"@type":"ListItem","position":2,"name":"Produits","item":"https:\/\/test.dagic.es\/fr\/shop\/"},{"@type":"ListItem","position":3,"name":"Display expositor de sobremesa | Pack 10 unidades"}]},{"@type":"WebSite","@id":"https:\/\/test.dagic.es\/fr\/#website","url":"https:\/\/test.dagic.es\/fr\/","name":"Cartonlab FR","description":"Cartonlab | Projets internationaux pour \u00e9v\u00e9nements et stands","publisher":{"@id":"https:\/\/test.dagic.es\/fr\/#organization"},"potentialAction":[{"@type":"SearchAction","target":{"@type":"EntryPoint","urlTemplate":"https:\/\/test.dagic.es\/fr\/?s={search_term_string}"},"query-input":{"@type":"PropertyValueSpecification","valueRequired":true,"valueName":"search_term_string"}}],"inLanguage":"fr-FR"},{"@type":"Organization","@id":"https:\/\/test.dagic.es\/fr\/#organization","name":"Cartonlab FR","url":"https:\/\/test.dagic.es\/fr\/","logo":{"@type":"ImageObject","inLanguage":"fr-FR","@id":"https:\/\/test.dagic.es\/fr\/#\/schema\/logo\/image\/","url":"https:\/\/test.dagic.es\/fr\/wp-content\/uploads\/sites\/5\/2023\/07\/logo.svg","contentUrl":"https:\/\/test.dagic.es\/fr\/wp-content\/uploads\/sites\/5\/2023\/07\/logo.svg","width":163,"height":44,"caption":"Cartonlab FR"},"image":{"@id":"https:\/\/test.dagic.es\/fr\/#\/schema\/logo\/image\/"}}]}},"_links":{"self":[{"href":"https:\/\/test.dagic.es\/fr\/wp-json\/wp\/v2\/product\/12487","targetHints":{"allow":["GET"]}}],"collection":[{"href":"https:\/\/test.dagic.es\/fr\/wp-json\/wp\/v2\/product"}],"about":[{"href":"https:\/\/test.dagic.es\/fr\/wp-json\/wp\/v2\/types\/product"}],"replies":[{"embeddable":true,"href":"https:\/\/test.dagic.es\/fr\/wp-json\/wp\/v2\/comments?post=12487"}],"wp:featuredmedia":[{"embeddable":true,"href":"https:\/\/test.dagic.es\/fr\/wp-json\/wp\/v2\/media\/15767"}],"wp:attachment":[{"href":"https:\/\/test.dagic.es\/fr\/wp-json\/wp\/v2\/media?parent=12487"}],"wp:term":[{"taxonomy":"product_brand","embeddable":true,"href":"https:\/\/test.dagic.es\/fr\/wp-json\/wp\/v2\/product_brand?post=12487"},{"taxonomy":"product_cat","embeddable":true,"href":"https:\/\/test.dagic.es\/fr\/wp-json\/wp\/v2\/product_cat?post=12487"},{"taxonomy":"product_tag","embeddable":true,"href":"https:\/\/test.dagic.es\/fr\/wp-json\/wp\/v2\/product_tag?post=12487"}],"curies":[{"name":"wp","href":"https:\/\/api.w.org\/{rel}","templated":true}]}}