{"id":12472,"date":"2018-09-26T14:48:28","date_gmt":"2018-09-26T13:48:28","guid":{"rendered":"https:\/\/test.dagic.es\/?post_type=product&#038;p=12472"},"modified":"2020-11-17T11:57:24","modified_gmt":"2020-11-17T10:57:24","slug":"expositor-totem-configurable","status":"publish","type":"product","link":"https:\/\/test.dagic.es\/fr\/producto\/expositor-totem-configurable\/","title":{"rendered":"Expositor t\u00f3tem de cart\u00f3n | Ligero y resistente, 2 posiciones"},"excerpt":{"rendered":"<p><strong>Expositor de producto tipo t\u00f3tem configurable<\/strong>.\u00a0 Ligero y resistente.\u00a0 Se puede poner en 2 posiciones, cerrado tipo t\u00f3tem triangular o abierto. Con 12 puntos de soporte para exponer productos. Se entrega desmontado en un paquete plano que incluye\u00a0 las\u00a0 piezas de cart\u00f3n para encajar ente s\u00ed.<\/p>\n<p>Puedes personalizar tu dise\u00f1o para pedidos de m\u00e1s de 10 unidades a\u00f1adiendo el nombre de tu empresa troquelado en la parte superior y tu informaci\u00f3n impresa en la parte inferior. Consultar precios via email.<\/p>\n<p>&nbsp;<\/p>\n<p>&nbsp;<\/p>\n","protected":false},"featured_media":13370,"comment_status":"open","ping_status":"closed","template":"","meta":{"_acf_changed":false,"inline_featured_image":false},"product_brand":[],"product_cat":[3026,3023,3025,3003],"product_tag":[],"class_list":{"0":"post-12472","1":"product","2":"type-product","3":"status-publish","4":"has-post-thumbnail","6":"product_cat-presentoirs-mur-etagere","7":"product_cat-presentoirs-pour-produits","8":"product_cat-plv-totem","9":"product_cat-sin-categoria","10":"product_shipping_class-productomediano","12":"first","13":"instock","14":"taxable","15":"shipping-taxable","16":"product-type-simple"},"acf":[],"yoast_head":"<!-- This site is optimized with the Yoast SEO plugin v27.2 - https:\/\/yoast.com\/product\/yoast-seo-wordpress\/ -->\n<title>Expositor t\u00f3tem de cart\u00f3n | Ligero y resistente, 2 posiciones - Compra Online<\/title>\n<meta name=\"description\" content=\"Una soluci\u00f3n flexible para todo tipo de eventos corporativos, ferias, comercios, etc... Dise\u00f1ado y producido en Espa\u00f1a. Compra Online en Cartonlab.com\" \/>\n<meta name=\"robots\" content=\"index, follow, max-snippet:-1, max-image-preview:large, max-video-preview:-1\" \/>\n<link rel=\"canonical\" href=\"https:\/\/test.dagic.es\/fr\/producto\/expositor-totem-configurable\/\" \/>\n<meta property=\"og:locale\" content=\"fr_FR\" \/>\n<meta property=\"og:type\" content=\"article\" \/>\n<meta property=\"og:title\" content=\"Expositor t\u00f3tem de cart\u00f3n | Ligero y resistente, 2 posiciones - Compra Online\" \/>\n<meta property=\"og:description\" content=\"Una soluci\u00f3n flexible para todo tipo de eventos corporativos, ferias, comercios, etc... Dise\u00f1ado y producido en Espa\u00f1a. Compra Online en Cartonlab.com\" \/>\n<meta property=\"og:url\" content=\"https:\/\/test.dagic.es\/fr\/producto\/expositor-totem-configurable\/\" \/>\n<meta property=\"og:site_name\" content=\"Cartonlab FR\" \/>\n<meta property=\"article:modified_time\" content=\"2020-11-17T10:57:24+00:00\" \/>\n<meta property=\"og:image\" content=\"https:\/\/test.dagic.es\/fr\/wp-content\/uploads\/sites\/5\/2018\/09\/expositor-totem-modular-reciclable-tahe.jpg\" \/>\n\t<meta property=\"og:image:width\" content=\"800\" \/>\n\t<meta property=\"og:image:height\" content=\"800\" \/>\n\t<meta property=\"og:image:type\" content=\"image\/jpeg\" \/>\n<meta name=\"twitter:card\" content=\"summary_large_image\" \/>\n<script type=\"application\/ld+json\" class=\"yoast-schema-graph\">{\"@context\":\"https:\/\/schema.org\",\"@graph\":[{\"@type\":\"WebPage\",\"@id\":\"https:\/\/test.dagic.es\/fr\/producto\/expositor-totem-configurable\/\",\"url\":\"https:\/\/test.dagic.es\/fr\/producto\/expositor-totem-configurable\/\",\"name\":\"Expositor t\u00f3tem de cart\u00f3n | Ligero y resistente, 2 posiciones - Compra Online\",\"isPartOf\":{\"@id\":\"https:\/\/test.dagic.es\/fr\/#website\"},\"primaryImageOfPage\":{\"@id\":\"https:\/\/test.dagic.es\/fr\/producto\/expositor-totem-configurable\/#primaryimage\"},\"image\":{\"@id\":\"https:\/\/test.dagic.es\/fr\/producto\/expositor-totem-configurable\/#primaryimage\"},\"thumbnailUrl\":\"https:\/\/test.dagic.es\/fr\/wp-content\/uploads\/sites\/5\/2018\/09\/expositor-totem-modular-reciclable-tahe.jpg\",\"datePublished\":\"2018-09-26T13:48:28+00:00\",\"dateModified\":\"2020-11-17T10:57:24+00:00\",\"description\":\"Una soluci\u00f3n flexible para todo tipo de eventos corporativos, ferias, comercios, etc... Dise\u00f1ado y producido en Espa\u00f1a. Compra Online en Cartonlab.com\",\"breadcrumb\":{\"@id\":\"https:\/\/test.dagic.es\/fr\/producto\/expositor-totem-configurable\/#breadcrumb\"},\"inLanguage\":\"fr-FR\",\"potentialAction\":[{\"@type\":\"ReadAction\",\"target\":[\"https:\/\/test.dagic.es\/fr\/producto\/expositor-totem-configurable\/\"]}]},{\"@type\":\"ImageObject\",\"inLanguage\":\"fr-FR\",\"@id\":\"https:\/\/test.dagic.es\/fr\/producto\/expositor-totem-configurable\/#primaryimage\",\"url\":\"https:\/\/test.dagic.es\/fr\/wp-content\/uploads\/sites\/5\/2018\/09\/expositor-totem-modular-reciclable-tahe.jpg\",\"contentUrl\":\"https:\/\/test.dagic.es\/fr\/wp-content\/uploads\/sites\/5\/2018\/09\/expositor-totem-modular-reciclable-tahe.jpg\",\"width\":800,\"height\":800},{\"@type\":\"BreadcrumbList\",\"@id\":\"https:\/\/test.dagic.es\/fr\/producto\/expositor-totem-configurable\/#breadcrumb\",\"itemListElement\":[{\"@type\":\"ListItem\",\"position\":1,\"name\":\"Accueil\",\"item\":\"https:\/\/test.dagic.es\/fr\/\"},{\"@type\":\"ListItem\",\"position\":2,\"name\":\"Produits\",\"item\":\"https:\/\/test.dagic.es\/fr\/shop\/\"},{\"@type\":\"ListItem\",\"position\":3,\"name\":\"Expositor t\u00f3tem de cart\u00f3n | Ligero y resistente, 2 posiciones\"}]},{\"@type\":\"WebSite\",\"@id\":\"https:\/\/test.dagic.es\/fr\/#website\",\"url\":\"https:\/\/test.dagic.es\/fr\/\",\"name\":\"Cartonlab FR\",\"description\":\"Cartonlab | Projets internationaux pour \u00e9v\u00e9nements et stands\",\"publisher\":{\"@id\":\"https:\/\/test.dagic.es\/fr\/#organization\"},\"potentialAction\":[{\"@type\":\"SearchAction\",\"target\":{\"@type\":\"EntryPoint\",\"urlTemplate\":\"https:\/\/test.dagic.es\/fr\/?s={search_term_string}\"},\"query-input\":{\"@type\":\"PropertyValueSpecification\",\"valueRequired\":true,\"valueName\":\"search_term_string\"}}],\"inLanguage\":\"fr-FR\"},{\"@type\":\"Organization\",\"@id\":\"https:\/\/test.dagic.es\/fr\/#organization\",\"name\":\"Cartonlab FR\",\"url\":\"https:\/\/test.dagic.es\/fr\/\",\"logo\":{\"@type\":\"ImageObject\",\"inLanguage\":\"fr-FR\",\"@id\":\"https:\/\/test.dagic.es\/fr\/#\/schema\/logo\/image\/\",\"url\":\"https:\/\/test.dagic.es\/fr\/wp-content\/uploads\/sites\/5\/2023\/07\/logo.svg\",\"contentUrl\":\"https:\/\/test.dagic.es\/fr\/wp-content\/uploads\/sites\/5\/2023\/07\/logo.svg\",\"width\":163,\"height\":44,\"caption\":\"Cartonlab FR\"},\"image\":{\"@id\":\"https:\/\/test.dagic.es\/fr\/#\/schema\/logo\/image\/\"}}]}<\/script>\n<!-- \/ Yoast SEO plugin. -->","yoast_head_json":{"title":"Expositor t\u00f3tem de cart\u00f3n | Ligero y resistente, 2 posiciones - Compra Online","description":"Una soluci\u00f3n flexible para todo tipo de eventos corporativos, ferias, comercios, etc... Dise\u00f1ado y producido en Espa\u00f1a. Compra Online en Cartonlab.com","robots":{"index":"index","follow":"follow","max-snippet":"max-snippet:-1","max-image-preview":"max-image-preview:large","max-video-preview":"max-video-preview:-1"},"canonical":"https:\/\/test.dagic.es\/fr\/producto\/expositor-totem-configurable\/","og_locale":"fr_FR","og_type":"article","og_title":"Expositor t\u00f3tem de cart\u00f3n | Ligero y resistente, 2 posiciones - Compra Online","og_description":"Una soluci\u00f3n flexible para todo tipo de eventos corporativos, ferias, comercios, etc... Dise\u00f1ado y producido en Espa\u00f1a. Compra Online en Cartonlab.com","og_url":"https:\/\/test.dagic.es\/fr\/producto\/expositor-totem-configurable\/","og_site_name":"Cartonlab FR","article_modified_time":"2020-11-17T10:57:24+00:00","og_image":[{"width":800,"height":800,"url":"https:\/\/test.dagic.es\/fr\/wp-content\/uploads\/sites\/5\/2018\/09\/expositor-totem-modular-reciclable-tahe.jpg","type":"image\/jpeg"}],"twitter_card":"summary_large_image","schema":{"@context":"https:\/\/schema.org","@graph":[{"@type":"WebPage","@id":"https:\/\/test.dagic.es\/fr\/producto\/expositor-totem-configurable\/","url":"https:\/\/test.dagic.es\/fr\/producto\/expositor-totem-configurable\/","name":"Expositor t\u00f3tem de cart\u00f3n | Ligero y resistente, 2 posiciones - Compra Online","isPartOf":{"@id":"https:\/\/test.dagic.es\/fr\/#website"},"primaryImageOfPage":{"@id":"https:\/\/test.dagic.es\/fr\/producto\/expositor-totem-configurable\/#primaryimage"},"image":{"@id":"https:\/\/test.dagic.es\/fr\/producto\/expositor-totem-configurable\/#primaryimage"},"thumbnailUrl":"https:\/\/test.dagic.es\/fr\/wp-content\/uploads\/sites\/5\/2018\/09\/expositor-totem-modular-reciclable-tahe.jpg","datePublished":"2018-09-26T13:48:28+00:00","dateModified":"2020-11-17T10:57:24+00:00","description":"Una soluci\u00f3n flexible para todo tipo de eventos corporativos, ferias, comercios, etc... Dise\u00f1ado y producido en Espa\u00f1a. Compra Online en Cartonlab.com","breadcrumb":{"@id":"https:\/\/test.dagic.es\/fr\/producto\/expositor-totem-configurable\/#breadcrumb"},"inLanguage":"fr-FR","potentialAction":[{"@type":"ReadAction","target":["https:\/\/test.dagic.es\/fr\/producto\/expositor-totem-configurable\/"]}]},{"@type":"ImageObject","inLanguage":"fr-FR","@id":"https:\/\/test.dagic.es\/fr\/producto\/expositor-totem-configurable\/#primaryimage","url":"https:\/\/test.dagic.es\/fr\/wp-content\/uploads\/sites\/5\/2018\/09\/expositor-totem-modular-reciclable-tahe.jpg","contentUrl":"https:\/\/test.dagic.es\/fr\/wp-content\/uploads\/sites\/5\/2018\/09\/expositor-totem-modular-reciclable-tahe.jpg","width":800,"height":800},{"@type":"BreadcrumbList","@id":"https:\/\/test.dagic.es\/fr\/producto\/expositor-totem-configurable\/#breadcrumb","itemListElement":[{"@type":"ListItem","position":1,"name":"Accueil","item":"https:\/\/test.dagic.es\/fr\/"},{"@type":"ListItem","position":2,"name":"Produits","item":"https:\/\/test.dagic.es\/fr\/shop\/"},{"@type":"ListItem","position":3,"name":"Expositor t\u00f3tem de cart\u00f3n | Ligero y resistente, 2 posiciones"}]},{"@type":"WebSite","@id":"https:\/\/test.dagic.es\/fr\/#website","url":"https:\/\/test.dagic.es\/fr\/","name":"Cartonlab FR","description":"Cartonlab | Projets internationaux pour \u00e9v\u00e9nements et stands","publisher":{"@id":"https:\/\/test.dagic.es\/fr\/#organization"},"potentialAction":[{"@type":"SearchAction","target":{"@type":"EntryPoint","urlTemplate":"https:\/\/test.dagic.es\/fr\/?s={search_term_string}"},"query-input":{"@type":"PropertyValueSpecification","valueRequired":true,"valueName":"search_term_string"}}],"inLanguage":"fr-FR"},{"@type":"Organization","@id":"https:\/\/test.dagic.es\/fr\/#organization","name":"Cartonlab FR","url":"https:\/\/test.dagic.es\/fr\/","logo":{"@type":"ImageObject","inLanguage":"fr-FR","@id":"https:\/\/test.dagic.es\/fr\/#\/schema\/logo\/image\/","url":"https:\/\/test.dagic.es\/fr\/wp-content\/uploads\/sites\/5\/2023\/07\/logo.svg","contentUrl":"https:\/\/test.dagic.es\/fr\/wp-content\/uploads\/sites\/5\/2023\/07\/logo.svg","width":163,"height":44,"caption":"Cartonlab FR"},"image":{"@id":"https:\/\/test.dagic.es\/fr\/#\/schema\/logo\/image\/"}}]}},"_links":{"self":[{"href":"https:\/\/test.dagic.es\/fr\/wp-json\/wp\/v2\/product\/12472","targetHints":{"allow":["GET"]}}],"collection":[{"href":"https:\/\/test.dagic.es\/fr\/wp-json\/wp\/v2\/product"}],"about":[{"href":"https:\/\/test.dagic.es\/fr\/wp-json\/wp\/v2\/types\/product"}],"replies":[{"embeddable":true,"href":"https:\/\/test.dagic.es\/fr\/wp-json\/wp\/v2\/comments?post=12472"}],"wp:featuredmedia":[{"embeddable":true,"href":"https:\/\/test.dagic.es\/fr\/wp-json\/wp\/v2\/media\/13370"}],"wp:attachment":[{"href":"https:\/\/test.dagic.es\/fr\/wp-json\/wp\/v2\/media?parent=12472"}],"wp:term":[{"taxonomy":"product_brand","embeddable":true,"href":"https:\/\/test.dagic.es\/fr\/wp-json\/wp\/v2\/product_brand?post=12472"},{"taxonomy":"product_cat","embeddable":true,"href":"https:\/\/test.dagic.es\/fr\/wp-json\/wp\/v2\/product_cat?post=12472"},{"taxonomy":"product_tag","embeddable":true,"href":"https:\/\/test.dagic.es\/fr\/wp-json\/wp\/v2\/product_tag?post=12472"}],"curies":[{"name":"wp","href":"https:\/\/api.w.org\/{rel}","templated":true}]}}