{"id":11516,"date":"2018-09-03T10:39:31","date_gmt":"2018-09-03T09:39:31","guid":{"rendered":"http:\/\/cartonlab.holamundo.me\/?post_type=product&#038;p=11516"},"modified":"2020-02-10T08:53:11","modified_gmt":"2020-02-10T07:53:11","slug":"anthropobox","status":"publish","type":"product","link":"https:\/\/test.dagic.es\/fr\/producto\/anthropobox\/","title":{"rendered":"Anthropobox. Making Quality Measure."},"excerpt":{"rendered":"<p><strong>Anthropobox<\/strong> es un instrumento de medida usado en Cineantropometr\u00eda. Su innovacion radica en su material: cart\u00f3n, que hace a este caj\u00f3n antropom\u00e9trico mucho m\u00e1s ecol\u00f3gico, transportable, ligero y econ\u00f3mico que su versi\u00f3n original en madera.<\/p>\n<p>Bajo el lema making Quality Measure busca la perfeccion en la toma de medidas para el estudio antropom\u00e9trico.\u00a0\u00a0<strong>Anthropobox<\/strong> ha pasado muchas pruebas de resistencia, peso y durabilidad, y est\u00e1 tratado con un material que asegura su higiene. Su uso no s\u00f3lo garantiza la toma adecuada de medidas, sino el respeto al medio ambiente.<\/p>\n<p><strong>Manejable y resistente:<\/strong><\/p>\n<p>Su tama\u00f1o y su f\u00e1cil montaje hacen que el caj\u00f3n Anthropobox sea ligero y f\u00e1cil de transportar en coche, en una maleta y llevarlo donde quieras. Adem\u00e1s, puedes almacenarlo en cualquier lugar porque no ocupa casi espacio. <strong>Anthropobox<\/strong> utiliza un cart\u00f3n de alta resistencia formado por cuatro capas con distintos grosores que lo hacen muy r\u00edgido y estable. Ha sido sometido a distintos procesos de carga en todas y cada una de sus caras con peso repartido y cargas puntuales. Su cara principal de uso con una altura de 40 cm es capaz de aguantar <strong>hasta 200 kg<\/strong> de peso repartido, la recomendaci\u00f3n es no pasar de los 125 kg en carga puntual.<\/p>\n<p><strong>Exacto<\/strong><\/p>\n<p><strong>Anthropobox<\/strong> ha sido ideado por especialistas de la Cineantropometr\u00eda y dise\u00f1ado por arquitectos lo que lo convierte en un instrumento exacto. Las dimensiones del caj\u00f3n cumplen estrictamente los requisitos que establece la ISAK (Sociedad Internacional para el Avance de la Cineantropometr\u00eda) para tomar las medidas del cuerpo seg\u00fan los puntos anat\u00f3micos preestablecidos y las t\u00e9cnicas de medici\u00f3n estandarizadas. De este modo, su uso dota de calidad a las medidas, par\u00e1metros indispensables para el estudio antropom\u00e9tric<\/p>\n<p>Descargar PDF con informaci\u00f3n detallada sobre <strong><a href=\"\/wp-content\/uploads\/2018\/09\/Folleto-Antropobox-Baja-Esp.pdf\" target=\"_blank\" rel=\"noopener noreferrer\">ANTHROPOBOX\u00a0<\/a><\/strong><\/p>\n<p>Descargar: <a href=\"https:\/\/test.dagic.es\/wp-content\/uploads\/2018\/09\/ASSEMBLY-ANTROPOBOX-N.pdf\" target=\"_blank\" rel=\"noopener noreferrer\"><strong>Instrucciones de montaje.<\/strong><\/a><\/p>\n<ul>\n<li>Plazo de entrega estimado: 10 d\u00edas h\u00e1biles aproximadamente.<\/li>\n<\/ul>\n","protected":false},"featured_media":15800,"comment_status":"open","ping_status":"closed","template":"","meta":{"_acf_changed":false,"inline_featured_image":false},"product_brand":[],"product_cat":[3018,3033],"product_tag":[],"class_list":{"0":"post-11516","1":"product","2":"type-product","3":"status-publish","4":"has-post-thumbnail","6":"product_cat-muebles-en-carton","7":"product_cat-tabourets","8":"product_shipping_class-productomediano","10":"first","11":"instock","12":"taxable","13":"shipping-taxable","14":"product-type-simple"},"acf":[],"yoast_head":"<!-- This site is optimized with the Yoast SEO plugin v27.2 - https:\/\/yoast.com\/product\/yoast-seo-wordpress\/ -->\n<title>Anthropobox. Caj\u00f3n antropom\u00e9trico de carton.<\/title>\n<meta name=\"description\" content=\"Anthropobox es un instrumento de medida upara Cineantropometr\u00eda. Su innovacion radica en su material, que lo hace mucho m\u00e1s ecol\u00f3gico, ligero y econ\u00f3mico\" \/>\n<meta name=\"robots\" content=\"index, follow, max-snippet:-1, max-image-preview:large, max-video-preview:-1\" \/>\n<link rel=\"canonical\" href=\"https:\/\/test.dagic.es\/fr\/producto\/anthropobox\/\" \/>\n<meta property=\"og:locale\" content=\"fr_FR\" \/>\n<meta property=\"og:type\" content=\"article\" \/>\n<meta property=\"og:title\" content=\"Anthropobox. Caj\u00f3n antropom\u00e9trico de carton.\" \/>\n<meta property=\"og:description\" content=\"Anthropobox es un instrumento de medida upara Cineantropometr\u00eda. Su innovacion radica en su material, que lo hace mucho m\u00e1s ecol\u00f3gico, ligero y econ\u00f3mico\" \/>\n<meta property=\"og:url\" content=\"https:\/\/test.dagic.es\/fr\/producto\/anthropobox\/\" \/>\n<meta property=\"og:site_name\" content=\"Cartonlab FR\" \/>\n<meta property=\"article:modified_time\" content=\"2020-02-10T07:53:11+00:00\" \/>\n<meta property=\"og:image\" content=\"https:\/\/test.dagic.es\/fr\/wp-content\/uploads\/sites\/5\/2018\/09\/anthropobox-cajon-antropometrico-cartonlab-4-1.jpg\" \/>\n\t<meta property=\"og:image:width\" content=\"865\" \/>\n\t<meta property=\"og:image:height\" content=\"860\" \/>\n\t<meta property=\"og:image:type\" content=\"image\/jpeg\" \/>\n<meta name=\"twitter:card\" content=\"summary_large_image\" \/>\n<script type=\"application\/ld+json\" class=\"yoast-schema-graph\">{\"@context\":\"https:\/\/schema.org\",\"@graph\":[{\"@type\":\"WebPage\",\"@id\":\"https:\/\/test.dagic.es\/fr\/producto\/anthropobox\/\",\"url\":\"https:\/\/test.dagic.es\/fr\/producto\/anthropobox\/\",\"name\":\"Anthropobox. Caj\u00f3n antropom\u00e9trico de carton.\",\"isPartOf\":{\"@id\":\"https:\/\/test.dagic.es\/fr\/#website\"},\"primaryImageOfPage\":{\"@id\":\"https:\/\/test.dagic.es\/fr\/producto\/anthropobox\/#primaryimage\"},\"image\":{\"@id\":\"https:\/\/test.dagic.es\/fr\/producto\/anthropobox\/#primaryimage\"},\"thumbnailUrl\":\"https:\/\/test.dagic.es\/fr\/wp-content\/uploads\/sites\/5\/2018\/09\/anthropobox-cajon-antropometrico-cartonlab-4-1.jpg\",\"datePublished\":\"2018-09-03T09:39:31+00:00\",\"dateModified\":\"2020-02-10T07:53:11+00:00\",\"description\":\"Anthropobox es un instrumento de medida upara Cineantropometr\u00eda. Su innovacion radica en su material, que lo hace mucho m\u00e1s ecol\u00f3gico, ligero y econ\u00f3mico\",\"breadcrumb\":{\"@id\":\"https:\/\/test.dagic.es\/fr\/producto\/anthropobox\/#breadcrumb\"},\"inLanguage\":\"fr-FR\",\"potentialAction\":[{\"@type\":\"ReadAction\",\"target\":[\"https:\/\/test.dagic.es\/fr\/producto\/anthropobox\/\"]}]},{\"@type\":\"ImageObject\",\"inLanguage\":\"fr-FR\",\"@id\":\"https:\/\/test.dagic.es\/fr\/producto\/anthropobox\/#primaryimage\",\"url\":\"https:\/\/test.dagic.es\/fr\/wp-content\/uploads\/sites\/5\/2018\/09\/anthropobox-cajon-antropometrico-cartonlab-4-1.jpg\",\"contentUrl\":\"https:\/\/test.dagic.es\/fr\/wp-content\/uploads\/sites\/5\/2018\/09\/anthropobox-cajon-antropometrico-cartonlab-4-1.jpg\",\"width\":865,\"height\":860,\"caption\":\"anthropobox frontal\"},{\"@type\":\"BreadcrumbList\",\"@id\":\"https:\/\/test.dagic.es\/fr\/producto\/anthropobox\/#breadcrumb\",\"itemListElement\":[{\"@type\":\"ListItem\",\"position\":1,\"name\":\"Accueil\",\"item\":\"https:\/\/test.dagic.es\/fr\/\"},{\"@type\":\"ListItem\",\"position\":2,\"name\":\"Produits\",\"item\":\"https:\/\/test.dagic.es\/fr\/shop\/\"},{\"@type\":\"ListItem\",\"position\":3,\"name\":\"Anthropobox. Making Quality Measure.\"}]},{\"@type\":\"WebSite\",\"@id\":\"https:\/\/test.dagic.es\/fr\/#website\",\"url\":\"https:\/\/test.dagic.es\/fr\/\",\"name\":\"Cartonlab FR\",\"description\":\"Cartonlab | Projets internationaux pour \u00e9v\u00e9nements et stands\",\"publisher\":{\"@id\":\"https:\/\/test.dagic.es\/fr\/#organization\"},\"potentialAction\":[{\"@type\":\"SearchAction\",\"target\":{\"@type\":\"EntryPoint\",\"urlTemplate\":\"https:\/\/test.dagic.es\/fr\/?s={search_term_string}\"},\"query-input\":{\"@type\":\"PropertyValueSpecification\",\"valueRequired\":true,\"valueName\":\"search_term_string\"}}],\"inLanguage\":\"fr-FR\"},{\"@type\":\"Organization\",\"@id\":\"https:\/\/test.dagic.es\/fr\/#organization\",\"name\":\"Cartonlab FR\",\"url\":\"https:\/\/test.dagic.es\/fr\/\",\"logo\":{\"@type\":\"ImageObject\",\"inLanguage\":\"fr-FR\",\"@id\":\"https:\/\/test.dagic.es\/fr\/#\/schema\/logo\/image\/\",\"url\":\"https:\/\/test.dagic.es\/fr\/wp-content\/uploads\/sites\/5\/2023\/07\/logo.svg\",\"contentUrl\":\"https:\/\/test.dagic.es\/fr\/wp-content\/uploads\/sites\/5\/2023\/07\/logo.svg\",\"width\":163,\"height\":44,\"caption\":\"Cartonlab FR\"},\"image\":{\"@id\":\"https:\/\/test.dagic.es\/fr\/#\/schema\/logo\/image\/\"}}]}<\/script>\n<!-- \/ Yoast SEO plugin. -->","yoast_head_json":{"title":"Anthropobox. Caj\u00f3n antropom\u00e9trico de carton.","description":"Anthropobox es un instrumento de medida upara Cineantropometr\u00eda. Su innovacion radica en su material, que lo hace mucho m\u00e1s ecol\u00f3gico, ligero y econ\u00f3mico","robots":{"index":"index","follow":"follow","max-snippet":"max-snippet:-1","max-image-preview":"max-image-preview:large","max-video-preview":"max-video-preview:-1"},"canonical":"https:\/\/test.dagic.es\/fr\/producto\/anthropobox\/","og_locale":"fr_FR","og_type":"article","og_title":"Anthropobox. Caj\u00f3n antropom\u00e9trico de carton.","og_description":"Anthropobox es un instrumento de medida upara Cineantropometr\u00eda. Su innovacion radica en su material, que lo hace mucho m\u00e1s ecol\u00f3gico, ligero y econ\u00f3mico","og_url":"https:\/\/test.dagic.es\/fr\/producto\/anthropobox\/","og_site_name":"Cartonlab FR","article_modified_time":"2020-02-10T07:53:11+00:00","og_image":[{"width":865,"height":860,"url":"https:\/\/test.dagic.es\/fr\/wp-content\/uploads\/sites\/5\/2018\/09\/anthropobox-cajon-antropometrico-cartonlab-4-1.jpg","type":"image\/jpeg"}],"twitter_card":"summary_large_image","schema":{"@context":"https:\/\/schema.org","@graph":[{"@type":"WebPage","@id":"https:\/\/test.dagic.es\/fr\/producto\/anthropobox\/","url":"https:\/\/test.dagic.es\/fr\/producto\/anthropobox\/","name":"Anthropobox. Caj\u00f3n antropom\u00e9trico de carton.","isPartOf":{"@id":"https:\/\/test.dagic.es\/fr\/#website"},"primaryImageOfPage":{"@id":"https:\/\/test.dagic.es\/fr\/producto\/anthropobox\/#primaryimage"},"image":{"@id":"https:\/\/test.dagic.es\/fr\/producto\/anthropobox\/#primaryimage"},"thumbnailUrl":"https:\/\/test.dagic.es\/fr\/wp-content\/uploads\/sites\/5\/2018\/09\/anthropobox-cajon-antropometrico-cartonlab-4-1.jpg","datePublished":"2018-09-03T09:39:31+00:00","dateModified":"2020-02-10T07:53:11+00:00","description":"Anthropobox es un instrumento de medida upara Cineantropometr\u00eda. Su innovacion radica en su material, que lo hace mucho m\u00e1s ecol\u00f3gico, ligero y econ\u00f3mico","breadcrumb":{"@id":"https:\/\/test.dagic.es\/fr\/producto\/anthropobox\/#breadcrumb"},"inLanguage":"fr-FR","potentialAction":[{"@type":"ReadAction","target":["https:\/\/test.dagic.es\/fr\/producto\/anthropobox\/"]}]},{"@type":"ImageObject","inLanguage":"fr-FR","@id":"https:\/\/test.dagic.es\/fr\/producto\/anthropobox\/#primaryimage","url":"https:\/\/test.dagic.es\/fr\/wp-content\/uploads\/sites\/5\/2018\/09\/anthropobox-cajon-antropometrico-cartonlab-4-1.jpg","contentUrl":"https:\/\/test.dagic.es\/fr\/wp-content\/uploads\/sites\/5\/2018\/09\/anthropobox-cajon-antropometrico-cartonlab-4-1.jpg","width":865,"height":860,"caption":"anthropobox frontal"},{"@type":"BreadcrumbList","@id":"https:\/\/test.dagic.es\/fr\/producto\/anthropobox\/#breadcrumb","itemListElement":[{"@type":"ListItem","position":1,"name":"Accueil","item":"https:\/\/test.dagic.es\/fr\/"},{"@type":"ListItem","position":2,"name":"Produits","item":"https:\/\/test.dagic.es\/fr\/shop\/"},{"@type":"ListItem","position":3,"name":"Anthropobox. Making Quality Measure."}]},{"@type":"WebSite","@id":"https:\/\/test.dagic.es\/fr\/#website","url":"https:\/\/test.dagic.es\/fr\/","name":"Cartonlab FR","description":"Cartonlab | Projets internationaux pour \u00e9v\u00e9nements et stands","publisher":{"@id":"https:\/\/test.dagic.es\/fr\/#organization"},"potentialAction":[{"@type":"SearchAction","target":{"@type":"EntryPoint","urlTemplate":"https:\/\/test.dagic.es\/fr\/?s={search_term_string}"},"query-input":{"@type":"PropertyValueSpecification","valueRequired":true,"valueName":"search_term_string"}}],"inLanguage":"fr-FR"},{"@type":"Organization","@id":"https:\/\/test.dagic.es\/fr\/#organization","name":"Cartonlab FR","url":"https:\/\/test.dagic.es\/fr\/","logo":{"@type":"ImageObject","inLanguage":"fr-FR","@id":"https:\/\/test.dagic.es\/fr\/#\/schema\/logo\/image\/","url":"https:\/\/test.dagic.es\/fr\/wp-content\/uploads\/sites\/5\/2023\/07\/logo.svg","contentUrl":"https:\/\/test.dagic.es\/fr\/wp-content\/uploads\/sites\/5\/2023\/07\/logo.svg","width":163,"height":44,"caption":"Cartonlab FR"},"image":{"@id":"https:\/\/test.dagic.es\/fr\/#\/schema\/logo\/image\/"}}]}},"_links":{"self":[{"href":"https:\/\/test.dagic.es\/fr\/wp-json\/wp\/v2\/product\/11516","targetHints":{"allow":["GET"]}}],"collection":[{"href":"https:\/\/test.dagic.es\/fr\/wp-json\/wp\/v2\/product"}],"about":[{"href":"https:\/\/test.dagic.es\/fr\/wp-json\/wp\/v2\/types\/product"}],"replies":[{"embeddable":true,"href":"https:\/\/test.dagic.es\/fr\/wp-json\/wp\/v2\/comments?post=11516"}],"wp:featuredmedia":[{"embeddable":true,"href":"https:\/\/test.dagic.es\/fr\/wp-json\/wp\/v2\/media\/15800"}],"wp:attachment":[{"href":"https:\/\/test.dagic.es\/fr\/wp-json\/wp\/v2\/media?parent=11516"}],"wp:term":[{"taxonomy":"product_brand","embeddable":true,"href":"https:\/\/test.dagic.es\/fr\/wp-json\/wp\/v2\/product_brand?post=11516"},{"taxonomy":"product_cat","embeddable":true,"href":"https:\/\/test.dagic.es\/fr\/wp-json\/wp\/v2\/product_cat?post=11516"},{"taxonomy":"product_tag","embeddable":true,"href":"https:\/\/test.dagic.es\/fr\/wp-json\/wp\/v2\/product_tag?post=11516"}],"curies":[{"name":"wp","href":"https:\/\/api.w.org\/{rel}","templated":true}]}}