{"id":10787,"date":"2018-02-28T11:56:28","date_gmt":"2018-02-28T10:56:28","guid":{"rendered":"http:\/\/cartonlab.holamundo.me\/?post_type=product&#038;p=10787"},"modified":"2019-09-05T10:42:44","modified_gmt":"2019-09-05T09:42:44","slug":"silla-cantilever-carton","status":"publish","type":"product","link":"https:\/\/test.dagic.es\/fr\/producto\/silla-cantilever-carton\/","title":{"rendered":"Silla resistente Cantilever"},"excerpt":{"rendered":"<p>Exclusiva silla de cart\u00f3n resistente\u00a0modelo<strong> Cantilever<\/strong>\u00a0. Elegante y original. Todo un cl\u00e1sico del dise\u00f1o reinterpretado en clave ecol\u00f3gica a trav\u00e9s de un material sostenible como el cart\u00f3n.<\/p>\n<p>&nbsp;<\/p>\n<p>&nbsp;<\/p>\n","protected":false},"featured_media":15682,"comment_status":"open","ping_status":"closed","template":"","meta":{"_acf_changed":false,"inline_featured_image":false},"product_brand":[],"product_cat":[3031,3018],"product_tag":[],"class_list":{"0":"post-10787","1":"product","2":"type-product","3":"status-publish","4":"has-post-thumbnail","6":"product_cat-chaises-et-bancs","7":"product_cat-muebles-en-carton","8":"product_shipping_class-producto-grande","10":"first","11":"instock","12":"taxable","13":"shipping-taxable","14":"product-type-simple"},"acf":[],"yoast_head":"<!-- This site is optimized with the Yoast SEO plugin v27.2 - https:\/\/yoast.com\/product\/yoast-seo-wordpress\/ -->\n<title>Silla de cart\u00f3n resistente Cantilever de dise\u00f1o exclusivo [Fabricada en Espa\u00f1a]<\/title>\n<meta name=\"description\" content=\"Exclusiva silla de cart\u00f3n modelo cantilever muy resistente. Fabricada en Espa\u00f1a artesanalmente por Cartonlab. Pegado manual de capasvcertificado FSC.\" \/>\n<meta name=\"robots\" content=\"index, follow, max-snippet:-1, max-image-preview:large, max-video-preview:-1\" \/>\n<link rel=\"canonical\" href=\"https:\/\/test.dagic.es\/fr\/producto\/silla-cantilever-carton\/\" \/>\n<meta property=\"og:locale\" content=\"fr_FR\" \/>\n<meta property=\"og:type\" content=\"article\" \/>\n<meta property=\"og:title\" content=\"Silla de cart\u00f3n resistente Cantilever de dise\u00f1o exclusivo [Fabricada en Espa\u00f1a]\" \/>\n<meta property=\"og:description\" content=\"Exclusiva silla de cart\u00f3n modelo cantilever muy resistente. Fabricada en Espa\u00f1a artesanalmente por Cartonlab. Pegado manual de capasvcertificado FSC.\" \/>\n<meta property=\"og:url\" content=\"https:\/\/test.dagic.es\/fr\/producto\/silla-cantilever-carton\/\" \/>\n<meta property=\"og:site_name\" content=\"Cartonlab FR\" \/>\n<meta property=\"article:modified_time\" content=\"2019-09-05T09:42:44+00:00\" \/>\n<meta property=\"og:image\" content=\"https:\/\/test.dagic.es\/fr\/wp-content\/uploads\/sites\/5\/2018\/02\/silla-cantilever-carton-original-retoc.jpg\" \/>\n\t<meta property=\"og:image:width\" content=\"800\" \/>\n\t<meta property=\"og:image:height\" content=\"800\" \/>\n\t<meta property=\"og:image:type\" content=\"image\/jpeg\" \/>\n<meta name=\"twitter:card\" content=\"summary_large_image\" \/>\n<script type=\"application\/ld+json\" class=\"yoast-schema-graph\">{\"@context\":\"https:\/\/schema.org\",\"@graph\":[{\"@type\":\"WebPage\",\"@id\":\"https:\/\/test.dagic.es\/fr\/producto\/silla-cantilever-carton\/\",\"url\":\"https:\/\/test.dagic.es\/fr\/producto\/silla-cantilever-carton\/\",\"name\":\"Silla de cart\u00f3n resistente Cantilever de dise\u00f1o exclusivo [Fabricada en Espa\u00f1a]\",\"isPartOf\":{\"@id\":\"https:\/\/test.dagic.es\/fr\/#website\"},\"primaryImageOfPage\":{\"@id\":\"https:\/\/test.dagic.es\/fr\/producto\/silla-cantilever-carton\/#primaryimage\"},\"image\":{\"@id\":\"https:\/\/test.dagic.es\/fr\/producto\/silla-cantilever-carton\/#primaryimage\"},\"thumbnailUrl\":\"https:\/\/test.dagic.es\/fr\/wp-content\/uploads\/sites\/5\/2018\/02\/silla-cantilever-carton-original-retoc.jpg\",\"datePublished\":\"2018-02-28T10:56:28+00:00\",\"dateModified\":\"2019-09-05T09:42:44+00:00\",\"description\":\"Exclusiva silla de cart\u00f3n modelo cantilever muy resistente. Fabricada en Espa\u00f1a artesanalmente por Cartonlab. Pegado manual de capasvcertificado FSC.\",\"breadcrumb\":{\"@id\":\"https:\/\/test.dagic.es\/fr\/producto\/silla-cantilever-carton\/#breadcrumb\"},\"inLanguage\":\"fr-FR\",\"potentialAction\":[{\"@type\":\"ReadAction\",\"target\":[\"https:\/\/test.dagic.es\/fr\/producto\/silla-cantilever-carton\/\"]}]},{\"@type\":\"ImageObject\",\"inLanguage\":\"fr-FR\",\"@id\":\"https:\/\/test.dagic.es\/fr\/producto\/silla-cantilever-carton\/#primaryimage\",\"url\":\"https:\/\/test.dagic.es\/fr\/wp-content\/uploads\/sites\/5\/2018\/02\/silla-cantilever-carton-original-retoc.jpg\",\"contentUrl\":\"https:\/\/test.dagic.es\/fr\/wp-content\/uploads\/sites\/5\/2018\/02\/silla-cantilever-carton-original-retoc.jpg\",\"width\":800,\"height\":800,\"caption\":\"silla cantilever carton girada\"},{\"@type\":\"BreadcrumbList\",\"@id\":\"https:\/\/test.dagic.es\/fr\/producto\/silla-cantilever-carton\/#breadcrumb\",\"itemListElement\":[{\"@type\":\"ListItem\",\"position\":1,\"name\":\"Accueil\",\"item\":\"https:\/\/test.dagic.es\/fr\/\"},{\"@type\":\"ListItem\",\"position\":2,\"name\":\"Produits\",\"item\":\"https:\/\/test.dagic.es\/fr\/shop\/\"},{\"@type\":\"ListItem\",\"position\":3,\"name\":\"Silla resistente Cantilever\"}]},{\"@type\":\"WebSite\",\"@id\":\"https:\/\/test.dagic.es\/fr\/#website\",\"url\":\"https:\/\/test.dagic.es\/fr\/\",\"name\":\"Cartonlab FR\",\"description\":\"Cartonlab | Projets internationaux pour \u00e9v\u00e9nements et stands\",\"publisher\":{\"@id\":\"https:\/\/test.dagic.es\/fr\/#organization\"},\"potentialAction\":[{\"@type\":\"SearchAction\",\"target\":{\"@type\":\"EntryPoint\",\"urlTemplate\":\"https:\/\/test.dagic.es\/fr\/?s={search_term_string}\"},\"query-input\":{\"@type\":\"PropertyValueSpecification\",\"valueRequired\":true,\"valueName\":\"search_term_string\"}}],\"inLanguage\":\"fr-FR\"},{\"@type\":\"Organization\",\"@id\":\"https:\/\/test.dagic.es\/fr\/#organization\",\"name\":\"Cartonlab FR\",\"url\":\"https:\/\/test.dagic.es\/fr\/\",\"logo\":{\"@type\":\"ImageObject\",\"inLanguage\":\"fr-FR\",\"@id\":\"https:\/\/test.dagic.es\/fr\/#\/schema\/logo\/image\/\",\"url\":\"https:\/\/test.dagic.es\/fr\/wp-content\/uploads\/sites\/5\/2023\/07\/logo.svg\",\"contentUrl\":\"https:\/\/test.dagic.es\/fr\/wp-content\/uploads\/sites\/5\/2023\/07\/logo.svg\",\"width\":163,\"height\":44,\"caption\":\"Cartonlab FR\"},\"image\":{\"@id\":\"https:\/\/test.dagic.es\/fr\/#\/schema\/logo\/image\/\"}}]}<\/script>\n<!-- \/ Yoast SEO plugin. -->","yoast_head_json":{"title":"Silla de cart\u00f3n resistente Cantilever de dise\u00f1o exclusivo [Fabricada en Espa\u00f1a]","description":"Exclusiva silla de cart\u00f3n modelo cantilever muy resistente. Fabricada en Espa\u00f1a artesanalmente por Cartonlab. Pegado manual de capasvcertificado FSC.","robots":{"index":"index","follow":"follow","max-snippet":"max-snippet:-1","max-image-preview":"max-image-preview:large","max-video-preview":"max-video-preview:-1"},"canonical":"https:\/\/test.dagic.es\/fr\/producto\/silla-cantilever-carton\/","og_locale":"fr_FR","og_type":"article","og_title":"Silla de cart\u00f3n resistente Cantilever de dise\u00f1o exclusivo [Fabricada en Espa\u00f1a]","og_description":"Exclusiva silla de cart\u00f3n modelo cantilever muy resistente. Fabricada en Espa\u00f1a artesanalmente por Cartonlab. Pegado manual de capasvcertificado FSC.","og_url":"https:\/\/test.dagic.es\/fr\/producto\/silla-cantilever-carton\/","og_site_name":"Cartonlab FR","article_modified_time":"2019-09-05T09:42:44+00:00","og_image":[{"width":800,"height":800,"url":"https:\/\/test.dagic.es\/fr\/wp-content\/uploads\/sites\/5\/2018\/02\/silla-cantilever-carton-original-retoc.jpg","type":"image\/jpeg"}],"twitter_card":"summary_large_image","schema":{"@context":"https:\/\/schema.org","@graph":[{"@type":"WebPage","@id":"https:\/\/test.dagic.es\/fr\/producto\/silla-cantilever-carton\/","url":"https:\/\/test.dagic.es\/fr\/producto\/silla-cantilever-carton\/","name":"Silla de cart\u00f3n resistente Cantilever de dise\u00f1o exclusivo [Fabricada en Espa\u00f1a]","isPartOf":{"@id":"https:\/\/test.dagic.es\/fr\/#website"},"primaryImageOfPage":{"@id":"https:\/\/test.dagic.es\/fr\/producto\/silla-cantilever-carton\/#primaryimage"},"image":{"@id":"https:\/\/test.dagic.es\/fr\/producto\/silla-cantilever-carton\/#primaryimage"},"thumbnailUrl":"https:\/\/test.dagic.es\/fr\/wp-content\/uploads\/sites\/5\/2018\/02\/silla-cantilever-carton-original-retoc.jpg","datePublished":"2018-02-28T10:56:28+00:00","dateModified":"2019-09-05T09:42:44+00:00","description":"Exclusiva silla de cart\u00f3n modelo cantilever muy resistente. Fabricada en Espa\u00f1a artesanalmente por Cartonlab. Pegado manual de capasvcertificado FSC.","breadcrumb":{"@id":"https:\/\/test.dagic.es\/fr\/producto\/silla-cantilever-carton\/#breadcrumb"},"inLanguage":"fr-FR","potentialAction":[{"@type":"ReadAction","target":["https:\/\/test.dagic.es\/fr\/producto\/silla-cantilever-carton\/"]}]},{"@type":"ImageObject","inLanguage":"fr-FR","@id":"https:\/\/test.dagic.es\/fr\/producto\/silla-cantilever-carton\/#primaryimage","url":"https:\/\/test.dagic.es\/fr\/wp-content\/uploads\/sites\/5\/2018\/02\/silla-cantilever-carton-original-retoc.jpg","contentUrl":"https:\/\/test.dagic.es\/fr\/wp-content\/uploads\/sites\/5\/2018\/02\/silla-cantilever-carton-original-retoc.jpg","width":800,"height":800,"caption":"silla cantilever carton girada"},{"@type":"BreadcrumbList","@id":"https:\/\/test.dagic.es\/fr\/producto\/silla-cantilever-carton\/#breadcrumb","itemListElement":[{"@type":"ListItem","position":1,"name":"Accueil","item":"https:\/\/test.dagic.es\/fr\/"},{"@type":"ListItem","position":2,"name":"Produits","item":"https:\/\/test.dagic.es\/fr\/shop\/"},{"@type":"ListItem","position":3,"name":"Silla resistente Cantilever"}]},{"@type":"WebSite","@id":"https:\/\/test.dagic.es\/fr\/#website","url":"https:\/\/test.dagic.es\/fr\/","name":"Cartonlab FR","description":"Cartonlab | Projets internationaux pour \u00e9v\u00e9nements et stands","publisher":{"@id":"https:\/\/test.dagic.es\/fr\/#organization"},"potentialAction":[{"@type":"SearchAction","target":{"@type":"EntryPoint","urlTemplate":"https:\/\/test.dagic.es\/fr\/?s={search_term_string}"},"query-input":{"@type":"PropertyValueSpecification","valueRequired":true,"valueName":"search_term_string"}}],"inLanguage":"fr-FR"},{"@type":"Organization","@id":"https:\/\/test.dagic.es\/fr\/#organization","name":"Cartonlab FR","url":"https:\/\/test.dagic.es\/fr\/","logo":{"@type":"ImageObject","inLanguage":"fr-FR","@id":"https:\/\/test.dagic.es\/fr\/#\/schema\/logo\/image\/","url":"https:\/\/test.dagic.es\/fr\/wp-content\/uploads\/sites\/5\/2023\/07\/logo.svg","contentUrl":"https:\/\/test.dagic.es\/fr\/wp-content\/uploads\/sites\/5\/2023\/07\/logo.svg","width":163,"height":44,"caption":"Cartonlab FR"},"image":{"@id":"https:\/\/test.dagic.es\/fr\/#\/schema\/logo\/image\/"}}]}},"_links":{"self":[{"href":"https:\/\/test.dagic.es\/fr\/wp-json\/wp\/v2\/product\/10787","targetHints":{"allow":["GET"]}}],"collection":[{"href":"https:\/\/test.dagic.es\/fr\/wp-json\/wp\/v2\/product"}],"about":[{"href":"https:\/\/test.dagic.es\/fr\/wp-json\/wp\/v2\/types\/product"}],"replies":[{"embeddable":true,"href":"https:\/\/test.dagic.es\/fr\/wp-json\/wp\/v2\/comments?post=10787"}],"wp:featuredmedia":[{"embeddable":true,"href":"https:\/\/test.dagic.es\/fr\/wp-json\/wp\/v2\/media\/15682"}],"wp:attachment":[{"href":"https:\/\/test.dagic.es\/fr\/wp-json\/wp\/v2\/media?parent=10787"}],"wp:term":[{"taxonomy":"product_brand","embeddable":true,"href":"https:\/\/test.dagic.es\/fr\/wp-json\/wp\/v2\/product_brand?post=10787"},{"taxonomy":"product_cat","embeddable":true,"href":"https:\/\/test.dagic.es\/fr\/wp-json\/wp\/v2\/product_cat?post=10787"},{"taxonomy":"product_tag","embeddable":true,"href":"https:\/\/test.dagic.es\/fr\/wp-json\/wp\/v2\/product_tag?post=10787"}],"curies":[{"name":"wp","href":"https:\/\/api.w.org\/{rel}","templated":true}]}}