{"id":10739,"date":"2018-01-23T12:04:15","date_gmt":"2018-01-23T11:04:15","guid":{"rendered":"http:\/\/cartonlab.holamundo.me\/?post_type=product&#038;p=10739"},"modified":"2020-11-03T13:38:30","modified_gmt":"2020-11-03T12:38:30","slug":"paneles-para-exposiciones","status":"publish","type":"product","link":"https:\/\/test.dagic.es\/fr\/producto\/paneles-para-exposiciones\/","title":{"rendered":"Paneles soporte para exposiciones | Pack 4 unidades"},"excerpt":{"rendered":"<p>Paneles para exposiciones. Soportes modulares de <strong>f\u00e1cil montaje<\/strong> ideales para todo tipo de exposiciones: fotograf\u00eda, comunicaciones en congresos, ilustraci\u00f3n, etc. Los m\u00f3dulos se adaptan\u00a0a <strong>distintas configuraciones<\/strong>: Panel individual,\u00a0 Muro de paneles en linea, montaje en en <em>zig-zag<\/em> o\u00a0 m\u00f3dulos-isla independientes unidos entre s\u00ed en el centro.\u00a0Este sistema modular es ideal para\u00a0 <strong>exposiciones itinerantes<\/strong> por su f\u00e1cil almacenaje, transporte e instalaci\u00f3n.<\/p>\n<p>&nbsp;<\/p>\n<p>Ver ejemplos de instalaci\u00f3n de\u00a0\u00a0<a href=\"\/proyecto\/exposicion-detras-emergencia-accion-contra-el-hambre\/\">soportes para exposiciones en cart\u00f3n<\/a><\/p>\n","protected":false},"featured_media":15698,"comment_status":"open","ping_status":"closed","template":"","meta":{"_acf_changed":false,"inline_featured_image":false},"product_brand":[],"product_cat":[3035,3037,3039],"product_tag":[],"class_list":{"0":"post-10739","1":"product","2":"type-product","3":"status-publish","4":"has-post-thumbnail","6":"product_cat-produits-pour-evenements-durables","7":"product_cat-stands-modulaires-ecologiques","8":"product_cat-supports-et-totems","9":"product_shipping_class-producto-muy-grande","11":"first","12":"instock","13":"featured","14":"taxable","15":"shipping-taxable","16":"product-type-simple"},"acf":[],"yoast_head":"<!-- This site is optimized with the Yoast SEO plugin v27.2 - https:\/\/yoast.com\/product\/yoast-seo-wordpress\/ -->\n<title>Paneles de cart\u00f3n para exposiciones | Soportes ligeros de f\u00e1cil montaje<\/title>\n<meta name=\"description\" content=\"Paneles para exposiciones. Soportes modulares. Montaje sencillo, ligeros y resistentes. F\u00e1cil transporte y almacenaje. Compra online.\" \/>\n<meta name=\"robots\" content=\"index, follow, max-snippet:-1, max-image-preview:large, max-video-preview:-1\" \/>\n<link rel=\"canonical\" href=\"https:\/\/test.dagic.es\/fr\/producto\/paneles-para-exposiciones\/\" \/>\n<meta property=\"og:locale\" content=\"fr_FR\" \/>\n<meta property=\"og:type\" content=\"article\" \/>\n<meta property=\"og:title\" content=\"Paneles de cart\u00f3n para exposiciones | Soportes ligeros de f\u00e1cil montaje\" \/>\n<meta property=\"og:description\" content=\"Paneles para exposiciones. Soportes modulares. Montaje sencillo, ligeros y resistentes. F\u00e1cil transporte y almacenaje. Compra online.\" \/>\n<meta property=\"og:url\" content=\"https:\/\/test.dagic.es\/fr\/producto\/paneles-para-exposiciones\/\" \/>\n<meta property=\"og:site_name\" content=\"Cartonlab FR\" \/>\n<meta property=\"article:modified_time\" content=\"2020-11-03T12:38:30+00:00\" \/>\n<meta property=\"og:image\" content=\"https:\/\/test.dagic.es\/fr\/wp-content\/uploads\/sites\/5\/2018\/01\/panelhunter1retoc.jpg\" \/>\n\t<meta property=\"og:image:width\" content=\"800\" \/>\n\t<meta property=\"og:image:height\" content=\"800\" \/>\n\t<meta property=\"og:image:type\" content=\"image\/jpeg\" \/>\n<meta name=\"twitter:card\" content=\"summary_large_image\" \/>\n<script type=\"application\/ld+json\" class=\"yoast-schema-graph\">{\"@context\":\"https:\/\/schema.org\",\"@graph\":[{\"@type\":\"WebPage\",\"@id\":\"https:\/\/test.dagic.es\/fr\/producto\/paneles-para-exposiciones\/\",\"url\":\"https:\/\/test.dagic.es\/fr\/producto\/paneles-para-exposiciones\/\",\"name\":\"Paneles de cart\u00f3n para exposiciones | Soportes ligeros de f\u00e1cil montaje\",\"isPartOf\":{\"@id\":\"https:\/\/test.dagic.es\/fr\/#website\"},\"primaryImageOfPage\":{\"@id\":\"https:\/\/test.dagic.es\/fr\/producto\/paneles-para-exposiciones\/#primaryimage\"},\"image\":{\"@id\":\"https:\/\/test.dagic.es\/fr\/producto\/paneles-para-exposiciones\/#primaryimage\"},\"thumbnailUrl\":\"https:\/\/test.dagic.es\/fr\/wp-content\/uploads\/sites\/5\/2018\/01\/panelhunter1retoc.jpg\",\"datePublished\":\"2018-01-23T11:04:15+00:00\",\"dateModified\":\"2020-11-03T12:38:30+00:00\",\"description\":\"Paneles para exposiciones. Soportes modulares. Montaje sencillo, ligeros y resistentes. F\u00e1cil transporte y almacenaje. Compra online.\",\"breadcrumb\":{\"@id\":\"https:\/\/test.dagic.es\/fr\/producto\/paneles-para-exposiciones\/#breadcrumb\"},\"inLanguage\":\"fr-FR\",\"potentialAction\":[{\"@type\":\"ReadAction\",\"target\":[\"https:\/\/test.dagic.es\/fr\/producto\/paneles-para-exposiciones\/\"]}]},{\"@type\":\"ImageObject\",\"inLanguage\":\"fr-FR\",\"@id\":\"https:\/\/test.dagic.es\/fr\/producto\/paneles-para-exposiciones\/#primaryimage\",\"url\":\"https:\/\/test.dagic.es\/fr\/wp-content\/uploads\/sites\/5\/2018\/01\/panelhunter1retoc.jpg\",\"contentUrl\":\"https:\/\/test.dagic.es\/fr\/wp-content\/uploads\/sites\/5\/2018\/01\/panelhunter1retoc.jpg\",\"width\":800,\"height\":800,\"caption\":\"panel hunter carton proporcion\"},{\"@type\":\"BreadcrumbList\",\"@id\":\"https:\/\/test.dagic.es\/fr\/producto\/paneles-para-exposiciones\/#breadcrumb\",\"itemListElement\":[{\"@type\":\"ListItem\",\"position\":1,\"name\":\"Accueil\",\"item\":\"https:\/\/test.dagic.es\/fr\/\"},{\"@type\":\"ListItem\",\"position\":2,\"name\":\"Produits\",\"item\":\"https:\/\/test.dagic.es\/fr\/shop\/\"},{\"@type\":\"ListItem\",\"position\":3,\"name\":\"Paneles soporte para exposiciones | Pack 4 unidades\"}]},{\"@type\":\"WebSite\",\"@id\":\"https:\/\/test.dagic.es\/fr\/#website\",\"url\":\"https:\/\/test.dagic.es\/fr\/\",\"name\":\"Cartonlab FR\",\"description\":\"Cartonlab | Projets internationaux pour \u00e9v\u00e9nements et stands\",\"publisher\":{\"@id\":\"https:\/\/test.dagic.es\/fr\/#organization\"},\"potentialAction\":[{\"@type\":\"SearchAction\",\"target\":{\"@type\":\"EntryPoint\",\"urlTemplate\":\"https:\/\/test.dagic.es\/fr\/?s={search_term_string}\"},\"query-input\":{\"@type\":\"PropertyValueSpecification\",\"valueRequired\":true,\"valueName\":\"search_term_string\"}}],\"inLanguage\":\"fr-FR\"},{\"@type\":\"Organization\",\"@id\":\"https:\/\/test.dagic.es\/fr\/#organization\",\"name\":\"Cartonlab FR\",\"url\":\"https:\/\/test.dagic.es\/fr\/\",\"logo\":{\"@type\":\"ImageObject\",\"inLanguage\":\"fr-FR\",\"@id\":\"https:\/\/test.dagic.es\/fr\/#\/schema\/logo\/image\/\",\"url\":\"https:\/\/test.dagic.es\/fr\/wp-content\/uploads\/sites\/5\/2023\/07\/logo.svg\",\"contentUrl\":\"https:\/\/test.dagic.es\/fr\/wp-content\/uploads\/sites\/5\/2023\/07\/logo.svg\",\"width\":163,\"height\":44,\"caption\":\"Cartonlab FR\"},\"image\":{\"@id\":\"https:\/\/test.dagic.es\/fr\/#\/schema\/logo\/image\/\"}}]}<\/script>\n<!-- \/ Yoast SEO plugin. -->","yoast_head_json":{"title":"Paneles de cart\u00f3n para exposiciones | Soportes ligeros de f\u00e1cil montaje","description":"Paneles para exposiciones. Soportes modulares. Montaje sencillo, ligeros y resistentes. F\u00e1cil transporte y almacenaje. Compra online.","robots":{"index":"index","follow":"follow","max-snippet":"max-snippet:-1","max-image-preview":"max-image-preview:large","max-video-preview":"max-video-preview:-1"},"canonical":"https:\/\/test.dagic.es\/fr\/producto\/paneles-para-exposiciones\/","og_locale":"fr_FR","og_type":"article","og_title":"Paneles de cart\u00f3n para exposiciones | Soportes ligeros de f\u00e1cil montaje","og_description":"Paneles para exposiciones. Soportes modulares. Montaje sencillo, ligeros y resistentes. F\u00e1cil transporte y almacenaje. Compra online.","og_url":"https:\/\/test.dagic.es\/fr\/producto\/paneles-para-exposiciones\/","og_site_name":"Cartonlab FR","article_modified_time":"2020-11-03T12:38:30+00:00","og_image":[{"width":800,"height":800,"url":"https:\/\/test.dagic.es\/fr\/wp-content\/uploads\/sites\/5\/2018\/01\/panelhunter1retoc.jpg","type":"image\/jpeg"}],"twitter_card":"summary_large_image","schema":{"@context":"https:\/\/schema.org","@graph":[{"@type":"WebPage","@id":"https:\/\/test.dagic.es\/fr\/producto\/paneles-para-exposiciones\/","url":"https:\/\/test.dagic.es\/fr\/producto\/paneles-para-exposiciones\/","name":"Paneles de cart\u00f3n para exposiciones | Soportes ligeros de f\u00e1cil montaje","isPartOf":{"@id":"https:\/\/test.dagic.es\/fr\/#website"},"primaryImageOfPage":{"@id":"https:\/\/test.dagic.es\/fr\/producto\/paneles-para-exposiciones\/#primaryimage"},"image":{"@id":"https:\/\/test.dagic.es\/fr\/producto\/paneles-para-exposiciones\/#primaryimage"},"thumbnailUrl":"https:\/\/test.dagic.es\/fr\/wp-content\/uploads\/sites\/5\/2018\/01\/panelhunter1retoc.jpg","datePublished":"2018-01-23T11:04:15+00:00","dateModified":"2020-11-03T12:38:30+00:00","description":"Paneles para exposiciones. Soportes modulares. Montaje sencillo, ligeros y resistentes. F\u00e1cil transporte y almacenaje. Compra online.","breadcrumb":{"@id":"https:\/\/test.dagic.es\/fr\/producto\/paneles-para-exposiciones\/#breadcrumb"},"inLanguage":"fr-FR","potentialAction":[{"@type":"ReadAction","target":["https:\/\/test.dagic.es\/fr\/producto\/paneles-para-exposiciones\/"]}]},{"@type":"ImageObject","inLanguage":"fr-FR","@id":"https:\/\/test.dagic.es\/fr\/producto\/paneles-para-exposiciones\/#primaryimage","url":"https:\/\/test.dagic.es\/fr\/wp-content\/uploads\/sites\/5\/2018\/01\/panelhunter1retoc.jpg","contentUrl":"https:\/\/test.dagic.es\/fr\/wp-content\/uploads\/sites\/5\/2018\/01\/panelhunter1retoc.jpg","width":800,"height":800,"caption":"panel hunter carton proporcion"},{"@type":"BreadcrumbList","@id":"https:\/\/test.dagic.es\/fr\/producto\/paneles-para-exposiciones\/#breadcrumb","itemListElement":[{"@type":"ListItem","position":1,"name":"Accueil","item":"https:\/\/test.dagic.es\/fr\/"},{"@type":"ListItem","position":2,"name":"Produits","item":"https:\/\/test.dagic.es\/fr\/shop\/"},{"@type":"ListItem","position":3,"name":"Paneles soporte para exposiciones | Pack 4 unidades"}]},{"@type":"WebSite","@id":"https:\/\/test.dagic.es\/fr\/#website","url":"https:\/\/test.dagic.es\/fr\/","name":"Cartonlab FR","description":"Cartonlab | Projets internationaux pour \u00e9v\u00e9nements et stands","publisher":{"@id":"https:\/\/test.dagic.es\/fr\/#organization"},"potentialAction":[{"@type":"SearchAction","target":{"@type":"EntryPoint","urlTemplate":"https:\/\/test.dagic.es\/fr\/?s={search_term_string}"},"query-input":{"@type":"PropertyValueSpecification","valueRequired":true,"valueName":"search_term_string"}}],"inLanguage":"fr-FR"},{"@type":"Organization","@id":"https:\/\/test.dagic.es\/fr\/#organization","name":"Cartonlab FR","url":"https:\/\/test.dagic.es\/fr\/","logo":{"@type":"ImageObject","inLanguage":"fr-FR","@id":"https:\/\/test.dagic.es\/fr\/#\/schema\/logo\/image\/","url":"https:\/\/test.dagic.es\/fr\/wp-content\/uploads\/sites\/5\/2023\/07\/logo.svg","contentUrl":"https:\/\/test.dagic.es\/fr\/wp-content\/uploads\/sites\/5\/2023\/07\/logo.svg","width":163,"height":44,"caption":"Cartonlab FR"},"image":{"@id":"https:\/\/test.dagic.es\/fr\/#\/schema\/logo\/image\/"}}]}},"_links":{"self":[{"href":"https:\/\/test.dagic.es\/fr\/wp-json\/wp\/v2\/product\/10739","targetHints":{"allow":["GET"]}}],"collection":[{"href":"https:\/\/test.dagic.es\/fr\/wp-json\/wp\/v2\/product"}],"about":[{"href":"https:\/\/test.dagic.es\/fr\/wp-json\/wp\/v2\/types\/product"}],"replies":[{"embeddable":true,"href":"https:\/\/test.dagic.es\/fr\/wp-json\/wp\/v2\/comments?post=10739"}],"wp:featuredmedia":[{"embeddable":true,"href":"https:\/\/test.dagic.es\/fr\/wp-json\/wp\/v2\/media\/15698"}],"wp:attachment":[{"href":"https:\/\/test.dagic.es\/fr\/wp-json\/wp\/v2\/media?parent=10739"}],"wp:term":[{"taxonomy":"product_brand","embeddable":true,"href":"https:\/\/test.dagic.es\/fr\/wp-json\/wp\/v2\/product_brand?post=10739"},{"taxonomy":"product_cat","embeddable":true,"href":"https:\/\/test.dagic.es\/fr\/wp-json\/wp\/v2\/product_cat?post=10739"},{"taxonomy":"product_tag","embeddable":true,"href":"https:\/\/test.dagic.es\/fr\/wp-json\/wp\/v2\/product_tag?post=10739"}],"curies":[{"name":"wp","href":"https:\/\/api.w.org\/{rel}","templated":true}]}}