{"id":10726,"date":"2018-01-18T14:21:42","date_gmt":"2018-01-18T13:21:42","guid":{"rendered":"http:\/\/cartonlab.holamundo.me\/?post_type=product&#038;p=10726"},"modified":"2020-11-17T11:58:58","modified_gmt":"2020-11-17T10:58:58","slug":"perchas-ecologicas","status":"publish","type":"product","link":"https:\/\/test.dagic.es\/fr\/producto\/perchas-ecologicas\/","title":{"rendered":"Perchas de cart\u00f3n ecol\u00f3gicas | 5 Packs."},"excerpt":{"rendered":"<p><strong>5 packs de perchas ecol\u00f3gicas.<\/strong> Cada pack contiene 5 perchas ecol\u00f3gicas de cart\u00f3n personalizadas\u00a0\u00a0ideales para tener tu ropa organizada y\u00a0 ayudarte a empezar el d\u00eda con las mejores vibraciones.<\/p>\n<p>Estas perchas est\u00e1n dise\u00f1adas por nosotros y fabricadas en Espa\u00f1a con cart\u00f3n compacto certificado. En el pack se incluyen 5 unidades con distintos acabados: blanco, marr\u00f3n (kraft), negro y gris.\u00a0Una alternativa 100% reciclable a las convencionales perchas de pl\u00e1stico.<\/p>\n<p>Estas perchas de cart\u00f3n compacto <strong>no se enganchan entre s\u00ed<\/strong>, y permiten tener tu armario ordenado m\u00e1s f\u00e1cilmente al mismo tiempo que contribuyes al cuidado del medio ambiente.<\/p>\n<p>Haz tu pedido\u00a0ya mismo y rec\u00edbelo\u00a0 en <strong>48 horas<\/strong> en la direcci\u00f3n que nos facilites.<\/p>\n","protected":false},"featured_media":10729,"comment_status":"open","ping_status":"closed","template":"","meta":{"_acf_changed":false,"inline_featured_image":false},"product_brand":[],"product_cat":[3024,3023],"product_tag":[],"class_list":{"0":"post-10726","1":"product","2":"type-product","3":"status-publish","4":"has-post-thumbnail","6":"product_cat-presentoirs-designs-speciaux","7":"product_cat-presentoirs-pour-produits","8":"product_shipping_class-productopequeno","10":"first","11":"instock","12":"taxable","13":"shipping-taxable","14":"product-type-simple"},"acf":[],"yoast_head":"<!-- This site is optimized with the Yoast SEO plugin v27.2 - https:\/\/yoast.com\/product\/yoast-seo-wordpress\/ -->\n<title>Perchas ecol\u00f3gicas de carton | Ecodise\u00f1o hecho en Espa\u00f1a | Entrega 48h<\/title>\n<meta name=\"description\" content=\"Estas perchas ecol\u00f3gicas son ideales para tener tu ropa organizada y empezar el d\u00eda con las mejores vibraciones.Fabricadas con materiales certificados.\" \/>\n<meta name=\"robots\" content=\"index, follow, max-snippet:-1, max-image-preview:large, max-video-preview:-1\" \/>\n<link rel=\"canonical\" href=\"https:\/\/test.dagic.es\/fr\/producto\/perchas-ecologicas\/\" \/>\n<meta property=\"og:locale\" content=\"fr_FR\" \/>\n<meta property=\"og:type\" content=\"article\" \/>\n<meta property=\"og:title\" content=\"Perchas ecol\u00f3gicas de carton | Ecodise\u00f1o hecho en Espa\u00f1a | Entrega 48h\" \/>\n<meta property=\"og:description\" content=\"Estas perchas ecol\u00f3gicas son ideales para tener tu ropa organizada y empezar el d\u00eda con las mejores vibraciones.Fabricadas con materiales certificados.\" \/>\n<meta property=\"og:url\" content=\"https:\/\/test.dagic.es\/fr\/producto\/perchas-ecologicas\/\" \/>\n<meta property=\"og:site_name\" content=\"Cartonlab FR\" \/>\n<meta property=\"article:modified_time\" content=\"2020-11-17T10:58:58+00:00\" \/>\n<meta property=\"og:image\" content=\"https:\/\/test.dagic.es\/fr\/wp-content\/uploads\/sites\/5\/2018\/01\/perchas-ecologicas-carton-reciclable-kit.jpg\" \/>\n\t<meta property=\"og:image:width\" content=\"1000\" \/>\n\t<meta property=\"og:image:height\" content=\"1000\" \/>\n\t<meta property=\"og:image:type\" content=\"image\/jpeg\" \/>\n<meta name=\"twitter:card\" content=\"summary_large_image\" \/>\n<script type=\"application\/ld+json\" class=\"yoast-schema-graph\">{\"@context\":\"https:\/\/schema.org\",\"@graph\":[{\"@type\":\"WebPage\",\"@id\":\"https:\/\/test.dagic.es\/fr\/producto\/perchas-ecologicas\/\",\"url\":\"https:\/\/test.dagic.es\/fr\/producto\/perchas-ecologicas\/\",\"name\":\"Perchas ecol\u00f3gicas de carton | Ecodise\u00f1o hecho en Espa\u00f1a | Entrega 48h\",\"isPartOf\":{\"@id\":\"https:\/\/test.dagic.es\/fr\/#website\"},\"primaryImageOfPage\":{\"@id\":\"https:\/\/test.dagic.es\/fr\/producto\/perchas-ecologicas\/#primaryimage\"},\"image\":{\"@id\":\"https:\/\/test.dagic.es\/fr\/producto\/perchas-ecologicas\/#primaryimage\"},\"thumbnailUrl\":\"https:\/\/test.dagic.es\/fr\/wp-content\/uploads\/sites\/5\/2018\/01\/perchas-ecologicas-carton-reciclable-kit.jpg\",\"datePublished\":\"2018-01-18T13:21:42+00:00\",\"dateModified\":\"2020-11-17T10:58:58+00:00\",\"description\":\"Estas perchas ecol\u00f3gicas son ideales para tener tu ropa organizada y empezar el d\u00eda con las mejores vibraciones.Fabricadas con materiales certificados.\",\"breadcrumb\":{\"@id\":\"https:\/\/test.dagic.es\/fr\/producto\/perchas-ecologicas\/#breadcrumb\"},\"inLanguage\":\"fr-FR\",\"potentialAction\":[{\"@type\":\"ReadAction\",\"target\":[\"https:\/\/test.dagic.es\/fr\/producto\/perchas-ecologicas\/\"]}]},{\"@type\":\"ImageObject\",\"inLanguage\":\"fr-FR\",\"@id\":\"https:\/\/test.dagic.es\/fr\/producto\/perchas-ecologicas\/#primaryimage\",\"url\":\"https:\/\/test.dagic.es\/fr\/wp-content\/uploads\/sites\/5\/2018\/01\/perchas-ecologicas-carton-reciclable-kit.jpg\",\"contentUrl\":\"https:\/\/test.dagic.es\/fr\/wp-content\/uploads\/sites\/5\/2018\/01\/perchas-ecologicas-carton-reciclable-kit.jpg\",\"width\":1000,\"height\":1000,\"caption\":\"perchas carton tienda ecologica\"},{\"@type\":\"BreadcrumbList\",\"@id\":\"https:\/\/test.dagic.es\/fr\/producto\/perchas-ecologicas\/#breadcrumb\",\"itemListElement\":[{\"@type\":\"ListItem\",\"position\":1,\"name\":\"Accueil\",\"item\":\"https:\/\/test.dagic.es\/fr\/\"},{\"@type\":\"ListItem\",\"position\":2,\"name\":\"Produits\",\"item\":\"https:\/\/test.dagic.es\/fr\/shop\/\"},{\"@type\":\"ListItem\",\"position\":3,\"name\":\"Perchas de cart\u00f3n ecol\u00f3gicas | 5 Packs.\"}]},{\"@type\":\"WebSite\",\"@id\":\"https:\/\/test.dagic.es\/fr\/#website\",\"url\":\"https:\/\/test.dagic.es\/fr\/\",\"name\":\"Cartonlab FR\",\"description\":\"Cartonlab | Projets internationaux pour \u00e9v\u00e9nements et stands\",\"publisher\":{\"@id\":\"https:\/\/test.dagic.es\/fr\/#organization\"},\"potentialAction\":[{\"@type\":\"SearchAction\",\"target\":{\"@type\":\"EntryPoint\",\"urlTemplate\":\"https:\/\/test.dagic.es\/fr\/?s={search_term_string}\"},\"query-input\":{\"@type\":\"PropertyValueSpecification\",\"valueRequired\":true,\"valueName\":\"search_term_string\"}}],\"inLanguage\":\"fr-FR\"},{\"@type\":\"Organization\",\"@id\":\"https:\/\/test.dagic.es\/fr\/#organization\",\"name\":\"Cartonlab FR\",\"url\":\"https:\/\/test.dagic.es\/fr\/\",\"logo\":{\"@type\":\"ImageObject\",\"inLanguage\":\"fr-FR\",\"@id\":\"https:\/\/test.dagic.es\/fr\/#\/schema\/logo\/image\/\",\"url\":\"https:\/\/test.dagic.es\/fr\/wp-content\/uploads\/sites\/5\/2023\/07\/logo.svg\",\"contentUrl\":\"https:\/\/test.dagic.es\/fr\/wp-content\/uploads\/sites\/5\/2023\/07\/logo.svg\",\"width\":163,\"height\":44,\"caption\":\"Cartonlab FR\"},\"image\":{\"@id\":\"https:\/\/test.dagic.es\/fr\/#\/schema\/logo\/image\/\"}}]}<\/script>\n<!-- \/ Yoast SEO plugin. -->","yoast_head_json":{"title":"Perchas ecol\u00f3gicas de carton | Ecodise\u00f1o hecho en Espa\u00f1a | Entrega 48h","description":"Estas perchas ecol\u00f3gicas son ideales para tener tu ropa organizada y empezar el d\u00eda con las mejores vibraciones.Fabricadas con materiales certificados.","robots":{"index":"index","follow":"follow","max-snippet":"max-snippet:-1","max-image-preview":"max-image-preview:large","max-video-preview":"max-video-preview:-1"},"canonical":"https:\/\/test.dagic.es\/fr\/producto\/perchas-ecologicas\/","og_locale":"fr_FR","og_type":"article","og_title":"Perchas ecol\u00f3gicas de carton | Ecodise\u00f1o hecho en Espa\u00f1a | Entrega 48h","og_description":"Estas perchas ecol\u00f3gicas son ideales para tener tu ropa organizada y empezar el d\u00eda con las mejores vibraciones.Fabricadas con materiales certificados.","og_url":"https:\/\/test.dagic.es\/fr\/producto\/perchas-ecologicas\/","og_site_name":"Cartonlab FR","article_modified_time":"2020-11-17T10:58:58+00:00","og_image":[{"width":1000,"height":1000,"url":"https:\/\/test.dagic.es\/fr\/wp-content\/uploads\/sites\/5\/2018\/01\/perchas-ecologicas-carton-reciclable-kit.jpg","type":"image\/jpeg"}],"twitter_card":"summary_large_image","schema":{"@context":"https:\/\/schema.org","@graph":[{"@type":"WebPage","@id":"https:\/\/test.dagic.es\/fr\/producto\/perchas-ecologicas\/","url":"https:\/\/test.dagic.es\/fr\/producto\/perchas-ecologicas\/","name":"Perchas ecol\u00f3gicas de carton | Ecodise\u00f1o hecho en Espa\u00f1a | Entrega 48h","isPartOf":{"@id":"https:\/\/test.dagic.es\/fr\/#website"},"primaryImageOfPage":{"@id":"https:\/\/test.dagic.es\/fr\/producto\/perchas-ecologicas\/#primaryimage"},"image":{"@id":"https:\/\/test.dagic.es\/fr\/producto\/perchas-ecologicas\/#primaryimage"},"thumbnailUrl":"https:\/\/test.dagic.es\/fr\/wp-content\/uploads\/sites\/5\/2018\/01\/perchas-ecologicas-carton-reciclable-kit.jpg","datePublished":"2018-01-18T13:21:42+00:00","dateModified":"2020-11-17T10:58:58+00:00","description":"Estas perchas ecol\u00f3gicas son ideales para tener tu ropa organizada y empezar el d\u00eda con las mejores vibraciones.Fabricadas con materiales certificados.","breadcrumb":{"@id":"https:\/\/test.dagic.es\/fr\/producto\/perchas-ecologicas\/#breadcrumb"},"inLanguage":"fr-FR","potentialAction":[{"@type":"ReadAction","target":["https:\/\/test.dagic.es\/fr\/producto\/perchas-ecologicas\/"]}]},{"@type":"ImageObject","inLanguage":"fr-FR","@id":"https:\/\/test.dagic.es\/fr\/producto\/perchas-ecologicas\/#primaryimage","url":"https:\/\/test.dagic.es\/fr\/wp-content\/uploads\/sites\/5\/2018\/01\/perchas-ecologicas-carton-reciclable-kit.jpg","contentUrl":"https:\/\/test.dagic.es\/fr\/wp-content\/uploads\/sites\/5\/2018\/01\/perchas-ecologicas-carton-reciclable-kit.jpg","width":1000,"height":1000,"caption":"perchas carton tienda ecologica"},{"@type":"BreadcrumbList","@id":"https:\/\/test.dagic.es\/fr\/producto\/perchas-ecologicas\/#breadcrumb","itemListElement":[{"@type":"ListItem","position":1,"name":"Accueil","item":"https:\/\/test.dagic.es\/fr\/"},{"@type":"ListItem","position":2,"name":"Produits","item":"https:\/\/test.dagic.es\/fr\/shop\/"},{"@type":"ListItem","position":3,"name":"Perchas de cart\u00f3n ecol\u00f3gicas | 5 Packs."}]},{"@type":"WebSite","@id":"https:\/\/test.dagic.es\/fr\/#website","url":"https:\/\/test.dagic.es\/fr\/","name":"Cartonlab FR","description":"Cartonlab | Projets internationaux pour \u00e9v\u00e9nements et stands","publisher":{"@id":"https:\/\/test.dagic.es\/fr\/#organization"},"potentialAction":[{"@type":"SearchAction","target":{"@type":"EntryPoint","urlTemplate":"https:\/\/test.dagic.es\/fr\/?s={search_term_string}"},"query-input":{"@type":"PropertyValueSpecification","valueRequired":true,"valueName":"search_term_string"}}],"inLanguage":"fr-FR"},{"@type":"Organization","@id":"https:\/\/test.dagic.es\/fr\/#organization","name":"Cartonlab FR","url":"https:\/\/test.dagic.es\/fr\/","logo":{"@type":"ImageObject","inLanguage":"fr-FR","@id":"https:\/\/test.dagic.es\/fr\/#\/schema\/logo\/image\/","url":"https:\/\/test.dagic.es\/fr\/wp-content\/uploads\/sites\/5\/2023\/07\/logo.svg","contentUrl":"https:\/\/test.dagic.es\/fr\/wp-content\/uploads\/sites\/5\/2023\/07\/logo.svg","width":163,"height":44,"caption":"Cartonlab FR"},"image":{"@id":"https:\/\/test.dagic.es\/fr\/#\/schema\/logo\/image\/"}}]}},"_links":{"self":[{"href":"https:\/\/test.dagic.es\/fr\/wp-json\/wp\/v2\/product\/10726","targetHints":{"allow":["GET"]}}],"collection":[{"href":"https:\/\/test.dagic.es\/fr\/wp-json\/wp\/v2\/product"}],"about":[{"href":"https:\/\/test.dagic.es\/fr\/wp-json\/wp\/v2\/types\/product"}],"replies":[{"embeddable":true,"href":"https:\/\/test.dagic.es\/fr\/wp-json\/wp\/v2\/comments?post=10726"}],"wp:featuredmedia":[{"embeddable":true,"href":"https:\/\/test.dagic.es\/fr\/wp-json\/wp\/v2\/media\/10729"}],"wp:attachment":[{"href":"https:\/\/test.dagic.es\/fr\/wp-json\/wp\/v2\/media?parent=10726"}],"wp:term":[{"taxonomy":"product_brand","embeddable":true,"href":"https:\/\/test.dagic.es\/fr\/wp-json\/wp\/v2\/product_brand?post=10726"},{"taxonomy":"product_cat","embeddable":true,"href":"https:\/\/test.dagic.es\/fr\/wp-json\/wp\/v2\/product_cat?post=10726"},{"taxonomy":"product_tag","embeddable":true,"href":"https:\/\/test.dagic.es\/fr\/wp-json\/wp\/v2\/product_tag?post=10726"}],"curies":[{"name":"wp","href":"https:\/\/api.w.org\/{rel}","templated":true}]}}