{"id":18588,"date":"2021-01-21T21:49:27","date_gmt":"2021-01-21T20:49:27","guid":{"rendered":"https:\/\/test.dagic.es\/fr\/?page_id=18588"},"modified":"2023-07-20T08:13:53","modified_gmt":"2023-07-20T07:13:53","slug":"contact","status":"publish","type":"page","link":"https:\/\/test.dagic.es\/fr\/contact\/","title":{"rendered":"contact"},"content":{"rendered":"\n\n\n  <section class=\"seccion-efecto-parallax\">\n    <div id=\"el\" class=\"slider-parallax-cabecera\" style=\"background-image: url('https:\/\/test.dagic.es\/fr\/wp-content\/uploads\/sites\/5\/2023\/06\/image-57.png')\">\n      <div class=\"cabecera-pagina bottom\" style=\"\">\n        <div class=\"contenido-cabecera\">\n\n            <h1 class='titulo-cabecera-pagina' data-aos='fade-up'>En quoi pouvons-nous vous aider?<\/h1>\n            \n                            <a href=\"https:\/\/test.dagic.es\/fr\/formulaire-de-contact\/\" class=\"boton-primario-1\" target=\"_blank\">Dites-nous!<\/a>\n            \n        <\/div>\n      <\/div>\n          <\/div>\n  <\/section>\n\n\n\n<section class=\"donde-estamos\">\n\n    <div class=\"contenido-donde-estamos\">\n        <h2 class='titulo-donde-estamos' data-aos='fade-up'>D\u00e9part Murcie, destination le reste de l\u2019univers<\/h2>                    <p class=\"texto-adiccional-donde-estamos\">\n                Notre centre op\u00e9rationnel se trouve \u00e0 Murcie, dans la zone industrielle La Polvorista (Molina de Segura). C\u2019est l\u00e0 que nous travaillons sur les projets \u00e0 destination du monde entier. Nous disposons de nos propres zones de conception\/production et \u00e9galement d\u2019un vaste r\u00e9seau de fournisseurs dignes de confiance au niveau international. Si vous voulez nous rendre visite, contactez-nous pour organiser un rendez-vous. Nous serons ravis de vous recevoir.            <\/p>\n            <\/div>\n    <iframe src=\"https:\/\/www.google.com\/maps\/embed?pb=!1m18!1m12!1m3!1d3142.30936631443!2d-1.1910829846747104!3d38.03987727971203!2m3!1f0!2f0!3f0!3m2!1i1024!2i768!4f13.1!3m3!1m2!1s0xd638202e340a2b1%3A0x8d0ad9f1156facdd!2sCartonlab!5e0!3m2!1ses!2ses!4v1668760639295!5m2!1ses!2ses\" frameborder=\"0\" style=\"border:0;\" allowfullscreen=\"\" loading=\"lazy\" referrerpolicy=\"no-referrer-when-downgrade\"><\/iframe>\n\n\n<\/section>\n\n\n        <div class=\"oficinas\">\n\n        \n                    <div class=\"oficina seleccionada\">\n\n                        <h3 class=\"titulo-oficina acotado\" data-aos=\"fade-up\">Cartonlab France<\/h3>\n\n                        \n                                                    <div class=\"atributos-oficina seleccionada acotado\" data-aos=\"fade-up\">\n                                                        <div class=\"atributo-oficina\">\n                                    <img decoding=\"async\" src=\"https:\/\/test.dagic.es\/fr\/wp-content\/uploads\/sites\/5\/2023\/06\/Group-355.png\" alt=\"\">\n                                    <span class=\"valor-atributo-oficina\">C\/Abar\u00e1n 10, 30500 Molina de Segura<\/span>\n                                <\/div>\n                                                        <div class=\"atributo-oficina\">\n                                    <img decoding=\"async\" src=\"https:\/\/test.dagic.es\/fr\/wp-content\/uploads\/sites\/5\/2023\/06\/Group-356.png\" alt=\"\">\n                                    <span class=\"valor-atributo-oficina\"><\/span>\n                                <\/div>\n                                                        <div class=\"atributo-oficina\">\n                                    <img decoding=\"async\" src=\"https:\/\/test.dagic.es\/fr\/wp-content\/uploads\/sites\/5\/2023\/06\/Group-357.png\" alt=\"\">\n                                    <span class=\"valor-atributo-oficina\">bonjour@test.dagic.es<\/span>\n                                <\/div>\n                                                    <\/div>\n                        \n                                                    <div class=\"swiper slider-galeria-oficina-pc\">\n                                \n                                <div class=\"swiper-wrapper\">\n\n                                                                                <div class=\"swiper-slide slide-imagen-oficina\">\n                                                <img decoding=\"async\" src=\"https:\/\/test.dagic.es\/fr\/wp-content\/uploads\/sites\/5\/2023\/06\/image-59.png\" alt=\"\">\n                                            <\/div>\n                                                                                <div class=\"swiper-slide slide-imagen-oficina\">\n                                                <img decoding=\"async\" src=\"https:\/\/test.dagic.es\/fr\/wp-content\/uploads\/sites\/5\/2023\/06\/image-58.png\" alt=\"\">\n                                            <\/div>\n                                                                                <div class=\"swiper-slide slide-imagen-oficina\">\n                                                <img decoding=\"async\" src=\"https:\/\/test.dagic.es\/fr\/wp-content\/uploads\/sites\/5\/2023\/07\/Cartonlab-escalera.jpg\" alt=\"\">\n                                            <\/div>\n                                                                                <div class=\"swiper-slide slide-imagen-oficina\">\n                                                <img decoding=\"async\" src=\"https:\/\/test.dagic.es\/fr\/wp-content\/uploads\/sites\/5\/2023\/07\/Cartonlab-palet.jpg\" alt=\"\">\n                                            <\/div>\n                                                                                <div class=\"swiper-slide slide-imagen-oficina\">\n                                                <img decoding=\"async\" src=\"https:\/\/test.dagic.es\/fr\/wp-content\/uploads\/sites\/5\/2023\/07\/Cartonlab-nave.jpg\" alt=\"\">\n                                            <\/div>\n                                    \n                                <\/div>\n\n                            <\/div>\n                                                                <div class=\"contenedor-botones-slider-oficina\">\n                                        <div class=\"swiper-button-prev swiper-button-prev-slider-galeria-oficina\"><\/div>\n                                        <div class=\"swiper-button-next swiper-button-next-slider-galeria-oficina\"><\/div>\n                                    <\/div>\n\n                                                                \n                                            <\/div>\n\n\n                        <div class=\"oficinas-sec acotado\">\n            \n                    <div class=\"oficina\">\n\n                        <h3 class=\"titulo-oficina\" data-aos=\"fade-up\">Cartonlab Espa\u00f1a <\/h3>\n\n                                                    <a href=\"https:\/\/test.dagic.es\" class=\"leer-mas\" data-aos=\"fade-up\" target=\"_blank\">Aller \u00e0 la d\u00e9l\u00e9gation<\/a>\n                        \n                                                    <div class=\"atributos-oficina\" data-aos=\"fade-up\">\n                                                        <div class=\"atributo-oficina\">\n                                    <img decoding=\"async\" src=\"https:\/\/test.dagic.es\/fr\/wp-content\/uploads\/sites\/5\/2023\/06\/Group-355.png\" alt=\"\">\n                                    <span class=\"valor-atributo-oficina\">C\/Abar\u00e1n 10, 30500 Molina de Segura<\/span>\n                                <\/div>\n                                                        <div class=\"atributo-oficina\">\n                                    <img decoding=\"async\" src=\"https:\/\/test.dagic.es\/fr\/wp-content\/uploads\/sites\/5\/2023\/06\/Group-356.png\" alt=\"\">\n                                    <span class=\"valor-atributo-oficina\">+34 968210700<\/span>\n                                <\/div>\n                                                        <div class=\"atributo-oficina\">\n                                    <img decoding=\"async\" src=\"https:\/\/test.dagic.es\/fr\/wp-content\/uploads\/sites\/5\/2023\/06\/Group-357.png\" alt=\"\">\n                                    <span class=\"valor-atributo-oficina\">info@test.dagic.es\r\n<\/span>\n                                <\/div>\n                                                    <\/div>\n                        \n                                            <\/div>\n\n\n            \n                    <div class=\"oficina\">\n\n                        <h3 class=\"titulo-oficina\" data-aos=\"fade-up\">Cartonlab USA<\/h3>\n\n                                                    <a href=\"https:\/\/test.dagic.es\/en\" class=\"leer-mas\" data-aos=\"fade-up\" target=\"_blank\">Aller \u00e0 la d\u00e9l\u00e9gation<\/a>\n                        \n                                                    <div class=\"atributos-oficina\" data-aos=\"fade-up\">\n                                                        <div class=\"atributo-oficina\">\n                                    <img decoding=\"async\" src=\"https:\/\/test.dagic.es\/fr\/wp-content\/uploads\/sites\/5\/2023\/06\/Group-355.png\" alt=\"\">\n                                    <span class=\"valor-atributo-oficina\">500 East Kennedy Boulevard Tampa. Florida. 33602<\/span>\n                                <\/div>\n                                                        <div class=\"atributo-oficina\">\n                                    <img decoding=\"async\" src=\"https:\/\/test.dagic.es\/fr\/wp-content\/uploads\/sites\/5\/2023\/06\/Group-357.png\" alt=\"\">\n                                    <span class=\"valor-atributo-oficina\">hello@test.dagic.es<\/span>\n                                <\/div>\n                                                    <\/div>\n                        \n                                            <\/div>\n\n\n            \n            <\/div>\n\n \n\n\n        <\/div>\n\n\n","protected":false},"excerpt":{"rendered":"","protected":false},"author":200,"featured_media":24689,"parent":0,"menu_order":0,"comment_status":"closed","ping_status":"closed","template":"","meta":{"_acf_changed":false,"inline_featured_image":false,"footnotes":""},"class_list":["post-18588","page","type-page","status-publish","has-post-thumbnail","hentry"],"acf":[],"yoast_head":"<!-- This site is optimized with the Yoast SEO plugin v27.2 - https:\/\/yoast.com\/product\/yoast-seo-wordpress\/ -->\n<title>Contact - Cartonlab<\/title>\n<meta name=\"description\" content=\"Demande d&#039;informationsLaissez-nous vos coordonn\u00e9es et nous vous contacterons.\" \/>\n<meta name=\"robots\" content=\"index, follow, max-snippet:-1, max-image-preview:large, max-video-preview:-1\" \/>\n<link rel=\"canonical\" href=\"https:\/\/test.dagic.es\/fr\/contact\/\" \/>\n<meta property=\"og:locale\" content=\"fr_FR\" \/>\n<meta property=\"og:type\" content=\"article\" \/>\n<meta property=\"og:title\" content=\"Contact - Cartonlab\" \/>\n<meta property=\"og:description\" content=\"Demande d&#039;informationsLaissez-nous vos coordonn\u00e9es et nous vous contacterons.\" \/>\n<meta property=\"og:url\" content=\"https:\/\/test.dagic.es\/fr\/contact\/\" \/>\n<meta property=\"og:site_name\" content=\"Cartonlab FR\" \/>\n<meta property=\"article:modified_time\" content=\"2023-07-20T07:13:53+00:00\" \/>\n<meta property=\"og:image\" content=\"https:\/\/test.dagic.es\/fr\/wp-content\/uploads\/sites\/5\/2023\/06\/image-57.png\" \/>\n\t<meta property=\"og:image:width\" content=\"1440\" \/>\n\t<meta property=\"og:image:height\" content=\"501\" \/>\n\t<meta property=\"og:image:type\" content=\"image\/png\" \/>\n<meta name=\"twitter:card\" content=\"summary_large_image\" \/>\n<script type=\"application\/ld+json\" class=\"yoast-schema-graph\">{\"@context\":\"https:\/\/schema.org\",\"@graph\":[{\"@type\":\"WebPage\",\"@id\":\"https:\/\/test.dagic.es\/fr\/contact\/\",\"url\":\"https:\/\/test.dagic.es\/fr\/contact\/\",\"name\":\"Contact - Cartonlab\",\"isPartOf\":{\"@id\":\"https:\/\/test.dagic.es\/fr\/#website\"},\"primaryImageOfPage\":{\"@id\":\"https:\/\/test.dagic.es\/fr\/contact\/#primaryimage\"},\"image\":{\"@id\":\"https:\/\/test.dagic.es\/fr\/contact\/#primaryimage\"},\"thumbnailUrl\":\"https:\/\/test.dagic.es\/fr\/wp-content\/uploads\/sites\/5\/2023\/06\/image-57.png\",\"datePublished\":\"2021-01-21T20:49:27+00:00\",\"dateModified\":\"2023-07-20T07:13:53+00:00\",\"description\":\"Demande d'informationsLaissez-nous vos coordonn\u00e9es et nous vous contacterons.\",\"breadcrumb\":{\"@id\":\"https:\/\/test.dagic.es\/fr\/contact\/#breadcrumb\"},\"inLanguage\":\"fr-FR\",\"potentialAction\":[{\"@type\":\"ReadAction\",\"target\":[\"https:\/\/test.dagic.es\/fr\/contact\/\"]}]},{\"@type\":\"ImageObject\",\"inLanguage\":\"fr-FR\",\"@id\":\"https:\/\/test.dagic.es\/fr\/contact\/#primaryimage\",\"url\":\"https:\/\/test.dagic.es\/fr\/wp-content\/uploads\/sites\/5\/2023\/06\/image-57.png\",\"contentUrl\":\"https:\/\/test.dagic.es\/fr\/wp-content\/uploads\/sites\/5\/2023\/06\/image-57.png\",\"width\":1440,\"height\":501},{\"@type\":\"BreadcrumbList\",\"@id\":\"https:\/\/test.dagic.es\/fr\/contact\/#breadcrumb\",\"itemListElement\":[{\"@type\":\"ListItem\",\"position\":1,\"name\":\"Accueil\",\"item\":\"https:\/\/test.dagic.es\/fr\/\"},{\"@type\":\"ListItem\",\"position\":2,\"name\":\"contact\"}]},{\"@type\":\"WebSite\",\"@id\":\"https:\/\/test.dagic.es\/fr\/#website\",\"url\":\"https:\/\/test.dagic.es\/fr\/\",\"name\":\"Cartonlab FR\",\"description\":\"Cartonlab | Projets internationaux pour \u00e9v\u00e9nements et stands\",\"publisher\":{\"@id\":\"https:\/\/test.dagic.es\/fr\/#organization\"},\"potentialAction\":[{\"@type\":\"SearchAction\",\"target\":{\"@type\":\"EntryPoint\",\"urlTemplate\":\"https:\/\/test.dagic.es\/fr\/?s={search_term_string}\"},\"query-input\":{\"@type\":\"PropertyValueSpecification\",\"valueRequired\":true,\"valueName\":\"search_term_string\"}}],\"inLanguage\":\"fr-FR\"},{\"@type\":\"Organization\",\"@id\":\"https:\/\/test.dagic.es\/fr\/#organization\",\"name\":\"Cartonlab FR\",\"url\":\"https:\/\/test.dagic.es\/fr\/\",\"logo\":{\"@type\":\"ImageObject\",\"inLanguage\":\"fr-FR\",\"@id\":\"https:\/\/test.dagic.es\/fr\/#\/schema\/logo\/image\/\",\"url\":\"https:\/\/test.dagic.es\/fr\/wp-content\/uploads\/sites\/5\/2023\/07\/logo.svg\",\"contentUrl\":\"https:\/\/test.dagic.es\/fr\/wp-content\/uploads\/sites\/5\/2023\/07\/logo.svg\",\"width\":163,\"height\":44,\"caption\":\"Cartonlab FR\"},\"image\":{\"@id\":\"https:\/\/test.dagic.es\/fr\/#\/schema\/logo\/image\/\"}}]}<\/script>\n<!-- \/ Yoast SEO plugin. -->","yoast_head_json":{"title":"Contact - Cartonlab","description":"Demande d'informationsLaissez-nous vos coordonn\u00e9es et nous vous contacterons.","robots":{"index":"index","follow":"follow","max-snippet":"max-snippet:-1","max-image-preview":"max-image-preview:large","max-video-preview":"max-video-preview:-1"},"canonical":"https:\/\/test.dagic.es\/fr\/contact\/","og_locale":"fr_FR","og_type":"article","og_title":"Contact - Cartonlab","og_description":"Demande d'informationsLaissez-nous vos coordonn\u00e9es et nous vous contacterons.","og_url":"https:\/\/test.dagic.es\/fr\/contact\/","og_site_name":"Cartonlab FR","article_modified_time":"2023-07-20T07:13:53+00:00","og_image":[{"width":1440,"height":501,"url":"https:\/\/test.dagic.es\/fr\/wp-content\/uploads\/sites\/5\/2023\/06\/image-57.png","type":"image\/png"}],"twitter_card":"summary_large_image","schema":{"@context":"https:\/\/schema.org","@graph":[{"@type":"WebPage","@id":"https:\/\/test.dagic.es\/fr\/contact\/","url":"https:\/\/test.dagic.es\/fr\/contact\/","name":"Contact - Cartonlab","isPartOf":{"@id":"https:\/\/test.dagic.es\/fr\/#website"},"primaryImageOfPage":{"@id":"https:\/\/test.dagic.es\/fr\/contact\/#primaryimage"},"image":{"@id":"https:\/\/test.dagic.es\/fr\/contact\/#primaryimage"},"thumbnailUrl":"https:\/\/test.dagic.es\/fr\/wp-content\/uploads\/sites\/5\/2023\/06\/image-57.png","datePublished":"2021-01-21T20:49:27+00:00","dateModified":"2023-07-20T07:13:53+00:00","description":"Demande d'informationsLaissez-nous vos coordonn\u00e9es et nous vous contacterons.","breadcrumb":{"@id":"https:\/\/test.dagic.es\/fr\/contact\/#breadcrumb"},"inLanguage":"fr-FR","potentialAction":[{"@type":"ReadAction","target":["https:\/\/test.dagic.es\/fr\/contact\/"]}]},{"@type":"ImageObject","inLanguage":"fr-FR","@id":"https:\/\/test.dagic.es\/fr\/contact\/#primaryimage","url":"https:\/\/test.dagic.es\/fr\/wp-content\/uploads\/sites\/5\/2023\/06\/image-57.png","contentUrl":"https:\/\/test.dagic.es\/fr\/wp-content\/uploads\/sites\/5\/2023\/06\/image-57.png","width":1440,"height":501},{"@type":"BreadcrumbList","@id":"https:\/\/test.dagic.es\/fr\/contact\/#breadcrumb","itemListElement":[{"@type":"ListItem","position":1,"name":"Accueil","item":"https:\/\/test.dagic.es\/fr\/"},{"@type":"ListItem","position":2,"name":"contact"}]},{"@type":"WebSite","@id":"https:\/\/test.dagic.es\/fr\/#website","url":"https:\/\/test.dagic.es\/fr\/","name":"Cartonlab FR","description":"Cartonlab | Projets internationaux pour \u00e9v\u00e9nements et stands","publisher":{"@id":"https:\/\/test.dagic.es\/fr\/#organization"},"potentialAction":[{"@type":"SearchAction","target":{"@type":"EntryPoint","urlTemplate":"https:\/\/test.dagic.es\/fr\/?s={search_term_string}"},"query-input":{"@type":"PropertyValueSpecification","valueRequired":true,"valueName":"search_term_string"}}],"inLanguage":"fr-FR"},{"@type":"Organization","@id":"https:\/\/test.dagic.es\/fr\/#organization","name":"Cartonlab FR","url":"https:\/\/test.dagic.es\/fr\/","logo":{"@type":"ImageObject","inLanguage":"fr-FR","@id":"https:\/\/test.dagic.es\/fr\/#\/schema\/logo\/image\/","url":"https:\/\/test.dagic.es\/fr\/wp-content\/uploads\/sites\/5\/2023\/07\/logo.svg","contentUrl":"https:\/\/test.dagic.es\/fr\/wp-content\/uploads\/sites\/5\/2023\/07\/logo.svg","width":163,"height":44,"caption":"Cartonlab FR"},"image":{"@id":"https:\/\/test.dagic.es\/fr\/#\/schema\/logo\/image\/"}}]}},"_links":{"self":[{"href":"https:\/\/test.dagic.es\/fr\/wp-json\/wp\/v2\/pages\/18588","targetHints":{"allow":["GET"]}}],"collection":[{"href":"https:\/\/test.dagic.es\/fr\/wp-json\/wp\/v2\/pages"}],"about":[{"href":"https:\/\/test.dagic.es\/fr\/wp-json\/wp\/v2\/types\/page"}],"author":[{"embeddable":true,"href":"https:\/\/test.dagic.es\/fr\/wp-json\/wp\/v2\/users\/200"}],"replies":[{"embeddable":true,"href":"https:\/\/test.dagic.es\/fr\/wp-json\/wp\/v2\/comments?post=18588"}],"version-history":[{"count":12,"href":"https:\/\/test.dagic.es\/fr\/wp-json\/wp\/v2\/pages\/18588\/revisions"}],"predecessor-version":[{"id":25152,"href":"https:\/\/test.dagic.es\/fr\/wp-json\/wp\/v2\/pages\/18588\/revisions\/25152"}],"wp:featuredmedia":[{"embeddable":true,"href":"https:\/\/test.dagic.es\/fr\/wp-json\/wp\/v2\/media\/24689"}],"wp:attachment":[{"href":"https:\/\/test.dagic.es\/fr\/wp-json\/wp\/v2\/media?parent=18588"}],"curies":[{"name":"wp","href":"https:\/\/api.w.org\/{rel}","templated":true}]}}