{"id":18582,"date":"2021-01-21T21:38:12","date_gmt":"2021-01-21T20:38:12","guid":{"rendered":"https:\/\/test.dagic.es\/fr\/?page_id=18582"},"modified":"2023-07-13T10:12:08","modified_gmt":"2023-07-13T09:12:08","slug":"services","status":"publish","type":"page","link":"https:\/\/test.dagic.es\/fr\/services\/","title":{"rendered":"Services"},"content":{"rendered":"\n<div style=\"height:100px\" aria-hidden=\"true\" class=\"wp-block-spacer\"><\/div>\n\n\n\n<section class=\"seccion-servicios-home\">\n\n<div class=\"capa-amarilla\">\n    <div class=\"wrapper-servicios-home\">\n\n        <div class=\"contenido-servicios-home\">\n\n            <h2 class='titulo-servicios-home' data-aos='fade-up'>Nos services<\/h2>\n                            <p class=\"texto-adicional-servicios-home\" data-aos=\"fade-up\">\n                    Projets cr\u00e9atifs et innovants produits avec des mat\u00e9riaux \u00e0 faible impact environnemental.                <\/p>\n            \n                            <a href=\"servicios\/design-interieur\/\" class=\"boton-primario-2\" title=\"Je veux en savoir plus\" target=\"_blank\" data-aos=\"fade-up\">Je veux en savoir plus<\/a>\n            \n        <\/div>\n\n        <div class=\"servicios-home\">\n            \n                  <a class=\"servicio-home\" style=\"background-image: url('https:\/\/test.dagic.es\/fr\/wp-content\/uploads\/sites\/5\/2023\/07\/productos.jpeg'); text-decoration: none !important;\" data-aos=\"fade-up\" href=\"https:\/\/test.dagic.es\/fr\/projets\/design-produit\/\">\n                        <div class=\"capa-servicio-home\">\n                            <h3 class=\"nombre-servicio\">\n                                Design de produits                            <\/h3>\n                        <\/div>\n                        <div class=\"wrapper-servicio-home\">\n\n                            <div class=\"contenido-wrapper-servicio\">\n\n                                <h3 class=\"nombre-servicio-wrapper\">\n                                    Design de produits                                <\/h3>\n\n                                                                    <div class=\"datos-servicio\">\n\n                                        \n                                            <div class=\"dato-servicio\">\n                                                <img decoding=\"async\" src=\"https:\/\/test.dagic.es\/fr\/wp-content\/themes\/cartonlab\/recursos\/img\/estrella.png\" alt=\"\u00c9toile\">\n                                                <span>Nous sommes experts en conception structurelle en carton grand format.<\/span>\n                                            <\/div>\n\n                                        \n                                            <div class=\"dato-servicio\">\n                                                <img decoding=\"async\" src=\"https:\/\/test.dagic.es\/fr\/wp-content\/themes\/cartonlab\/recursos\/img\/estrella.png\" alt=\"\u00c9toile\">\n                                                <span>Nous fabriquons des prototypes et des maquettes.<\/span>\n                                            <\/div>\n\n                                        \n                                            <div class=\"dato-servicio\">\n                                                <img decoding=\"async\" src=\"https:\/\/test.dagic.es\/fr\/wp-content\/themes\/cartonlab\/recursos\/img\/estrella.png\" alt=\"\u00c9toile\">\n                                                <span>Projets de pr\u00e9sentoirs, d\u2019\u00e9l\u00e9ments tridimensionnels, de mobilier et d\u2019\u00e9l\u00e9ments de marketing.<\/span>\n                                            <\/div>\n\n                                                                            <\/div>\n\n                                \n                            <\/div>\n\n                            <span class=\"leer-mas enlace-amarillo\">Voir service<\/span>\n\n\n                        <\/div>\n\n\n                    <\/a>\n\n\n            \n                  <a class=\"servicio-home\" style=\"background-image: url('https:\/\/test.dagic.es\/fr\/wp-content\/uploads\/sites\/5\/2023\/07\/Interiorismo.jpeg'); text-decoration: none !important;\" data-aos=\"fade-up\" href=\"https:\/\/test.dagic.es\/fr\/projets\/design-interieur\/\">\n                        <div class=\"capa-servicio-home\">\n                            <h3 class=\"nombre-servicio\">\n                                Design interieur                            <\/h3>\n                        <\/div>\n                        <div class=\"wrapper-servicio-home\">\n\n                            <div class=\"contenido-wrapper-servicio\">\n\n                                <h3 class=\"nombre-servicio-wrapper\">\n                                    Design interieur                                <\/h3>\n\n                                                                    <div class=\"datos-servicio\">\n\n                                        \n                                            <div class=\"dato-servicio\">\n                                                <img decoding=\"async\" src=\"https:\/\/test.dagic.es\/fr\/wp-content\/themes\/cartonlab\/recursos\/img\/estrella.png\" alt=\"\u00c9toile\">\n                                                <span>Exp\u00e9rience de marque immersive pour vos clients      <\/span>\n                                            <\/div>\n\n                                        \n                                            <div class=\"dato-servicio\">\n                                                <img decoding=\"async\" src=\"https:\/\/test.dagic.es\/fr\/wp-content\/themes\/cartonlab\/recursos\/img\/estrella.png\" alt=\"\u00c9toile\">\n                                                <span>Mat\u00e9riaux durables 100% recyclables<\/span>\n                                            <\/div>\n\n                                        \n                                            <div class=\"dato-servicio\">\n                                                <img decoding=\"async\" src=\"https:\/\/test.dagic.es\/fr\/wp-content\/themes\/cartonlab\/recursos\/img\/estrella.png\" alt=\"\u00c9toile\">\n                                                <span>Propositions cr\u00e9atives et innovantes pour Pop Up Stores, retail et activations.<\/span>\n                                            <\/div>\n\n                                                                            <\/div>\n\n                                \n                            <\/div>\n\n                            <span class=\"leer-mas enlace-amarillo\">Voir service<\/span>\n\n\n                        <\/div>\n\n\n                    <\/a>\n\n\n            \n                  <a class=\"servicio-home\" style=\"background-image: url('https:\/\/test.dagic.es\/fr\/wp-content\/uploads\/sites\/5\/2023\/06\/eventos-sostenibles-hoteles-photocall-5.jpeg'); text-decoration: none !important;\" data-aos=\"fade-up\" href=\"https:\/\/test.dagic.es\/fr\/projets\/design-evenements\/\">\n                        <div class=\"capa-servicio-home\">\n                            <h3 class=\"nombre-servicio\">\n                                \u00c9v\u00e9nements                            <\/h3>\n                        <\/div>\n                        <div class=\"wrapper-servicio-home\">\n\n                            <div class=\"contenido-wrapper-servicio\">\n\n                                <h3 class=\"nombre-servicio-wrapper\">\n                                    \u00c9v\u00e9nements                                <\/h3>\n\n                                                                    <div class=\"datos-servicio\">\n\n                                        \n                                            <div class=\"dato-servicio\">\n                                                <img decoding=\"async\" src=\"https:\/\/test.dagic.es\/fr\/wp-content\/themes\/cartonlab\/recursos\/img\/estrella.png\" alt=\"\u00c9toile\">\n                                                <span>Solutions pour congr\u00e8s, festivals, salons et activations. <\/span>\n                                            <\/div>\n\n                                        \n                                            <div class=\"dato-servicio\">\n                                                <img decoding=\"async\" src=\"https:\/\/test.dagic.es\/fr\/wp-content\/themes\/cartonlab\/recursos\/img\/estrella.png\" alt=\"\u00c9toile\">\n                                                <span>D\u00e9coration de sc\u00e8nes, signal\u00e9tique, photocalls, stands et \u00e9l\u00e9ments tridimensionnels.<\/span>\n                                            <\/div>\n\n                                                                            <\/div>\n\n                                \n                            <\/div>\n\n                            <span class=\"leer-mas enlace-amarillo\">Voir service<\/span>\n\n\n                        <\/div>\n\n\n                    <\/a>\n\n\n            \n                  <a class=\"servicio-home\" style=\"background-image: url('https:\/\/test.dagic.es\/fr\/wp-content\/uploads\/sites\/5\/2023\/07\/exposiciones.jpeg'); text-decoration: none !important;\" data-aos=\"fade-up\" href=\"https:\/\/test.dagic.es\/fr\/projets\/expositions\/\">\n                        <div class=\"capa-servicio-home\">\n                            <h3 class=\"nombre-servicio\">\n                                Expositions                            <\/h3>\n                        <\/div>\n                        <div class=\"wrapper-servicio-home\">\n\n                            <div class=\"contenido-wrapper-servicio\">\n\n                                <h3 class=\"nombre-servicio-wrapper\">\n                                    Expositions                                <\/h3>\n\n                                                                    <div class=\"datos-servicio\">\n\n                                        \n                                            <div class=\"dato-servicio\">\n                                                <img decoding=\"async\" src=\"https:\/\/test.dagic.es\/fr\/wp-content\/themes\/cartonlab\/recursos\/img\/estrella.png\" alt=\"\u00c9toile\">\n                                                <span>\u00b7 Facilit\u00e9 de montage et d\u2019installation. Solutions r\u00e9utilisables.<\/span>\n                                            <\/div>\n\n                                        \n                                            <div class=\"dato-servicio\">\n                                                <img decoding=\"async\" src=\"https:\/\/test.dagic.es\/fr\/wp-content\/themes\/cartonlab\/recursos\/img\/estrella.png\" alt=\"\u00c9toile\">\n                                                <span>Solutions r\u00e9utilisables.<\/span>\n                                            <\/div>\n\n                                        \n                                            <div class=\"dato-servicio\">\n                                                <img decoding=\"async\" src=\"https:\/\/test.dagic.es\/fr\/wp-content\/themes\/cartonlab\/recursos\/img\/estrella.png\" alt=\"\u00c9toile\">\n                                                <span> Impression num\u00e9rique directe haute qualit\u00e9.<\/span>\n                                            <\/div>\n\n                                                                            <\/div>\n\n                                \n                            <\/div>\n\n                            <span class=\"leer-mas enlace-amarillo\">Voir service<\/span>\n\n\n                        <\/div>\n\n\n                    <\/a>\n\n\n            \n                  <a class=\"servicio-home\" style=\"background-image: url('https:\/\/test.dagic.es\/fr\/wp-content\/uploads\/sites\/5\/2023\/07\/stands.jpeg'); text-decoration: none !important;\" data-aos=\"fade-up\" href=\"https:\/\/test.dagic.es\/fr\/projets\/stand-exposition\/\">\n                        <div class=\"capa-servicio-home\">\n                            <h3 class=\"nombre-servicio\">\n                                Stands                            <\/h3>\n                        <\/div>\n                        <div class=\"wrapper-servicio-home\">\n\n                            <div class=\"contenido-wrapper-servicio\">\n\n                                <h3 class=\"nombre-servicio-wrapper\">\n                                    Stands                                <\/h3>\n\n                                                                    <div class=\"datos-servicio\">\n\n                                        \n                                            <div class=\"dato-servicio\">\n                                                <img decoding=\"async\" src=\"https:\/\/test.dagic.es\/fr\/wp-content\/themes\/cartonlab\/recursos\/img\/estrella.png\" alt=\"\u00c9toile\">\n                                                <span>Attirez plus de visiteurs<\/span>\n                                            <\/div>\n\n                                        \n                                            <div class=\"dato-servicio\">\n                                                <img decoding=\"async\" src=\"https:\/\/test.dagic.es\/fr\/wp-content\/themes\/cartonlab\/recursos\/img\/estrella.png\" alt=\"\u00c9toile\">\n                                                <span>Plus d\u2019impact pour votre marque.<\/span>\n                                            <\/div>\n\n                                        \n                                            <div class=\"dato-servicio\">\n                                                <img decoding=\"async\" src=\"https:\/\/test.dagic.es\/fr\/wp-content\/themes\/cartonlab\/recursos\/img\/estrella.png\" alt=\"\u00c9toile\">\n                                                <span>Design unique, exclusif et diff\u00e9renciateur.<\/span>\n                                            <\/div>\n\n                                        \n                                            <div class=\"dato-servicio\">\n                                                <img decoding=\"async\" src=\"https:\/\/test.dagic.es\/fr\/wp-content\/themes\/cartonlab\/recursos\/img\/estrella.png\" alt=\"\u00c9toile\">\n                                                <span>Mat\u00e9riaux durables 100% recyclables<\/span>\n                                            <\/div>\n\n                                                                            <\/div>\n\n                                \n                            <\/div>\n\n                            <span class=\"leer-mas enlace-amarillo\">Voir service<\/span>\n\n\n                        <\/div>\n\n\n                    <\/a>\n\n\n            \n        <\/div>\n\n\n    <\/div>\n<\/div>\n\n\n<\/section>\n\n\n\n<div style=\"height:100px\" aria-hidden=\"true\" class=\"wp-block-spacer\"><\/div>\n","protected":false},"excerpt":{"rendered":"","protected":false},"author":200,"featured_media":0,"parent":0,"menu_order":0,"comment_status":"closed","ping_status":"closed","template":"","meta":{"_acf_changed":false,"inline_featured_image":false,"footnotes":""},"class_list":["post-18582","page","type-page","status-publish","hentry"],"acf":[],"yoast_head":"<!-- This site is optimized with the Yoast SEO plugin v27.2 - https:\/\/yoast.com\/product\/yoast-seo-wordpress\/ -->\n<title>Services - Cartonlab<\/title>\n<meta name=\"description\" content=\"D\u00e9couvrez tous les services que Cartonlab peut vous offrir en mati\u00e8re de conception de stands, d&#039;\u00e9v\u00e9nements, de d\u00e9coration int\u00e9rieure et d&#039;expositions.\" \/>\n<meta name=\"robots\" content=\"index, follow, max-snippet:-1, max-image-preview:large, max-video-preview:-1\" \/>\n<link rel=\"canonical\" href=\"https:\/\/test.dagic.es\/fr\/services\/\" \/>\n<meta property=\"og:locale\" content=\"fr_FR\" \/>\n<meta property=\"og:type\" content=\"article\" \/>\n<meta property=\"og:title\" content=\"Services - Cartonlab\" \/>\n<meta property=\"og:description\" content=\"D\u00e9couvrez tous les services que Cartonlab peut vous offrir en mati\u00e8re de conception de stands, d&#039;\u00e9v\u00e9nements, de d\u00e9coration int\u00e9rieure et d&#039;expositions.\" \/>\n<meta property=\"og:url\" content=\"https:\/\/test.dagic.es\/fr\/services\/\" \/>\n<meta property=\"og:site_name\" content=\"Cartonlab FR\" \/>\n<meta property=\"article:modified_time\" content=\"2023-07-13T09:12:08+00:00\" \/>\n<meta name=\"twitter:card\" content=\"summary_large_image\" \/>\n<script type=\"application\/ld+json\" class=\"yoast-schema-graph\">{\"@context\":\"https:\/\/schema.org\",\"@graph\":[{\"@type\":\"WebPage\",\"@id\":\"https:\/\/test.dagic.es\/fr\/services\/\",\"url\":\"https:\/\/test.dagic.es\/fr\/services\/\",\"name\":\"Services - Cartonlab\",\"isPartOf\":{\"@id\":\"https:\/\/test.dagic.es\/fr\/#website\"},\"datePublished\":\"2021-01-21T20:38:12+00:00\",\"dateModified\":\"2023-07-13T09:12:08+00:00\",\"description\":\"D\u00e9couvrez tous les services que Cartonlab peut vous offrir en mati\u00e8re de conception de stands, d'\u00e9v\u00e9nements, de d\u00e9coration int\u00e9rieure et d'expositions.\",\"breadcrumb\":{\"@id\":\"https:\/\/test.dagic.es\/fr\/services\/#breadcrumb\"},\"inLanguage\":\"fr-FR\",\"potentialAction\":[{\"@type\":\"ReadAction\",\"target\":[\"https:\/\/test.dagic.es\/fr\/services\/\"]}]},{\"@type\":\"BreadcrumbList\",\"@id\":\"https:\/\/test.dagic.es\/fr\/services\/#breadcrumb\",\"itemListElement\":[{\"@type\":\"ListItem\",\"position\":1,\"name\":\"Accueil\",\"item\":\"https:\/\/test.dagic.es\/fr\/\"},{\"@type\":\"ListItem\",\"position\":2,\"name\":\"Services\"}]},{\"@type\":\"WebSite\",\"@id\":\"https:\/\/test.dagic.es\/fr\/#website\",\"url\":\"https:\/\/test.dagic.es\/fr\/\",\"name\":\"Cartonlab FR\",\"description\":\"Cartonlab | Projets internationaux pour \u00e9v\u00e9nements et stands\",\"publisher\":{\"@id\":\"https:\/\/test.dagic.es\/fr\/#organization\"},\"potentialAction\":[{\"@type\":\"SearchAction\",\"target\":{\"@type\":\"EntryPoint\",\"urlTemplate\":\"https:\/\/test.dagic.es\/fr\/?s={search_term_string}\"},\"query-input\":{\"@type\":\"PropertyValueSpecification\",\"valueRequired\":true,\"valueName\":\"search_term_string\"}}],\"inLanguage\":\"fr-FR\"},{\"@type\":\"Organization\",\"@id\":\"https:\/\/test.dagic.es\/fr\/#organization\",\"name\":\"Cartonlab FR\",\"url\":\"https:\/\/test.dagic.es\/fr\/\",\"logo\":{\"@type\":\"ImageObject\",\"inLanguage\":\"fr-FR\",\"@id\":\"https:\/\/test.dagic.es\/fr\/#\/schema\/logo\/image\/\",\"url\":\"https:\/\/test.dagic.es\/fr\/wp-content\/uploads\/sites\/5\/2023\/07\/logo.svg\",\"contentUrl\":\"https:\/\/test.dagic.es\/fr\/wp-content\/uploads\/sites\/5\/2023\/07\/logo.svg\",\"width\":163,\"height\":44,\"caption\":\"Cartonlab FR\"},\"image\":{\"@id\":\"https:\/\/test.dagic.es\/fr\/#\/schema\/logo\/image\/\"}}]}<\/script>\n<!-- \/ Yoast SEO plugin. -->","yoast_head_json":{"title":"Services - Cartonlab","description":"D\u00e9couvrez tous les services que Cartonlab peut vous offrir en mati\u00e8re de conception de stands, d'\u00e9v\u00e9nements, de d\u00e9coration int\u00e9rieure et d'expositions.","robots":{"index":"index","follow":"follow","max-snippet":"max-snippet:-1","max-image-preview":"max-image-preview:large","max-video-preview":"max-video-preview:-1"},"canonical":"https:\/\/test.dagic.es\/fr\/services\/","og_locale":"fr_FR","og_type":"article","og_title":"Services - Cartonlab","og_description":"D\u00e9couvrez tous les services que Cartonlab peut vous offrir en mati\u00e8re de conception de stands, d'\u00e9v\u00e9nements, de d\u00e9coration int\u00e9rieure et d'expositions.","og_url":"https:\/\/test.dagic.es\/fr\/services\/","og_site_name":"Cartonlab FR","article_modified_time":"2023-07-13T09:12:08+00:00","twitter_card":"summary_large_image","schema":{"@context":"https:\/\/schema.org","@graph":[{"@type":"WebPage","@id":"https:\/\/test.dagic.es\/fr\/services\/","url":"https:\/\/test.dagic.es\/fr\/services\/","name":"Services - Cartonlab","isPartOf":{"@id":"https:\/\/test.dagic.es\/fr\/#website"},"datePublished":"2021-01-21T20:38:12+00:00","dateModified":"2023-07-13T09:12:08+00:00","description":"D\u00e9couvrez tous les services que Cartonlab peut vous offrir en mati\u00e8re de conception de stands, d'\u00e9v\u00e9nements, de d\u00e9coration int\u00e9rieure et d'expositions.","breadcrumb":{"@id":"https:\/\/test.dagic.es\/fr\/services\/#breadcrumb"},"inLanguage":"fr-FR","potentialAction":[{"@type":"ReadAction","target":["https:\/\/test.dagic.es\/fr\/services\/"]}]},{"@type":"BreadcrumbList","@id":"https:\/\/test.dagic.es\/fr\/services\/#breadcrumb","itemListElement":[{"@type":"ListItem","position":1,"name":"Accueil","item":"https:\/\/test.dagic.es\/fr\/"},{"@type":"ListItem","position":2,"name":"Services"}]},{"@type":"WebSite","@id":"https:\/\/test.dagic.es\/fr\/#website","url":"https:\/\/test.dagic.es\/fr\/","name":"Cartonlab FR","description":"Cartonlab | Projets internationaux pour \u00e9v\u00e9nements et stands","publisher":{"@id":"https:\/\/test.dagic.es\/fr\/#organization"},"potentialAction":[{"@type":"SearchAction","target":{"@type":"EntryPoint","urlTemplate":"https:\/\/test.dagic.es\/fr\/?s={search_term_string}"},"query-input":{"@type":"PropertyValueSpecification","valueRequired":true,"valueName":"search_term_string"}}],"inLanguage":"fr-FR"},{"@type":"Organization","@id":"https:\/\/test.dagic.es\/fr\/#organization","name":"Cartonlab FR","url":"https:\/\/test.dagic.es\/fr\/","logo":{"@type":"ImageObject","inLanguage":"fr-FR","@id":"https:\/\/test.dagic.es\/fr\/#\/schema\/logo\/image\/","url":"https:\/\/test.dagic.es\/fr\/wp-content\/uploads\/sites\/5\/2023\/07\/logo.svg","contentUrl":"https:\/\/test.dagic.es\/fr\/wp-content\/uploads\/sites\/5\/2023\/07\/logo.svg","width":163,"height":44,"caption":"Cartonlab FR"},"image":{"@id":"https:\/\/test.dagic.es\/fr\/#\/schema\/logo\/image\/"}}]}},"_links":{"self":[{"href":"https:\/\/test.dagic.es\/fr\/wp-json\/wp\/v2\/pages\/18582","targetHints":{"allow":["GET"]}}],"collection":[{"href":"https:\/\/test.dagic.es\/fr\/wp-json\/wp\/v2\/pages"}],"about":[{"href":"https:\/\/test.dagic.es\/fr\/wp-json\/wp\/v2\/types\/page"}],"author":[{"embeddable":true,"href":"https:\/\/test.dagic.es\/fr\/wp-json\/wp\/v2\/users\/200"}],"replies":[{"embeddable":true,"href":"https:\/\/test.dagic.es\/fr\/wp-json\/wp\/v2\/comments?post=18582"}],"version-history":[{"count":2,"href":"https:\/\/test.dagic.es\/fr\/wp-json\/wp\/v2\/pages\/18582\/revisions"}],"predecessor-version":[{"id":25126,"href":"https:\/\/test.dagic.es\/fr\/wp-json\/wp\/v2\/pages\/18582\/revisions\/25126"}],"wp:attachment":[{"href":"https:\/\/test.dagic.es\/fr\/wp-json\/wp\/v2\/media?parent=18582"}],"curies":[{"name":"wp","href":"https:\/\/api.w.org\/{rel}","templated":true}]}}